{"id":35475,"date":"2026-05-11T11:12:48","date_gmt":"2026-05-11T09:12:48","guid":{"rendered":"https:\/\/michaelbarnaart.com\/?post_type=product&#038;p=35475"},"modified":"2026-05-11T12:42:22","modified_gmt":"2026-05-11T10:42:22","slug":"speculoosmoulin","status":"publish","type":"product","link":"https:\/\/michaelbarnaart.com\/fr\/produit\/speculoosmoulin\/","title":{"rendered":"Sp\u00e9culoos Moulin \u00e0 Vent broche (num\u00e9rot\u00e9e)"},"content":{"rendered":"<div id=\"tab-product-description\" class=\"ui-tabs-panel ui-widget-content ui-corner-bottom\" role=\"tabpanel\">\n<div class=\"description\">\n<p>La broche Sp\u00e9culoos Moulin \u00e0 Vent est une combinaison dor\u00e9e entre le moulin n\u00e9erlandais et le traditionnel biscuit sp\u00e9culoos. Avec des ailes qui tournent vraiment ! <\/p>\n<p data-end=\"1025\" data-start=\"830\">Chaque broche porte un num\u00e9ro unique, est dot\u00e9e d&#8217;une attache \u00e0 \u00e9pingle et est livr\u00e9e dans un coffret cadeau.<\/p>\n<p>Taille: 28,5 mm x 41 mm<br \/>\nMat\u00e9riau : m\u00e9tal<br \/>\nFermeture : \u00e9pingle avec fermeture en caoutchouc<\/p>\n<\/div>\n<\/div>\n","protected":false},"excerpt":{"rendered":"<p>La broche Sp\u00e9culoos Moulin \u00e0 Vent est une combinaison dor\u00e9e entre le moulin n\u00e9erlandais et le traditionnel biscuit sp\u00e9culoos. Avec des ailes qui tournent vraiment ! Chaque broche porte un num\u00e9ro unique, est dot\u00e9e d&#8217;une attache \u00e0 \u00e9pingle et est livr\u00e9e dans un coffret cadeau. Taille: 28,5 mm x 41 mm Mat\u00e9riau : m\u00e9tal Fermeture&hellip;<\/p>\n","protected":false},"featured_media":35481,"template":"","meta":{"_acf_changed":false},"product_brand":[],"product_cat":[1144,1143,1105],"product_tag":[],"class_list":{"0":"post-35475","1":"product","2":"type-product","3":"status-publish","4":"has-post-thumbnail","6":"product_cat-accueil","7":"product_cat-broches","8":"product_cat-tout","10":"first","11":"instock","12":"shipping-taxable","13":"purchasable","14":"product-type-simple","16":"catalog-layout-default","17":"columns-xs-2"},"acf":[],"_links":{"self":[{"href":"https:\/\/michaelbarnaart.com\/fr\/wp-json\/wp\/v2\/product\/35475","targetHints":{"allow":["GET"]}}],"collection":[{"href":"https:\/\/michaelbarnaart.com\/fr\/wp-json\/wp\/v2\/product"}],"about":[{"href":"https:\/\/michaelbarnaart.com\/fr\/wp-json\/wp\/v2\/types\/product"}],"wp:featuredmedia":[{"embeddable":true,"href":"https:\/\/michaelbarnaart.com\/fr\/wp-json\/wp\/v2\/media\/35481"}],"wp:attachment":[{"href":"https:\/\/michaelbarnaart.com\/fr\/wp-json\/wp\/v2\/media?parent=35475"}],"wp:term":[{"taxonomy":"product_brand","embeddable":true,"href":"https:\/\/michaelbarnaart.com\/fr\/wp-json\/wp\/v2\/product_brand?post=35475"},{"taxonomy":"product_cat","embeddable":true,"href":"https:\/\/michaelbarnaart.com\/fr\/wp-json\/wp\/v2\/product_cat?post=35475"},{"taxonomy":"product_tag","embeddable":true,"href":"https:\/\/michaelbarnaart.com\/fr\/wp-json\/wp\/v2\/product_tag?post=35475"}],"curies":[{"name":"wp","href":"https:\/\/api.w.org\/{rel}","templated":true}]}}