{"id":35453,"date":"2026-05-11T10:48:57","date_gmt":"2026-05-11T08:48:57","guid":{"rendered":"https:\/\/michaelbarnaart.com\/?post_type=product&#038;p=35453"},"modified":"2026-05-11T12:47:17","modified_gmt":"2026-05-11T10:47:17","slug":"folkfloralehollandaise","status":"publish","type":"product","link":"https:\/\/michaelbarnaart.com\/fr\/produit\/folkfloralehollandaise\/","title":{"rendered":"Folk Florale Hollandaise broche"},"content":{"rendered":"<div id=\"tab-product-description\" class=\"ui-tabs-panel ui-widget-content ui-corner-bottom\" role=\"tabpanel\">\n<div class=\"description\">\n<p>Folk Florale Hollandaise se compose de trois broches individuelles. Chaque broche s&#8217;inspire d&#8217;un \u00e9l\u00e9ment du motif embl\u00e9matique Boerenbont, ce qui vous permet de cr\u00e9er vous-m\u00eame une nouvelle composition. <\/p>\n<p data-end=\"1025\" data-start=\"830\">Les broches sont munies d&#8217;une attache \u00e0 \u00e9pingle et sont livr\u00e9es dans un coffret cadeau.<\/p>\n<p>Tailles: 20 mm x 25 mm, 27 mm x 31,5 mm et 23,5 mm x 15 mm<br \/>\nMat\u00e9riau : m\u00e9tal avec couleurs \u00e9maill\u00e9es<br \/>\nFermeture : \u00e9pingle avec fermeture en caoutchouc<\/p>\n<\/div>\n<\/div>\n","protected":false},"excerpt":{"rendered":"<p>Folk Florale Hollandaise se compose de trois broches individuelles. Chaque broche s&#8217;inspire d&#8217;un \u00e9l\u00e9ment du motif embl\u00e9matique Boerenbont, ce qui vous permet de cr\u00e9er vous-m\u00eame une nouvelle composition. Les broches sont munies d&#8217;une attache \u00e0 \u00e9pingle et sont livr\u00e9es dans un coffret cadeau. Tailles: 20 mm x 25 mm, 27 mm x 31,5 mm et&hellip;<\/p>\n","protected":false},"featured_media":35472,"template":"","meta":{"_acf_changed":false},"product_brand":[],"product_cat":[1144,1143,1105],"product_tag":[],"class_list":{"0":"post-35453","1":"product","2":"type-product","3":"status-publish","4":"has-post-thumbnail","6":"product_cat-accueil","7":"product_cat-broches","8":"product_cat-tout","10":"first","11":"instock","12":"shipping-taxable","13":"purchasable","14":"product-type-simple","16":"catalog-layout-default","17":"columns-xs-2"},"acf":[],"_links":{"self":[{"href":"https:\/\/michaelbarnaart.com\/fr\/wp-json\/wp\/v2\/product\/35453","targetHints":{"allow":["GET"]}}],"collection":[{"href":"https:\/\/michaelbarnaart.com\/fr\/wp-json\/wp\/v2\/product"}],"about":[{"href":"https:\/\/michaelbarnaart.com\/fr\/wp-json\/wp\/v2\/types\/product"}],"wp:featuredmedia":[{"embeddable":true,"href":"https:\/\/michaelbarnaart.com\/fr\/wp-json\/wp\/v2\/media\/35472"}],"wp:attachment":[{"href":"https:\/\/michaelbarnaart.com\/fr\/wp-json\/wp\/v2\/media?parent=35453"}],"wp:term":[{"taxonomy":"product_brand","embeddable":true,"href":"https:\/\/michaelbarnaart.com\/fr\/wp-json\/wp\/v2\/product_brand?post=35453"},{"taxonomy":"product_cat","embeddable":true,"href":"https:\/\/michaelbarnaart.com\/fr\/wp-json\/wp\/v2\/product_cat?post=35453"},{"taxonomy":"product_tag","embeddable":true,"href":"https:\/\/michaelbarnaart.com\/fr\/wp-json\/wp\/v2\/product_tag?post=35453"}],"curies":[{"name":"wp","href":"https:\/\/api.w.org\/{rel}","templated":true}]}}