{"id":35149,"date":"2026-04-07T11:53:30","date_gmt":"2026-04-07T09:53:30","guid":{"rendered":"https:\/\/michaelbarnaart.com\/?post_type=product&#038;p=35149"},"modified":"2026-04-07T12:30:58","modified_gmt":"2026-04-07T10:30:58","slug":"montgolfiereclassique","status":"publish","type":"product","link":"https:\/\/michaelbarnaart.com\/fr\/produit\/montgolfiereclassique\/","title":{"rendered":"La Montgolfi\u00e8re Classique (num\u00e9rot\u00e9e)"},"content":{"rendered":"<div id=\"tab-product-description\" class=\"ui-tabs-panel ui-widget-content ui-corner-bottom\" role=\"tabpanel\">\n<div class=\"description\">\n<p class=\"font-claude-response-body break-words whitespace-normal leading-[1.7]\">Apr\u00e8s le premier vol r\u00e9ussi des fr\u00e8res Montgolfier en 1783, une v\u00e9ritable engouement pour les montgolfi\u00e8res s&#8217;est empar\u00e9 de la France. Sur les papiers peints, les tissus, la porcelaine, les bijoux, les v\u00eatements et les chapeaux : en l&#8217;espace de quelques mois, on voyait des images de montgolfi\u00e8res partout. Un v\u00e9ritable symbole de modernit\u00e9 et de progr\u00e8s !<\/p>\n<p class=\"font-claude-response-body break-words whitespace-normal leading-[1.7]\">En hommage \u00e0 ces fr\u00e8res ing\u00e9nieux, j&#8217;ai cr\u00e9\u00e9 cette broche en forme de montgolfi\u00e8re.<\/p>\n<p data-end=\"1025\" data-start=\"830\">Les broches sont num\u00e9rot\u00e9es, \u00e9quip\u00e9es d\u2019une fermeture magn\u00e9tique et livr\u00e9es dans un \u00e9crin cadeau.<\/p>\n<p>Taille: 27,5 mm x 45 mm<br \/>\nMat\u00e9riau : m\u00e9tal avec couleurs \u00e9maill\u00e9es<br \/>\nFermeture : grand aimant<\/p>\n<p>Ne pas utiliser en association avec un stimulateur cardiaque.<\/p>\n<\/div>\n<\/div>\n","protected":false},"excerpt":{"rendered":"<p>Apr\u00e8s le premier vol r\u00e9ussi des fr\u00e8res Montgolfier en 1783, une v\u00e9ritable engouement pour les montgolfi\u00e8res s&#8217;est empar\u00e9 de la France. Sur les papiers peints, les tissus, la porcelaine, les bijoux, les v\u00eatements et les chapeaux : en l&#8217;espace de quelques mois, on voyait des images de montgolfi\u00e8res partout. Un v\u00e9ritable symbole de modernit\u00e9 et&hellip;<\/p>\n","protected":false},"featured_media":35179,"template":"","meta":{"_acf_changed":false},"product_brand":[],"product_cat":[1144,1143,1105],"product_tag":[],"class_list":{"0":"post-35149","1":"product","2":"type-product","3":"status-publish","4":"has-post-thumbnail","6":"product_cat-accueil","7":"product_cat-broches","8":"product_cat-tout","10":"first","11":"instock","12":"shipping-taxable","13":"purchasable","14":"product-type-simple","16":"catalog-layout-default","17":"columns-xs-2"},"acf":[],"_links":{"self":[{"href":"https:\/\/michaelbarnaart.com\/fr\/wp-json\/wp\/v2\/product\/35149","targetHints":{"allow":["GET"]}}],"collection":[{"href":"https:\/\/michaelbarnaart.com\/fr\/wp-json\/wp\/v2\/product"}],"about":[{"href":"https:\/\/michaelbarnaart.com\/fr\/wp-json\/wp\/v2\/types\/product"}],"wp:featuredmedia":[{"embeddable":true,"href":"https:\/\/michaelbarnaart.com\/fr\/wp-json\/wp\/v2\/media\/35179"}],"wp:attachment":[{"href":"https:\/\/michaelbarnaart.com\/fr\/wp-json\/wp\/v2\/media?parent=35149"}],"wp:term":[{"taxonomy":"product_brand","embeddable":true,"href":"https:\/\/michaelbarnaart.com\/fr\/wp-json\/wp\/v2\/product_brand?post=35149"},{"taxonomy":"product_cat","embeddable":true,"href":"https:\/\/michaelbarnaart.com\/fr\/wp-json\/wp\/v2\/product_cat?post=35149"},{"taxonomy":"product_tag","embeddable":true,"href":"https:\/\/michaelbarnaart.com\/fr\/wp-json\/wp\/v2\/product_tag?post=35149"}],"curies":[{"name":"wp","href":"https:\/\/api.w.org\/{rel}","templated":true}]}}