{"id":34962,"date":"2026-03-18T13:31:52","date_gmt":"2026-03-18T12:31:52","guid":{"rendered":"https:\/\/michaelbarnaart.com\/?post_type=product&#038;p=34962"},"modified":"2026-03-18T14:28:39","modified_gmt":"2026-03-18T13:28:39","slug":"fermetureclassique","status":"publish","type":"product","link":"https:\/\/michaelbarnaart.com\/fr\/produit\/fermetureclassique\/","title":{"rendered":"Fermeture de broche avec \u00e9pingle"},"content":{"rendered":"<p>Vous souhaitez porter votre broche magn\u00e9tique sur des tissus plus \u00e9pais, ou craignez-vous de la perdre ? Pas de probl\u00e8me ! Avec cette fermeture classique, transformez facilement votre broche magn\u00e9tique en broche traditionnelle avec \u00e9pingle. Comprend une bande adh\u00e9sive pratique pour fixer la fermeture sur votre broche en m\u00e9tal !<\/p>\n<p>1. Nettoyez d&#8217;abord le dos de votre broche : il doit \u00eatre sec, sans poussi\u00e8re et d\u00e9graiss\u00e9. Pour d\u00e9graisser, un peu de liquide vaisselle et d&#8217;eau suffisent.<br \/>\n2. Retirez le film protecteur blanc de la bande adh\u00e9sive et collez soigneusement la fermeture sur le dos de la broche. Appuyez fermement pendant au moins 20 secondes.<br \/>\nApr\u00e8s 72 heures, la bande adh\u00e9sive atteint sa force de collage maximale d&#8217;environ 4 kg, mais vous pouvez utiliser votre broche imm\u00e9diatement si n\u00e9cessaire.<br \/>\n3. Pour retirer la fermeture, tirez-la simplement avec une certaine force pour la d\u00e9tacher de la broche.<\/p>\n","protected":false},"excerpt":{"rendered":"<p>Vous souhaitez porter votre broche magn\u00e9tique sur des tissus plus \u00e9pais, ou craignez-vous de la perdre ? Pas de probl\u00e8me ! Avec cette fermeture classique, transformez facilement votre broche magn\u00e9tique en broche traditionnelle avec \u00e9pingle. Comprend une bande adh\u00e9sive pratique pour fixer la fermeture sur votre broche en m\u00e9tal ! 1. Nettoyez d&#8217;abord le dos&hellip;<\/p>\n","protected":false},"featured_media":34993,"template":"","meta":{"_acf_changed":false},"product_brand":[],"product_cat":[1143],"product_tag":[],"class_list":{"0":"post-34962","1":"product","2":"type-product","3":"status-publish","4":"has-post-thumbnail","6":"product_cat-broches","8":"first","9":"instock","10":"shipping-taxable","11":"purchasable","12":"product-type-simple","14":"catalog-layout-default","15":"columns-xs-2"},"acf":[],"_links":{"self":[{"href":"https:\/\/michaelbarnaart.com\/fr\/wp-json\/wp\/v2\/product\/34962","targetHints":{"allow":["GET"]}}],"collection":[{"href":"https:\/\/michaelbarnaart.com\/fr\/wp-json\/wp\/v2\/product"}],"about":[{"href":"https:\/\/michaelbarnaart.com\/fr\/wp-json\/wp\/v2\/types\/product"}],"wp:featuredmedia":[{"embeddable":true,"href":"https:\/\/michaelbarnaart.com\/fr\/wp-json\/wp\/v2\/media\/34993"}],"wp:attachment":[{"href":"https:\/\/michaelbarnaart.com\/fr\/wp-json\/wp\/v2\/media?parent=34962"}],"wp:term":[{"taxonomy":"product_brand","embeddable":true,"href":"https:\/\/michaelbarnaart.com\/fr\/wp-json\/wp\/v2\/product_brand?post=34962"},{"taxonomy":"product_cat","embeddable":true,"href":"https:\/\/michaelbarnaart.com\/fr\/wp-json\/wp\/v2\/product_cat?post=34962"},{"taxonomy":"product_tag","embeddable":true,"href":"https:\/\/michaelbarnaart.com\/fr\/wp-json\/wp\/v2\/product_tag?post=34962"}],"curies":[{"name":"wp","href":"https:\/\/api.w.org\/{rel}","templated":true}]}}