{"id":34659,"date":"2026-03-05T14:41:13","date_gmt":"2026-03-05T13:41:13","guid":{"rendered":"https:\/\/michaelbarnaart.com\/?post_type=product&#038;p=34659"},"modified":"2026-03-05T17:08:19","modified_gmt":"2026-03-05T16:08:19","slug":"vive","status":"publish","type":"product","link":"https:\/\/michaelbarnaart.com\/fr\/produit\/vive\/","title":{"rendered":"Vive &#8211; robe fourreau"},"content":{"rendered":"<p>Le pavot dor\u00e9 est \u00e0 l&#8217;origine de ce mod\u00e8le. Cette fleur est \u00e0 la fois graphique et d\u00e9licate. Elle a inspir\u00e9 Michael Barnaart pour cr\u00e9er un nouveau motif \u00e0 partir duquel il a con\u00e7u cette \u00e9l\u00e9gante robe fourreau.   Ce mod\u00e8le est enti\u00e8rement fabriqu\u00e9 aux Pays-Bas.<\/p>\n<p>Le haut est finement tricot\u00e9. Le bas de la robe est en double tricot et donc plus \u00e9pais en tissu. Cela garantit que la robe est id\u00e9ale pour toutes les saisons et que la partie jupe est agr\u00e9able et lisse.<\/p>\n<p><em>Motif : <\/em>pavot dor\u00e9<\/p>\n<p><em>Couleur : <\/em>bleu marine avec orange cognac<\/p>\n<p><em>Mod\u00e8le :<\/em> 175 cm et portant la taille 36<\/p>\n<p><em>Production:<\/em> durable et traditionnelle aux Pays-Bas<\/p>\n<p><em>Mati\u00e8re:<\/em> 50% coton, 50% acrylique<\/p>\n<p><em>Conseils de lavage:<\/em> laver \u00e0 30 degr\u00e9s<\/p>\n<p><img loading=\"lazy\" decoding=\"async\" class=\"alignnone size-full wp-image-1751\" src=\"https:\/\/michaelbarnaart.com\/wp-content\/uploads\/2018\/02\/12.png\" alt=\"\" width=\"25\" height=\"25\" srcset=\"https:\/\/michaelbarnaart.com\/wp-content\/uploads\/2018\/02\/12.png 25w, https:\/\/michaelbarnaart.com\/wp-content\/uploads\/2018\/02\/12-20x20.png 20w\" sizes=\"auto, (max-width: 25px) 100vw, 25px\" \/> Haut tricot\u00e9 simple, bas tricot\u00e9 double<\/p>\n<p><a href=\"https:\/\/michaelbarnaart.com\/wp-content\/uploads\/2018\/02\/flared.png\"><img loading=\"lazy\" decoding=\"async\" class=\"alignnone size-full wp-image-1752\" src=\"https:\/\/michaelbarnaart.com\/wp-content\/uploads\/2018\/02\/flared.png\" alt=\"\" width=\"25\" height=\"25\" srcset=\"https:\/\/michaelbarnaart.com\/wp-content\/uploads\/2018\/02\/flared.png 25w, https:\/\/michaelbarnaart.com\/wp-content\/uploads\/2018\/02\/flared-20x20.png 20w\" sizes=\"auto, (max-width: 25px) 100vw, 25px\" \/><\/a> Robe \u00e9vas\u00e9e<\/p>\n<p><a href=\"https:\/\/michaelbarnaart.com\/fr\/service-clientele\/\" target=\"_blank\" rel=\"noopener\">Pour plus d&#8217;informations sur les tailles et les coupes, cliquez ici.<\/a><\/p>\n","protected":false},"excerpt":{"rendered":"<p>Le pavot dor\u00e9 est \u00e0 l&#8217;origine de ce mod\u00e8le. Cette fleur est \u00e0 la fois graphique et d\u00e9licate. Elle a inspir\u00e9 Michael Barnaart pour cr\u00e9er un nouveau motif \u00e0 partir duquel il a con\u00e7u cette \u00e9l\u00e9gante robe fourreau. Ce mod\u00e8le est enti\u00e8rement fabriqu\u00e9 aux Pays-Bas. Le haut est finement tricot\u00e9. Le bas de la robe&hellip;<\/p>\n","protected":false},"featured_media":34683,"template":"","meta":{"_acf_changed":false},"product_brand":[],"product_cat":[1128,1129,1116,1106,1105,1122],"product_tag":[],"class_list":{"0":"post-34659","1":"product","2":"type-product","3":"status-publish","4":"has-post-thumbnail","6":"product_cat-moitie-tricote-simple-moitie-tricote-double","7":"product_cat-robe-fourreau","8":"product_cat-robes","9":"product_cat-saison","10":"product_cat-tout","11":"product_cat-tricots","12":"pa_maat-34-fr","13":"pa_maat-36-fr","14":"pa_maat-38-fr","15":"pa_maat-40-fr","16":"pa_maat-42-fr","17":"pa_maat-44-fr","19":"first","20":"instock","21":"shipping-taxable","22":"purchasable","23":"product-type-variable","25":"catalog-layout-default","26":"columns-xs-2"},"acf":[],"_links":{"self":[{"href":"https:\/\/michaelbarnaart.com\/fr\/wp-json\/wp\/v2\/product\/34659","targetHints":{"allow":["GET"]}}],"collection":[{"href":"https:\/\/michaelbarnaart.com\/fr\/wp-json\/wp\/v2\/product"}],"about":[{"href":"https:\/\/michaelbarnaart.com\/fr\/wp-json\/wp\/v2\/types\/product"}],"wp:featuredmedia":[{"embeddable":true,"href":"https:\/\/michaelbarnaart.com\/fr\/wp-json\/wp\/v2\/media\/34683"}],"wp:attachment":[{"href":"https:\/\/michaelbarnaart.com\/fr\/wp-json\/wp\/v2\/media?parent=34659"}],"wp:term":[{"taxonomy":"product_brand","embeddable":true,"href":"https:\/\/michaelbarnaart.com\/fr\/wp-json\/wp\/v2\/product_brand?post=34659"},{"taxonomy":"product_cat","embeddable":true,"href":"https:\/\/michaelbarnaart.com\/fr\/wp-json\/wp\/v2\/product_cat?post=34659"},{"taxonomy":"product_tag","embeddable":true,"href":"https:\/\/michaelbarnaart.com\/fr\/wp-json\/wp\/v2\/product_tag?post=34659"}],"curies":[{"name":"wp","href":"https:\/\/api.w.org\/{rel}","templated":true}]}}