{"id":34488,"date":"2026-02-17T14:45:23","date_gmt":"2026-02-17T13:45:23","guid":{"rendered":"https:\/\/michaelbarnaart.com\/?post_type=product&#038;p=34488"},"modified":"2026-02-18T13:47:07","modified_gmt":"2026-02-18T12:47:07","slug":"violette","status":"publish","type":"product","link":"https:\/\/michaelbarnaart.com\/fr\/produit\/violette\/","title":{"rendered":"Dick Bruna broche La Violette (num\u00e9rot\u00e9e)"},"content":{"rendered":"<div id=\"tab-product-description\" class=\"ui-tabs-panel ui-widget-content ui-corner-bottom\" role=\"tabpanel\">\n<div class=\"description\">\n<p data-end=\"314\" data-start=\"97\"><strong>Dick Bruna, l\u2019illustrateur n\u00e9erlandais de Miffy, a publi\u00e9 en 1975 le Bloemenboek (Livre des Fleurs). Michael Barnaart a s\u00e9lectionn\u00e9 trois et les ai transform\u00e9es en broches \u00e9maill\u00e9es : le coquelicot, la marguerite et la violette. Chaque broche est r\u00e9alis\u00e9e en \u00e9dition limit\u00e9e de 350 exemplaires.  <\/strong><\/p>\n<p data-end=\"1025\" data-start=\"830\">Les broches sont num\u00e9rot\u00e9es, \u00e9quip\u00e9es d\u2019une fermeture magn\u00e9tique et livr\u00e9es dans un \u00e9crin cadeau.<\/p>\n<p>Taille: 44 mm x 51 mm<br \/>\nMat\u00e9riau : m\u00e9tal avec couleurs \u00e9maill\u00e9es<br \/>\nFermeture : grand aimant<\/p>\n<p>Ne pas utiliser en association avec un stimulateur cardiaque.<\/p>\n<p>Illustrations Dick Bruna \u00a9 copyright Mercis bv, 1953-2026<\/p>\n<\/div>\n<\/div>\n","protected":false},"excerpt":{"rendered":"<p>Dick Bruna, l\u2019illustrateur n\u00e9erlandais de Miffy, a publi\u00e9 en 1975 le Bloemenboek (Livre des Fleurs). Michael Barnaart a s\u00e9lectionn\u00e9 trois et les ai transform\u00e9es en broches \u00e9maill\u00e9es : le coquelicot, la marguerite et la violette. Chaque broche est r\u00e9alis\u00e9e en \u00e9dition limit\u00e9e de 350 exemplaires. Les broches sont num\u00e9rot\u00e9es, \u00e9quip\u00e9es d\u2019une fermeture magn\u00e9tique et livr\u00e9es&hellip;<\/p>\n","protected":false},"featured_media":34503,"template":"","meta":{"_acf_changed":false},"product_brand":[],"product_cat":[1144,1143,1105],"product_tag":[],"class_list":{"0":"post-34488","1":"product","2":"type-product","3":"status-publish","4":"has-post-thumbnail","6":"product_cat-accueil","7":"product_cat-broches","8":"product_cat-tout","10":"first","11":"instock","12":"shipping-taxable","13":"purchasable","14":"product-type-simple","16":"catalog-layout-default","17":"columns-xs-2"},"acf":[],"_links":{"self":[{"href":"https:\/\/michaelbarnaart.com\/fr\/wp-json\/wp\/v2\/product\/34488","targetHints":{"allow":["GET"]}}],"collection":[{"href":"https:\/\/michaelbarnaart.com\/fr\/wp-json\/wp\/v2\/product"}],"about":[{"href":"https:\/\/michaelbarnaart.com\/fr\/wp-json\/wp\/v2\/types\/product"}],"wp:featuredmedia":[{"embeddable":true,"href":"https:\/\/michaelbarnaart.com\/fr\/wp-json\/wp\/v2\/media\/34503"}],"wp:attachment":[{"href":"https:\/\/michaelbarnaart.com\/fr\/wp-json\/wp\/v2\/media?parent=34488"}],"wp:term":[{"taxonomy":"product_brand","embeddable":true,"href":"https:\/\/michaelbarnaart.com\/fr\/wp-json\/wp\/v2\/product_brand?post=34488"},{"taxonomy":"product_cat","embeddable":true,"href":"https:\/\/michaelbarnaart.com\/fr\/wp-json\/wp\/v2\/product_cat?post=34488"},{"taxonomy":"product_tag","embeddable":true,"href":"https:\/\/michaelbarnaart.com\/fr\/wp-json\/wp\/v2\/product_tag?post=34488"}],"curies":[{"name":"wp","href":"https:\/\/api.w.org\/{rel}","templated":true}]}}