{"id":34312,"date":"2026-01-23T17:29:24","date_gmt":"2026-01-23T16:29:24","guid":{"rendered":"https:\/\/michaelbarnaart.com\/?post_type=product&#038;p=34312"},"modified":"2026-01-23T17:43:58","modified_gmt":"2026-01-23T16:43:58","slug":"chevalamethyst","status":"publish","type":"product","link":"https:\/\/michaelbarnaart.com\/fr\/produit\/chevalamethyst\/","title":{"rendered":"Cheval Amethyst (num\u00e9rot\u00e9e)"},"content":{"rendered":"<div id=\"tab-product-description\" class=\"ui-tabs-panel ui-widget-content ui-corner-bottom\" role=\"tabpanel\">\n<div class=\"description\">\n<p data-end=\"314\" data-start=\"97\"><strong>\u00c0 l\u2019occasion de l\u2019Ann\u00e9e du Cheval, Michael Barnaart pr\u00e9sente une nouvelle broche, disponible en deux variantes de couleur.<\/strong><\/p>\n<p data-end=\"828\" data-start=\"316\">Le cheval symbolise en 2026 la libert\u00e9, l\u2019ind\u00e9pendance, la pers\u00e9v\u00e9rance et l\u2019optimisme. Ces qualit\u00e9s ont inspir\u00e9 le design : un cheval stylis\u00e9 compos\u00e9 de formes g\u00e9om\u00e9triques puissantes, refl\u00e9tant \u00e0 la fois le mouvement et l\u2019\u00e9quilibre. \u00ab C\u2019est justement en cette p\u00e9riode que j\u2019ai voulu cr\u00e9er un design qui transmet de l\u2019\u00e9nergie positive \u00bb, d\u00e9clare Michael Barnaart. Cheval Amethyst pr\u00e9sente des nuances profondes de violet velout\u00e9 et de pourpre.<\/p>\n<p data-end=\"1025\" data-start=\"830\">Les broches sont num\u00e9rot\u00e9es, \u00e9quip\u00e9es d\u2019une fermeture magn\u00e9tique et livr\u00e9es dans un \u00e9crin cadeau.<\/p>\n<p>Taille: 33 mm x 50 mm<br \/>\nMat\u00e9riau : m\u00e9tal avec couleurs \u00e9maill\u00e9es<br \/>\nFermeture : grand aimant<\/p>\n<p>Ne pas utiliser en association avec un stimulateur cardiaque.<\/p>\n<\/div>\n<\/div>\n","protected":false},"excerpt":{"rendered":"<p>\u00c0 l\u2019occasion de l\u2019Ann\u00e9e du Cheval, Michael Barnaart pr\u00e9sente une nouvelle broche, disponible en deux variantes de couleur. Le cheval symbolise en 2026 la libert\u00e9, l\u2019ind\u00e9pendance, la pers\u00e9v\u00e9rance et l\u2019optimisme. Ces qualit\u00e9s ont inspir\u00e9 le design : un cheval stylis\u00e9 compos\u00e9 de formes g\u00e9om\u00e9triques puissantes, refl\u00e9tant \u00e0 la fois le mouvement et l\u2019\u00e9quilibre. \u00ab C\u2019est&hellip;<\/p>\n","protected":false},"featured_media":34284,"template":"","meta":{"_acf_changed":false},"product_brand":[],"product_cat":[1144,1143,1105],"product_tag":[],"class_list":{"0":"post-34312","1":"product","2":"type-product","3":"status-publish","4":"has-post-thumbnail","6":"product_cat-accueil","7":"product_cat-broches","8":"product_cat-tout","10":"first","11":"instock","12":"shipping-taxable","13":"purchasable","14":"product-type-simple","16":"catalog-layout-default","17":"columns-xs-2"},"acf":[],"_links":{"self":[{"href":"https:\/\/michaelbarnaart.com\/fr\/wp-json\/wp\/v2\/product\/34312","targetHints":{"allow":["GET"]}}],"collection":[{"href":"https:\/\/michaelbarnaart.com\/fr\/wp-json\/wp\/v2\/product"}],"about":[{"href":"https:\/\/michaelbarnaart.com\/fr\/wp-json\/wp\/v2\/types\/product"}],"wp:featuredmedia":[{"embeddable":true,"href":"https:\/\/michaelbarnaart.com\/fr\/wp-json\/wp\/v2\/media\/34284"}],"wp:attachment":[{"href":"https:\/\/michaelbarnaart.com\/fr\/wp-json\/wp\/v2\/media?parent=34312"}],"wp:term":[{"taxonomy":"product_brand","embeddable":true,"href":"https:\/\/michaelbarnaart.com\/fr\/wp-json\/wp\/v2\/product_brand?post=34312"},{"taxonomy":"product_cat","embeddable":true,"href":"https:\/\/michaelbarnaart.com\/fr\/wp-json\/wp\/v2\/product_cat?post=34312"},{"taxonomy":"product_tag","embeddable":true,"href":"https:\/\/michaelbarnaart.com\/fr\/wp-json\/wp\/v2\/product_tag?post=34312"}],"curies":[{"name":"wp","href":"https:\/\/api.w.org\/{rel}","templated":true}]}}