{"id":33938,"date":"2025-11-23T22:13:16","date_gmt":"2025-11-23T21:13:16","guid":{"rendered":"https:\/\/michaelbarnaart.com\/?post_type=product&#038;p=33938"},"modified":"2025-11-23T22:35:04","modified_gmt":"2025-11-23T21:35:04","slug":"serena","status":"publish","type":"product","link":"https:\/\/michaelbarnaart.com\/fr\/produit\/serena\/","title":{"rendered":"Serena &#8211; veste"},"content":{"rendered":"<p>La veste Serena est pr\u00e9sent\u00e9e dans un rouge chaud et est orn\u00e9e d&#8217;un motif subtil de n\u0153uds classiques. Le cardigan a des manches trois-quarts, sans fermeture ni poches.<\/p>\n<p><em>Dessin:<\/em> bows<\/p>\n<p><em>Couleur:<\/em> bordeaux avec rouge<\/p>\n<p><em>Mod\u00e8le :<\/em> 175 cm et portant la taille 36<\/p>\n<p><em>Production:<\/em> durable et traditionnelle aux Pays-Bas<\/p>\n<p><em>Mati\u00e8re:<\/em> 50% coton, 50% acrylique<\/p>\n<p><em>Conseils de lavage:<\/em> laver \u00e0 30 degr\u00e9s<\/p>\n<p><img loading=\"lazy\" decoding=\"async\" class=\"alignnone size-full wp-image-1750\" src=\"https:\/\/michaelbarnaart.com\/wp-content\/uploads\/2018\/02\/2.png\" alt=\"\" width=\"25\" height=\"25\" srcset=\"https:\/\/michaelbarnaart.com\/wp-content\/uploads\/2018\/02\/2.png 25w, https:\/\/michaelbarnaart.com\/wp-content\/uploads\/2018\/02\/2-20x20.png 20w\" sizes=\"auto, (max-width: 25px) 100vw, 25px\" \/> Double tricot<\/p>\n<p><a href=\"https:\/\/michaelbarnaart.com\/fr\/service-clientele\/\" target=\"_blank\" rel=\"noopener\">Pour plus d&#8217;informations sur les tailles et les coupes, cliquez ici.<\/a><\/p>\n","protected":false},"excerpt":{"rendered":"<p>La veste Serena est pr\u00e9sent\u00e9e dans un rouge chaud et est orn\u00e9e d&#8217;un motif subtil de n\u0153uds classiques. Le cardigan a des manches trois-quarts, sans fermeture ni poches. Dessin: bows Couleur: bordeaux avec rouge Mod\u00e8le : 175 cm et portant la taille 36 Production: durable et traditionnelle aux Pays-Bas Mati\u00e8re: 50% coton, 50% acrylique Conseils&hellip;<\/p>\n","protected":false},"featured_media":33901,"template":"","meta":{"_acf_changed":false},"product_brand":[],"product_cat":[1121,1105,1122,1123],"product_tag":[],"class_list":{"0":"post-33938","1":"product","2":"type-product","3":"status-publish","4":"has-post-thumbnail","6":"product_cat-double-tricot-tissu-epais","7":"product_cat-tout","8":"product_cat-tricots","9":"product_cat-vestes-gilets","10":"pa_maat-34-fr","11":"pa_maat-36-fr","12":"pa_maat-38-fr","13":"pa_maat-40-fr","14":"pa_maat-42-fr","15":"pa_maat-44-fr","17":"first","18":"instock","19":"shipping-taxable","20":"purchasable","21":"product-type-variable","23":"catalog-layout-default","24":"columns-xs-2"},"acf":[],"_links":{"self":[{"href":"https:\/\/michaelbarnaart.com\/fr\/wp-json\/wp\/v2\/product\/33938","targetHints":{"allow":["GET"]}}],"collection":[{"href":"https:\/\/michaelbarnaart.com\/fr\/wp-json\/wp\/v2\/product"}],"about":[{"href":"https:\/\/michaelbarnaart.com\/fr\/wp-json\/wp\/v2\/types\/product"}],"wp:featuredmedia":[{"embeddable":true,"href":"https:\/\/michaelbarnaart.com\/fr\/wp-json\/wp\/v2\/media\/33901"}],"wp:attachment":[{"href":"https:\/\/michaelbarnaart.com\/fr\/wp-json\/wp\/v2\/media?parent=33938"}],"wp:term":[{"taxonomy":"product_brand","embeddable":true,"href":"https:\/\/michaelbarnaart.com\/fr\/wp-json\/wp\/v2\/product_brand?post=33938"},{"taxonomy":"product_cat","embeddable":true,"href":"https:\/\/michaelbarnaart.com\/fr\/wp-json\/wp\/v2\/product_cat?post=33938"},{"taxonomy":"product_tag","embeddable":true,"href":"https:\/\/michaelbarnaart.com\/fr\/wp-json\/wp\/v2\/product_tag?post=33938"}],"curies":[{"name":"wp","href":"https:\/\/api.w.org\/{rel}","templated":true}]}}