{"id":33871,"date":"2025-11-23T21:51:16","date_gmt":"2025-11-23T20:51:16","guid":{"rendered":"https:\/\/michaelbarnaart.com\/?post_type=product&#038;p=33871"},"modified":"2025-11-23T22:36:11","modified_gmt":"2025-11-23T21:36:11","slug":"isadora","status":"publish","type":"product","link":"https:\/\/michaelbarnaart.com\/fr\/produit\/isadora\/","title":{"rendered":"Isadora &#8211; robe cloche"},"content":{"rendered":"<p>La robe cloche Isadora est disponible en rouge chaud et pr\u00e9sente un motif subtil de n\u0153uds classiques sur la jupe et la veste. La jupe est tricot\u00e9e en double pour un beau tomb\u00e9, tandis que le corsage est tricot\u00e9 en simple. Le ruban de taille est inclus. La robe s&#8217;enfile facilement par-dessus la t\u00eate, sans fermeture.<\/p>\n<p>D\u00e9couvrez \u00e9galement la veste assortie.<\/p>\n<p><em>Dessin:<\/em> bows<\/p>\n<p><em>Couleur:<\/em> bordeaux avec rouge<\/p>\n<p><em>Mod\u00e8le :<\/em> 175 cm et portant la taille 36<\/p>\n<p><em>Production:<\/em> durable et traditionnelle aux Pays-Bas<\/p>\n<p><em>Mati\u00e8re:<\/em> 50% coton, 50% acrylique<\/p>\n<p><em>Conseils de lavage:<\/em> laver \u00e0 30 degr\u00e9s<\/p>\n<p><img loading=\"lazy\" decoding=\"async\" class=\"alignnone size-full wp-image-1751\" src=\"https:\/\/michaelbarnaart.com\/wp-content\/uploads\/2018\/02\/12.png\" alt=\"\" width=\"25\" height=\"25\" srcset=\"https:\/\/michaelbarnaart.com\/wp-content\/uploads\/2018\/02\/12.png 25w, https:\/\/michaelbarnaart.com\/wp-content\/uploads\/2018\/02\/12-20x20.png 20w\" sizes=\"auto, (max-width: 25px) 100vw, 25px\" \/> Haut tricot\u00e9 simple, bas tricot\u00e9 double<\/p>\n<p><a href=\"https:\/\/michaelbarnaart.com\/wp-content\/uploads\/2018\/02\/flared.png\"><img loading=\"lazy\" decoding=\"async\" class=\"alignnone size-full wp-image-1752\" src=\"https:\/\/michaelbarnaart.com\/wp-content\/uploads\/2018\/02\/flared.png\" alt=\"\" width=\"25\" height=\"25\" srcset=\"https:\/\/michaelbarnaart.com\/wp-content\/uploads\/2018\/02\/flared.png 25w, https:\/\/michaelbarnaart.com\/wp-content\/uploads\/2018\/02\/flared-20x20.png 20w\" sizes=\"auto, (max-width: 25px) 100vw, 25px\" \/><\/a> Robe \u00e9vas\u00e9e<\/p>\n<p><a href=\"https:\/\/michaelbarnaart.com\/fr\/service-clientele\/\" target=\"_blank\" rel=\"noopener\">Pour plus d&#8217;informations sur les tailles et les coupes, cliquez ici.<\/a><\/p>\n","protected":false},"excerpt":{"rendered":"<p>La robe cloche Isadora est disponible en rouge chaud et pr\u00e9sente un motif subtil de n\u0153uds classiques sur la jupe et la veste. La jupe est tricot\u00e9e en double pour un beau tomb\u00e9, tandis que le corsage est tricot\u00e9 en simple. Le ruban de taille est inclus. La robe s&#8217;enfile facilement par-dessus la t\u00eate, sans&hellip;<\/p>\n","protected":false},"featured_media":33886,"template":"","meta":{"_acf_changed":false},"product_brand":[],"product_cat":[1128,1116,1106,1115,1105,1122],"product_tag":[],"class_list":{"0":"post-33871","1":"product","2":"type-product","3":"status-publish","4":"has-post-thumbnail","6":"product_cat-moitie-tricote-simple-moitie-tricote-double","7":"product_cat-robes","8":"product_cat-saison","9":"product_cat-silhouette-evasee","10":"product_cat-tout","11":"product_cat-tricots","12":"pa_maat-34-fr","13":"pa_maat-36-fr","14":"pa_maat-38-fr","15":"pa_maat-40-fr","16":"pa_maat-42-fr","17":"pa_maat-44-fr","19":"first","20":"instock","21":"shipping-taxable","22":"purchasable","23":"product-type-variable","25":"catalog-layout-default","26":"columns-xs-2"},"acf":[],"_links":{"self":[{"href":"https:\/\/michaelbarnaart.com\/fr\/wp-json\/wp\/v2\/product\/33871","targetHints":{"allow":["GET"]}}],"collection":[{"href":"https:\/\/michaelbarnaart.com\/fr\/wp-json\/wp\/v2\/product"}],"about":[{"href":"https:\/\/michaelbarnaart.com\/fr\/wp-json\/wp\/v2\/types\/product"}],"wp:featuredmedia":[{"embeddable":true,"href":"https:\/\/michaelbarnaart.com\/fr\/wp-json\/wp\/v2\/media\/33886"}],"wp:attachment":[{"href":"https:\/\/michaelbarnaart.com\/fr\/wp-json\/wp\/v2\/media?parent=33871"}],"wp:term":[{"taxonomy":"product_brand","embeddable":true,"href":"https:\/\/michaelbarnaart.com\/fr\/wp-json\/wp\/v2\/product_brand?post=33871"},{"taxonomy":"product_cat","embeddable":true,"href":"https:\/\/michaelbarnaart.com\/fr\/wp-json\/wp\/v2\/product_cat?post=33871"},{"taxonomy":"product_tag","embeddable":true,"href":"https:\/\/michaelbarnaart.com\/fr\/wp-json\/wp\/v2\/product_tag?post=33871"}],"curies":[{"name":"wp","href":"https:\/\/api.w.org\/{rel}","templated":true}]}}