{"id":33414,"date":"2025-11-14T12:00:51","date_gmt":"2025-11-14T11:00:51","guid":{"rendered":"https:\/\/michaelbarnaart.com\/?post_type=product&#038;p=33414"},"modified":"2025-10-27T16:03:40","modified_gmt":"2025-10-27T15:03:40","slug":"flechedesapin","status":"publish","type":"product","link":"https:\/\/michaelbarnaart.com\/fr\/produit\/flechedesapin\/","title":{"rendered":"Fl\u00e8che de sapin broche (numerot\u00e9e)"},"content":{"rendered":"<div id=\"tab-product-description\" class=\"ui-tabs-panel ui-widget-content ui-corner-bottom\" role=\"tabpanel\">\n<div class=\"description\">\n<p>Une broche en forme de fl\u00e8che de sapin, la pointe gracieuse du sapin de No\u00ebl. Ce design n&#8217;est pas seulement un cadeau festif, il permet \u00e9galement de compl\u00e9ter n&#8217;importe quelle tenue en un clin d&#8217;\u0153il pour les f\u00eates de No\u00ebl. Chaque broche porte un num\u00e9ro unique et est livr\u00e9e dans une bo\u00eete cadeau.<\/p>\n<p>Format : 65 mm x 18,5 mm<br \/>\nMat\u00e9riau : m\u00e9tal avec couleurs \u00e9maill\u00e9es<br \/>\nFermeture : petit aimant<\/p>\n<p>Ne pas utiliser en association avec un stimulateur cardiaque.<\/p>\n<\/div>\n<\/div>\n","protected":false},"excerpt":{"rendered":"<p>Une broche en forme de fl\u00e8che de sapin, la pointe gracieuse du sapin de No\u00ebl. Ce design n&#8217;est pas seulement un cadeau festif, il permet \u00e9galement de compl\u00e9ter n&#8217;importe quelle tenue en un clin d&#8217;\u0153il pour les f\u00eates de No\u00ebl. Chaque broche porte un num\u00e9ro unique et est livr\u00e9e dans une bo\u00eete cadeau. Format :&hellip;<\/p>\n","protected":false},"featured_media":33426,"template":"","meta":{"_acf_changed":false},"product_brand":[],"product_cat":[1144,1143,1105],"product_tag":[],"class_list":{"0":"post-33414","1":"product","2":"type-product","3":"status-publish","4":"has-post-thumbnail","6":"product_cat-accueil","7":"product_cat-broches","8":"product_cat-tout","10":"first","11":"instock","12":"shipping-taxable","13":"purchasable","14":"product-type-simple","16":"catalog-layout-default","17":"columns-xs-2"},"acf":[],"_links":{"self":[{"href":"https:\/\/michaelbarnaart.com\/fr\/wp-json\/wp\/v2\/product\/33414","targetHints":{"allow":["GET"]}}],"collection":[{"href":"https:\/\/michaelbarnaart.com\/fr\/wp-json\/wp\/v2\/product"}],"about":[{"href":"https:\/\/michaelbarnaart.com\/fr\/wp-json\/wp\/v2\/types\/product"}],"wp:featuredmedia":[{"embeddable":true,"href":"https:\/\/michaelbarnaart.com\/fr\/wp-json\/wp\/v2\/media\/33426"}],"wp:attachment":[{"href":"https:\/\/michaelbarnaart.com\/fr\/wp-json\/wp\/v2\/media?parent=33414"}],"wp:term":[{"taxonomy":"product_brand","embeddable":true,"href":"https:\/\/michaelbarnaart.com\/fr\/wp-json\/wp\/v2\/product_brand?post=33414"},{"taxonomy":"product_cat","embeddable":true,"href":"https:\/\/michaelbarnaart.com\/fr\/wp-json\/wp\/v2\/product_cat?post=33414"},{"taxonomy":"product_tag","embeddable":true,"href":"https:\/\/michaelbarnaart.com\/fr\/wp-json\/wp\/v2\/product_tag?post=33414"}],"curies":[{"name":"wp","href":"https:\/\/api.w.org\/{rel}","templated":true}]}}