{"id":33346,"date":"2025-10-22T12:00:41","date_gmt":"2025-10-22T10:00:41","guid":{"rendered":"https:\/\/michaelbarnaart.com\/?post_type=product&#038;p=33346"},"modified":"2025-10-14T13:29:27","modified_gmt":"2025-10-14T11:29:27","slug":"liliosa","status":"publish","type":"product","link":"https:\/\/michaelbarnaart.com\/fr\/produit\/liliosa\/","title":{"rendered":"Liliosa &#8211; veste"},"content":{"rendered":"<p>Veste Liliosa avec un motif de roses tricot\u00e9, dans lequel des photos de roses ont \u00e9t\u00e9 transform\u00e9es en un motif de tricot unique : une magnifique combinaison de classique et de moderne ! Les couleurs sont bleu fonc\u00e9 profond, framboise, noir et bordeaux. Le tissu est joliment tricot\u00e9 (quatre couches de couleur), ce qui lui conf\u00e8re un tomb\u00e9 magnifique, lourd et souple. Le cardigan a des manches trois-quarts, sans fermeture ni poches.   Le cardigan a des manches trois-quarts, sans fermeture ni poches.<\/p>\n<p><em>Dessin:<\/em> rose<\/p>\n<p>Couleur : bleu fonc\u00e9, framboise, noir et vino<\/p>\n<p><em>Mod\u00e8le :<\/em> 175 cm et portant la taille 36<\/p>\n<p><em>Production:<\/em> durable et traditionnelle aux Pays-Bas<\/p>\n<p><em>Mati\u00e8re:<\/em> 50% coton, 50% acrylique<\/p>\n<p><em>Conseils de lavage:<\/em> laver \u00e0 30 degr\u00e9s<\/p>\n<p><img loading=\"lazy\" decoding=\"async\" class=\"alignnone size-full wp-image-1750\" src=\"https:\/\/michaelbarnaart.com\/wp-content\/uploads\/2018\/02\/2.png\" alt=\"\" width=\"25\" height=\"25\" srcset=\"https:\/\/michaelbarnaart.com\/wp-content\/uploads\/2018\/02\/2.png 25w, https:\/\/michaelbarnaart.com\/wp-content\/uploads\/2018\/02\/2-20x20.png 20w\" sizes=\"auto, (max-width: 25px) 100vw, 25px\" \/> Double tricot<\/p>\n<p><a href=\"https:\/\/michaelbarnaart.com\/fr\/service-clientele\/\" target=\"_blank\" rel=\"noopener\">Pour plus d&#8217;informations sur les tailles et les coupes, cliquez ici.<\/a><\/p>\n","protected":false},"excerpt":{"rendered":"<p>Veste Liliosa avec un motif de roses tricot\u00e9, dans lequel des photos de roses ont \u00e9t\u00e9 transform\u00e9es en un motif de tricot unique : une magnifique combinaison de classique et de moderne ! Les couleurs sont bleu fonc\u00e9 profond, framboise, noir et bordeaux. Le tissu est joliment tricot\u00e9 (quatre couches de couleur), ce qui lui&hellip;<\/p>\n","protected":false},"featured_media":33316,"template":"","meta":{"_acf_changed":false},"product_brand":[],"product_cat":[1121,1105,1122,1123],"product_tag":[],"class_list":{"0":"post-33346","1":"product","2":"type-product","3":"status-publish","4":"has-post-thumbnail","6":"product_cat-double-tricot-tissu-epais","7":"product_cat-tout","8":"product_cat-tricots","9":"product_cat-vestes-gilets","10":"pa_maat-36-fr","11":"pa_maat-38-fr","12":"pa_maat-40-fr","13":"pa_maat-42-fr","14":"pa_maat-44-fr","16":"first","17":"instock","18":"shipping-taxable","19":"purchasable","20":"product-type-variable","22":"catalog-layout-default","23":"columns-xs-2"},"acf":[],"_links":{"self":[{"href":"https:\/\/michaelbarnaart.com\/fr\/wp-json\/wp\/v2\/product\/33346","targetHints":{"allow":["GET"]}}],"collection":[{"href":"https:\/\/michaelbarnaart.com\/fr\/wp-json\/wp\/v2\/product"}],"about":[{"href":"https:\/\/michaelbarnaart.com\/fr\/wp-json\/wp\/v2\/types\/product"}],"wp:featuredmedia":[{"embeddable":true,"href":"https:\/\/michaelbarnaart.com\/fr\/wp-json\/wp\/v2\/media\/33316"}],"wp:attachment":[{"href":"https:\/\/michaelbarnaart.com\/fr\/wp-json\/wp\/v2\/media?parent=33346"}],"wp:term":[{"taxonomy":"product_brand","embeddable":true,"href":"https:\/\/michaelbarnaart.com\/fr\/wp-json\/wp\/v2\/product_brand?post=33346"},{"taxonomy":"product_cat","embeddable":true,"href":"https:\/\/michaelbarnaart.com\/fr\/wp-json\/wp\/v2\/product_cat?post=33346"},{"taxonomy":"product_tag","embeddable":true,"href":"https:\/\/michaelbarnaart.com\/fr\/wp-json\/wp\/v2\/product_tag?post=33346"}],"curies":[{"name":"wp","href":"https:\/\/api.w.org\/{rel}","templated":true}]}}