{"id":33277,"date":"2025-10-22T12:00:26","date_gmt":"2025-10-22T10:00:26","guid":{"rendered":"https:\/\/michaelbarnaart.com\/?post_type=product&#038;p=33277"},"modified":"2025-10-14T13:29:47","modified_gmt":"2025-10-14T11:29:47","slug":"rosalba","status":"publish","type":"product","link":"https:\/\/michaelbarnaart.com\/fr\/produit\/rosalba\/","title":{"rendered":"Rosalba &#8211; robe cloche"},"content":{"rendered":"<p>Robe cloche Rosalba avec un motif de roses tricot\u00e9, dans lequel des photos de roses ont \u00e9t\u00e9 transform\u00e9es en un motif de tricot unique : une magnifique combinaison de classique et de moderne ! Les couleurs sont bleu fonc\u00e9 profond, framboise, noir et bordeaux. Le corsage est tricot\u00e9 en simple, tandis que la jupe est \u00e9paisse (quatre couches de couleur), ce qui lui conf\u00e8re un tomb\u00e9 magnifique, lourd et souple.   Le ruban de taille est inclus. La robe s&#8217;enfile facilement par-dessus la t\u00eate, sans fermeture.<\/p>\n<p><em>Dessin:<\/em> rose<\/p>\n<p>Couleur : bleu fonc\u00e9, framboise, noir et vino<\/p>\n<p><em>Mod\u00e8le :<\/em> 175 cm et portant la taille 36<\/p>\n<p><em>Production:<\/em> durable et traditionnelle aux Pays-Bas<\/p>\n<p><em>Mati\u00e8re:<\/em> 50% coton, 50% acrylique<\/p>\n<p><em>Conseils de lavage:<\/em> laver \u00e0 30 degr\u00e9s<\/p>\n<p><img loading=\"lazy\" decoding=\"async\" class=\"alignnone size-full wp-image-1751\" src=\"https:\/\/michaelbarnaart.com\/wp-content\/uploads\/2018\/02\/12.png\" alt=\"\" width=\"25\" height=\"25\" srcset=\"https:\/\/michaelbarnaart.com\/wp-content\/uploads\/2018\/02\/12.png 25w, https:\/\/michaelbarnaart.com\/wp-content\/uploads\/2018\/02\/12-20x20.png 20w\" sizes=\"auto, (max-width: 25px) 100vw, 25px\" \/> Haut tricot\u00e9 simple, bas tricot\u00e9 double<\/p>\n<p><a href=\"https:\/\/michaelbarnaart.com\/wp-content\/uploads\/2018\/02\/flared.png\"><img loading=\"lazy\" decoding=\"async\" class=\"alignnone size-full wp-image-1752\" src=\"https:\/\/michaelbarnaart.com\/wp-content\/uploads\/2018\/02\/flared.png\" alt=\"\" width=\"25\" height=\"25\" srcset=\"https:\/\/michaelbarnaart.com\/wp-content\/uploads\/2018\/02\/flared.png 25w, https:\/\/michaelbarnaart.com\/wp-content\/uploads\/2018\/02\/flared-20x20.png 20w\" sizes=\"auto, (max-width: 25px) 100vw, 25px\" \/><\/a> Robe \u00e9vas\u00e9e<\/p>\n<p><a href=\"https:\/\/michaelbarnaart.com\/fr\/service-clientele\/\" target=\"_blank\" rel=\"noopener\">Pour plus d&#8217;informations sur les tailles et les coupes, cliquez ici.<\/a><\/p>\n","protected":false},"excerpt":{"rendered":"<p>Robe cloche Rosalba avec un motif de roses tricot\u00e9, dans lequel des photos de roses ont \u00e9t\u00e9 transform\u00e9es en un motif de tricot unique : une magnifique combinaison de classique et de moderne ! Les couleurs sont bleu fonc\u00e9 profond, framboise, noir et bordeaux. Le corsage est tricot\u00e9 en simple, tandis que la jupe est&hellip;<\/p>\n","protected":false},"featured_media":33301,"template":"","meta":{"_acf_changed":false},"product_brand":[],"product_cat":[1128,1116,1106,1115,1105,1122],"product_tag":[],"class_list":{"0":"post-33277","1":"product","2":"type-product","3":"status-publish","4":"has-post-thumbnail","6":"product_cat-moitie-tricote-simple-moitie-tricote-double","7":"product_cat-robes","8":"product_cat-saison","9":"product_cat-silhouette-evasee","10":"product_cat-tout","11":"product_cat-tricots","12":"pa_maat-34-fr","13":"pa_maat-36-fr","14":"pa_maat-38-fr","15":"pa_maat-40-fr","16":"pa_maat-42-fr","17":"pa_maat-44-fr","19":"first","20":"instock","21":"shipping-taxable","22":"purchasable","23":"product-type-variable","25":"catalog-layout-default","26":"columns-xs-2"},"acf":[],"_links":{"self":[{"href":"https:\/\/michaelbarnaart.com\/fr\/wp-json\/wp\/v2\/product\/33277","targetHints":{"allow":["GET"]}}],"collection":[{"href":"https:\/\/michaelbarnaart.com\/fr\/wp-json\/wp\/v2\/product"}],"about":[{"href":"https:\/\/michaelbarnaart.com\/fr\/wp-json\/wp\/v2\/types\/product"}],"wp:featuredmedia":[{"embeddable":true,"href":"https:\/\/michaelbarnaart.com\/fr\/wp-json\/wp\/v2\/media\/33301"}],"wp:attachment":[{"href":"https:\/\/michaelbarnaart.com\/fr\/wp-json\/wp\/v2\/media?parent=33277"}],"wp:term":[{"taxonomy":"product_brand","embeddable":true,"href":"https:\/\/michaelbarnaart.com\/fr\/wp-json\/wp\/v2\/product_brand?post=33277"},{"taxonomy":"product_cat","embeddable":true,"href":"https:\/\/michaelbarnaart.com\/fr\/wp-json\/wp\/v2\/product_cat?post=33277"},{"taxonomy":"product_tag","embeddable":true,"href":"https:\/\/michaelbarnaart.com\/fr\/wp-json\/wp\/v2\/product_tag?post=33277"}],"curies":[{"name":"wp","href":"https:\/\/api.w.org\/{rel}","templated":true}]}}