{"id":33216,"date":"2025-10-07T12:00:06","date_gmt":"2025-10-07T10:00:06","guid":{"rendered":"https:\/\/michaelbarnaart.com\/?post_type=product&#038;p=33216"},"modified":"2025-10-04T12:55:00","modified_gmt":"2025-10-04T10:55:00","slug":"bonboncherrypistache","status":"publish","type":"product","link":"https:\/\/michaelbarnaart.com\/fr\/produit\/bonboncherrypistache\/","title":{"rendered":"Bonbon cherry pistache (num\u00e9rot\u00e9)"},"content":{"rendered":"<div id=\"tab-product-description\" class=\"ui-tabs-panel ui-widget-content ui-corner-bottom\" role=\"tabpanel\">\n<div class=\"description\">\n<p>Cette broche de go\u00fbt apporte une touche color\u00e9e \u00e0 votre tenue !<\/p>\n<p>Chaque broche num\u00e9rot\u00e9e est pr\u00e9sent\u00e9e dans un \u00e9l\u00e9gant coffret cadeau.<\/p>\n<p>Dimensions : 45 mm x 17 mm<br \/>\nMat\u00e9riau : fer dor\u00e9<br \/>\nFermoir : grand aimant<\/p>\n<p>Ne pas utiliser en combinaison avec un pacemaker.<\/p>\n<\/div>\n<\/div>\n","protected":false},"excerpt":{"rendered":"<p>Cette broche de go\u00fbt apporte une touche color\u00e9e \u00e0 votre tenue ! Chaque broche num\u00e9rot\u00e9e est pr\u00e9sent\u00e9e dans un \u00e9l\u00e9gant coffret cadeau. Dimensions : 45 mm x 17 mm Mat\u00e9riau : fer dor\u00e9 Fermoir : grand aimant Ne pas utiliser en combinaison avec un pacemaker.<\/p>\n","protected":false},"featured_media":33180,"template":"","meta":{"_acf_changed":false},"product_brand":[],"product_cat":[1144,1143,1105],"product_tag":[],"class_list":{"0":"post-33216","1":"product","2":"type-product","3":"status-publish","4":"has-post-thumbnail","6":"product_cat-accueil","7":"product_cat-broches","8":"product_cat-tout","10":"first","11":"instock","12":"shipping-taxable","13":"purchasable","14":"product-type-simple","16":"catalog-layout-default","17":"columns-xs-2"},"acf":[],"_links":{"self":[{"href":"https:\/\/michaelbarnaart.com\/fr\/wp-json\/wp\/v2\/product\/33216","targetHints":{"allow":["GET"]}}],"collection":[{"href":"https:\/\/michaelbarnaart.com\/fr\/wp-json\/wp\/v2\/product"}],"about":[{"href":"https:\/\/michaelbarnaart.com\/fr\/wp-json\/wp\/v2\/types\/product"}],"wp:featuredmedia":[{"embeddable":true,"href":"https:\/\/michaelbarnaart.com\/fr\/wp-json\/wp\/v2\/media\/33180"}],"wp:attachment":[{"href":"https:\/\/michaelbarnaart.com\/fr\/wp-json\/wp\/v2\/media?parent=33216"}],"wp:term":[{"taxonomy":"product_brand","embeddable":true,"href":"https:\/\/michaelbarnaart.com\/fr\/wp-json\/wp\/v2\/product_brand?post=33216"},{"taxonomy":"product_cat","embeddable":true,"href":"https:\/\/michaelbarnaart.com\/fr\/wp-json\/wp\/v2\/product_cat?post=33216"},{"taxonomy":"product_tag","embeddable":true,"href":"https:\/\/michaelbarnaart.com\/fr\/wp-json\/wp\/v2\/product_tag?post=33216"}],"curies":[{"name":"wp","href":"https:\/\/api.w.org\/{rel}","templated":true}]}}