{"id":33079,"date":"2025-09-23T12:00:44","date_gmt":"2025-09-23T10:00:44","guid":{"rendered":"https:\/\/michaelbarnaart.com\/?post_type=product&#038;p=33079"},"modified":"2025-09-17T10:57:53","modified_gmt":"2025-09-17T08:57:53","slug":"michele","status":"publish","type":"product","link":"https:\/\/michaelbarnaart.com\/fr\/produit\/michele\/","title":{"rendered":"Michele &#8211; robe droite"},"content":{"rendered":"<p>D\u00e9couvrez la \u00ab petite robe noire \u00bb Michele. Les poignets sont orn\u00e9s d&#8217;un trompe-l&#8217;\u0153il en tissu pliss\u00e9. Le n\u0153ud attire tous les regards ! Cette robe droite est moins cintr\u00e9e qu&#8217;une robe fourreau.   <\/p>\n<p><em>Dessin:<\/em> manchette<\/p>\n<p><em>Couleur :<\/em> noir et cr\u00e8me<\/p>\n<p><em>Mod\u00e8le :<\/em> 175 cm et portant la taille 36<\/p>\n<p><em>Production:<\/em> durable et traditionnelle aux Pays-Bas<\/p>\n<p><em>Mati\u00e8re:<\/em> 50% coton, 50% acrylique<\/p>\n<p><em>Conseils de lavage:<\/em> laver \u00e0 30 degr\u00e9s<\/p>\n<p><img loading=\"lazy\" decoding=\"async\" class=\"alignnone size-full wp-image-1750\" src=\"https:\/\/michaelbarnaart.com\/wp-content\/uploads\/2018\/02\/2.png\" alt=\"\" width=\"25\" height=\"25\" srcset=\"https:\/\/michaelbarnaart.com\/wp-content\/uploads\/2018\/02\/2.png 25w, https:\/\/michaelbarnaart.com\/wp-content\/uploads\/2018\/02\/2-20x20.png 20w\" sizes=\"auto, (max-width: 25px) 100vw, 25px\" \/> Double tricot<\/p>\n<p><a href=\"https:\/\/michaelbarnaart.com\/wp-content\/uploads\/2018\/02\/sheath.png\"><img loading=\"lazy\" decoding=\"async\" class=\"alignnone size-full wp-image-1754\" src=\"https:\/\/michaelbarnaart.com\/wp-content\/uploads\/2018\/02\/shift.png\" alt=\"\" width=\"25\" height=\"25\"><\/a> Robe droite<\/p>\n<p><a class=\"\" href=\"https:\/\/michaelbarnaart.com\/fr\/service-clientele\/\" target=\"_blank\" rel=\"noopener\">Pour plus d&#8217;informations sur les tailles et les coupes, cliquez ici.<\/a><\/p>\n","protected":false},"excerpt":{"rendered":"<p>D\u00e9couvrez la \u00ab petite robe noire \u00bb Michele. Les poignets sont orn\u00e9s d&#8217;un trompe-l&#8217;\u0153il en tissu pliss\u00e9. Le n\u0153ud attire tous les regards ! Cette robe droite est moins cintr\u00e9e qu&#8217;une robe fourreau. Dessin: manchette Couleur : noir et cr\u00e8me Mod\u00e8le : 175 cm et portant la taille 36 Production: durable et traditionnelle aux Pays-Bas&hellip;<\/p>\n","protected":false},"featured_media":33106,"template":"","meta":{"_acf_changed":false},"product_brand":[],"product_cat":[1121,1116,1106,1137,1105,1122],"product_tag":[],"class_list":{"0":"post-33079","1":"product","2":"type-product","3":"status-publish","4":"has-post-thumbnail","6":"product_cat-double-tricot-tissu-epais","7":"product_cat-robes","8":"product_cat-saison","9":"product_cat-silhouette-droite","10":"product_cat-tout","11":"product_cat-tricots","12":"pa_maat-34-fr","13":"pa_maat-36-fr","14":"pa_maat-38-fr","15":"pa_maat-40-fr","16":"pa_maat-42-fr","17":"pa_maat-44-fr","19":"first","20":"instock","21":"shipping-taxable","22":"purchasable","23":"product-type-variable","25":"catalog-layout-default","26":"columns-xs-2"},"acf":[],"_links":{"self":[{"href":"https:\/\/michaelbarnaart.com\/fr\/wp-json\/wp\/v2\/product\/33079","targetHints":{"allow":["GET"]}}],"collection":[{"href":"https:\/\/michaelbarnaart.com\/fr\/wp-json\/wp\/v2\/product"}],"about":[{"href":"https:\/\/michaelbarnaart.com\/fr\/wp-json\/wp\/v2\/types\/product"}],"wp:featuredmedia":[{"embeddable":true,"href":"https:\/\/michaelbarnaart.com\/fr\/wp-json\/wp\/v2\/media\/33106"}],"wp:attachment":[{"href":"https:\/\/michaelbarnaart.com\/fr\/wp-json\/wp\/v2\/media?parent=33079"}],"wp:term":[{"taxonomy":"product_brand","embeddable":true,"href":"https:\/\/michaelbarnaart.com\/fr\/wp-json\/wp\/v2\/product_brand?post=33079"},{"taxonomy":"product_cat","embeddable":true,"href":"https:\/\/michaelbarnaart.com\/fr\/wp-json\/wp\/v2\/product_cat?post=33079"},{"taxonomy":"product_tag","embeddable":true,"href":"https:\/\/michaelbarnaart.com\/fr\/wp-json\/wp\/v2\/product_tag?post=33079"}],"curies":[{"name":"wp","href":"https:\/\/api.w.org\/{rel}","templated":true}]}}