{"id":33052,"date":"2025-09-23T12:00:52","date_gmt":"2025-09-23T10:00:52","guid":{"rendered":"https:\/\/michaelbarnaart.com\/product\/vivienne-robe-droite\/"},"modified":"2025-09-17T10:32:25","modified_gmt":"2025-09-17T08:32:25","slug":"vivienne","status":"publish","type":"product","link":"https:\/\/michaelbarnaart.com\/fr\/produit\/vivienne\/","title":{"rendered":"Vivienne &#8211; robe droite"},"content":{"rendered":"<p>D\u00e9couvre larobe droite Vivienne. Vivienne pr\u00e9sente un motif graphique en jacquard repr\u00e9sentant un carreau noir et blanc dessin\u00e9 \u00e0 la main, comme de petits carr\u00e9s tiss\u00e9s main. Les poignets sont orn\u00e9s d\u2019un trompe l\u2019\u0153il de tissu pliss\u00e9. Le d\u00e9tail qui attire tous les regards est le n\u0153ud. Ce mod\u00e8le est moins cintr\u00e9 qu\u2019une robe fourreau et tombe.<\/p>\n<p><em>Dessin:<\/em> woven<\/p>\n<p><em>Couleur :<\/em> noir et cr\u00e8me<\/p>\n<p><em>Mod\u00e8le :<\/em> 175 cm et portant la taille 36<\/p>\n<p><em>Production:<\/em> durable et traditionnelle aux Pays-Bas<\/p>\n<p><em>Mati\u00e8re:<\/em> 50% coton, 50% acrylique<\/p>\n<p><em>Conseils de lavage:<\/em> laver \u00e0 30 degr\u00e9s<\/p>\n<p><img loading=\"lazy\" decoding=\"async\" class=\"alignnone size-full wp-image-1750\" src=\"https:\/\/michaelbarnaart.com\/wp-content\/uploads\/2018\/02\/2.png\" alt=\"\" width=\"25\" height=\"25\" srcset=\"https:\/\/michaelbarnaart.com\/wp-content\/uploads\/2018\/02\/2.png 25w, https:\/\/michaelbarnaart.com\/wp-content\/uploads\/2018\/02\/2-20x20.png 20w\" sizes=\"auto, (max-width: 25px) 100vw, 25px\" \/> Double tricot<\/p>\n<p><a href=\"https:\/\/michaelbarnaart.com\/wp-content\/uploads\/2018\/02\/sheath.png\"><img loading=\"lazy\" decoding=\"async\" class=\"alignnone size-full wp-image-1754\" src=\"https:\/\/michaelbarnaart.com\/wp-content\/uploads\/2018\/02\/shift.png\" alt=\"\" width=\"25\" height=\"25\" \/><\/a> Robe droite<\/p>\n<p><a class=\"\" href=\"https:\/\/michaelbarnaart.com\/fr\/service-clientele\/\" target=\"_blank\" rel=\"noopener\">Pour plus d&#8217;informations sur les tailles et les coupes, cliquez ici.<\/a><\/p>\n","protected":false},"excerpt":{"rendered":"<p>D\u00e9couvre larobe droite Vivienne. Vivienne pr\u00e9sente un motif graphique en jacquard repr\u00e9sentant un carreau noir et blanc dessin\u00e9 \u00e0 la main, comme de petits carr\u00e9s tiss\u00e9s main. Les poignets sont orn\u00e9s d\u2019un trompe l\u2019\u0153il de tissu pliss\u00e9. Le d\u00e9tail qui attire tous les regards est le n\u0153ud. Ce mod\u00e8le est moins cintr\u00e9 qu\u2019une robe fourreau&hellip;<\/p>\n","protected":false},"featured_media":33034,"template":"","meta":{"_acf_changed":false},"product_brand":[],"product_cat":[1121,1116,1106,1137,1105,1122],"product_tag":[],"class_list":{"0":"post-33052","1":"product","2":"type-product","3":"status-publish","4":"has-post-thumbnail","6":"product_cat-double-tricot-tissu-epais","7":"product_cat-robes","8":"product_cat-saison","9":"product_cat-silhouette-droite","10":"product_cat-tout","11":"product_cat-tricots","12":"pa_maat-34-fr","13":"pa_maat-36-fr","14":"pa_maat-38-fr","15":"pa_maat-40-fr","16":"pa_maat-42-fr","17":"pa_maat-44-fr","19":"first","20":"instock","21":"shipping-taxable","22":"purchasable","23":"product-type-variable","25":"catalog-layout-default","26":"columns-xs-2"},"acf":[],"_links":{"self":[{"href":"https:\/\/michaelbarnaart.com\/fr\/wp-json\/wp\/v2\/product\/33052","targetHints":{"allow":["GET"]}}],"collection":[{"href":"https:\/\/michaelbarnaart.com\/fr\/wp-json\/wp\/v2\/product"}],"about":[{"href":"https:\/\/michaelbarnaart.com\/fr\/wp-json\/wp\/v2\/types\/product"}],"wp:featuredmedia":[{"embeddable":true,"href":"https:\/\/michaelbarnaart.com\/fr\/wp-json\/wp\/v2\/media\/33034"}],"wp:attachment":[{"href":"https:\/\/michaelbarnaart.com\/fr\/wp-json\/wp\/v2\/media?parent=33052"}],"wp:term":[{"taxonomy":"product_brand","embeddable":true,"href":"https:\/\/michaelbarnaart.com\/fr\/wp-json\/wp\/v2\/product_brand?post=33052"},{"taxonomy":"product_cat","embeddable":true,"href":"https:\/\/michaelbarnaart.com\/fr\/wp-json\/wp\/v2\/product_cat?post=33052"},{"taxonomy":"product_tag","embeddable":true,"href":"https:\/\/michaelbarnaart.com\/fr\/wp-json\/wp\/v2\/product_tag?post=33052"}],"curies":[{"name":"wp","href":"https:\/\/api.w.org\/{rel}","templated":true}]}}