{"id":32709,"date":"2025-09-08T22:30:35","date_gmt":"2025-09-08T20:30:35","guid":{"rendered":"https:\/\/michaelbarnaart.com\/?post_type=product&#038;p=32709"},"modified":"2025-08-27T13:07:59","modified_gmt":"2025-08-27T11:07:59","slug":"rose","status":"publish","type":"product","link":"https:\/\/michaelbarnaart.com\/fr\/produit\/rose\/","title":{"rendered":"Rose broche (num\u00e9rot\u00e9e)"},"content":{"rendered":"<div id=\"tab-product-description\" class=\"ui-tabs-panel ui-widget-content ui-corner-bottom\" role=\"tabpanel\">\n<div class=\"description\">\n<p>Cette broche en forme de rose peut \u00eatre port\u00e9e comme un corsage. La rose symbolise l\u2019amour, la beaut\u00e9, la fragilit\u00e9, la force et l\u2019enchantement, ce qui fait de cette \u00e9l\u00e9gante broche un bijou parfait pour toutes les occasions. Chaque broche num\u00e9rot\u00e9e est livr\u00e9e dans une bo\u00eete cadeau raffin\u00e9e.<\/p>\n<p>Format : 42,7 mm x 40 mm<br \/>\nMat\u00e9riau : fer dor\u00e9<br \/>\nFermoir : petit aimant<\/p>\n<p>Ne pas utiliser en association avec un stimulateur cardiaque.<\/p>\n<\/div>\n<\/div>\n","protected":false},"excerpt":{"rendered":"<p>Cette broche en forme de rose peut \u00eatre port\u00e9e comme un corsage. La rose symbolise l\u2019amour, la beaut\u00e9, la fragilit\u00e9, la force et l\u2019enchantement, ce qui fait de cette \u00e9l\u00e9gante broche un bijou parfait pour toutes les occasions. Chaque broche num\u00e9rot\u00e9e est livr\u00e9e dans une bo\u00eete cadeau raffin\u00e9e. Format : 42,7 mm x 40 mm&hellip;<\/p>\n","protected":false},"featured_media":32697,"template":"","meta":{"_acf_changed":false},"product_brand":[],"product_cat":[1143,1105],"product_tag":[],"class_list":{"0":"post-32709","1":"product","2":"type-product","3":"status-publish","4":"has-post-thumbnail","6":"product_cat-broches","7":"product_cat-tout","9":"first","10":"instock","11":"shipping-taxable","12":"purchasable","13":"product-type-simple","15":"catalog-layout-default","16":"columns-xs-2"},"acf":[],"_links":{"self":[{"href":"https:\/\/michaelbarnaart.com\/fr\/wp-json\/wp\/v2\/product\/32709","targetHints":{"allow":["GET"]}}],"collection":[{"href":"https:\/\/michaelbarnaart.com\/fr\/wp-json\/wp\/v2\/product"}],"about":[{"href":"https:\/\/michaelbarnaart.com\/fr\/wp-json\/wp\/v2\/types\/product"}],"wp:featuredmedia":[{"embeddable":true,"href":"https:\/\/michaelbarnaart.com\/fr\/wp-json\/wp\/v2\/media\/32697"}],"wp:attachment":[{"href":"https:\/\/michaelbarnaart.com\/fr\/wp-json\/wp\/v2\/media?parent=32709"}],"wp:term":[{"taxonomy":"product_brand","embeddable":true,"href":"https:\/\/michaelbarnaart.com\/fr\/wp-json\/wp\/v2\/product_brand?post=32709"},{"taxonomy":"product_cat","embeddable":true,"href":"https:\/\/michaelbarnaart.com\/fr\/wp-json\/wp\/v2\/product_cat?post=32709"},{"taxonomy":"product_tag","embeddable":true,"href":"https:\/\/michaelbarnaart.com\/fr\/wp-json\/wp\/v2\/product_tag?post=32709"}],"curies":[{"name":"wp","href":"https:\/\/api.w.org\/{rel}","templated":true}]}}