{"id":32634,"date":"2025-07-09T12:04:30","date_gmt":"2025-07-09T10:04:30","guid":{"rendered":"https:\/\/michaelbarnaart.com\/?post_type=product&#038;p=32634"},"modified":"2026-01-19T16:41:14","modified_gmt":"2026-01-19T15:41:14","slug":"croissant","status":"publish","type":"product","link":"https:\/\/michaelbarnaart.com\/fr\/produit\/croissant\/","title":{"rendered":"Croissant broche (num\u00e9rot\u00e9e)"},"content":{"rendered":"<div id=\"tab-product-description\" class=\"ui-tabs-panel ui-widget-content ui-corner-bottom\" role=\"tabpanel\">\n<div class=\"description\">\n<p>Ce croissant est un hommage culinaire \u00e0 la France, un sourire subtil sur votre tenue. Un accessoire \u00e9l\u00e9gant qui apporte \u00e0 votre look ce petit \u00ab je ne sais quoi \u00bb. Le contraste des textures conf\u00e8re \u00e0 la broche un bel effet 3D.   Chaque broche num\u00e9rot\u00e9e est livr\u00e9e dans une jolie bo\u00eete cadeau.<\/p>\n<p><em>Taille:<\/em> 42 mm x 31 mm<br \/>\n<em>Mat\u00e9riau :<\/em> fer dor\u00e9<br \/>\n<em>Fermeture : <\/em>deux \u00e9pingles avec une fermeture en caoutchouc<\/p>\n<p>Ne pas utiliser en association avec un stimulateur cardiaque.<\/p>\n<\/div>\n<\/div>\n","protected":false},"excerpt":{"rendered":"<p>Ce croissant est un hommage culinaire \u00e0 la France, un sourire subtil sur votre tenue. Un accessoire \u00e9l\u00e9gant qui apporte \u00e0 votre look ce petit \u00ab je ne sais quoi \u00bb. Le contraste des textures conf\u00e8re \u00e0 la broche un bel effet 3D. Chaque broche num\u00e9rot\u00e9e est livr\u00e9e dans une jolie bo\u00eete cadeau. Taille: 42&hellip;<\/p>\n","protected":false},"featured_media":32646,"template":"","meta":{"_acf_changed":false},"product_brand":[],"product_cat":[1144,1143,1105],"product_tag":[],"class_list":{"0":"post-32634","1":"product","2":"type-product","3":"status-publish","4":"has-post-thumbnail","6":"product_cat-accueil","7":"product_cat-broches","8":"product_cat-tout","10":"first","11":"instock","12":"shipping-taxable","13":"purchasable","14":"product-type-simple","16":"catalog-layout-default","17":"columns-xs-2"},"acf":[],"_links":{"self":[{"href":"https:\/\/michaelbarnaart.com\/fr\/wp-json\/wp\/v2\/product\/32634","targetHints":{"allow":["GET"]}}],"collection":[{"href":"https:\/\/michaelbarnaart.com\/fr\/wp-json\/wp\/v2\/product"}],"about":[{"href":"https:\/\/michaelbarnaart.com\/fr\/wp-json\/wp\/v2\/types\/product"}],"wp:featuredmedia":[{"embeddable":true,"href":"https:\/\/michaelbarnaart.com\/fr\/wp-json\/wp\/v2\/media\/32646"}],"wp:attachment":[{"href":"https:\/\/michaelbarnaart.com\/fr\/wp-json\/wp\/v2\/media?parent=32634"}],"wp:term":[{"taxonomy":"product_brand","embeddable":true,"href":"https:\/\/michaelbarnaart.com\/fr\/wp-json\/wp\/v2\/product_brand?post=32634"},{"taxonomy":"product_cat","embeddable":true,"href":"https:\/\/michaelbarnaart.com\/fr\/wp-json\/wp\/v2\/product_cat?post=32634"},{"taxonomy":"product_tag","embeddable":true,"href":"https:\/\/michaelbarnaart.com\/fr\/wp-json\/wp\/v2\/product_tag?post=32634"}],"curies":[{"name":"wp","href":"https:\/\/api.w.org\/{rel}","templated":true}]}}