{"id":32393,"date":"2018-02-25T15:36:24","date_gmt":"2025-06-10T07:53:49","guid":{"rendered":"https:\/\/michaelbarnaart.com\/product\/trench-poncho\/"},"modified":"2025-06-10T09:53:49","modified_gmt":"2025-06-10T07:53:49","slug":"trench-poncho","status":"publish","type":"product","link":"https:\/\/michaelbarnaart.com\/fr\/produit\/trench-poncho\/","title":{"rendered":"Trench &#8211; poncho"},"content":{"rendered":"<div id=\"tab-product-description\" class=\"ui-tabs-panel ui-widget-content ui-corner-bottom\" role=\"tabpanel\">\n<div class=\"description\">\n<p>Le poncho Trench est une pi\u00e8ce de r\u00e9sistance ! Sa forme g\u00e9n\u00e9reuse, son design surr\u00e9aliste et son tomb\u00e9 sculptural cr\u00e9ent un look sophistiqu\u00e9 et d\u00e9cal\u00e9. Vous pouvez facilement porter le poncho sur n&#8217;importe quelle tenue. Le motif est tricot\u00e9 en jacquard dans le tissu, de sorte que l&#8217;int\u00e9rieur montre le motif en n\u00e9gatif. Le poncho \u00e0 emmanchures est beau dans sa simplicit\u00e9 et n&#8217;a ni fermeture ni poches.     Taille unique.<\/p>\n<p>Couleur: noir et cr\u00e8me.<\/p>\n<p>Design n\u00e9erlandais : con\u00e7u et produit aux Pays-Bas. Cette conception est r\u00e9alis\u00e9e artisanale.<\/p>\n<p>&nbsp;<\/p>\n<p><img loading=\"lazy\" decoding=\"async\" class=\"alignnone size-full wp-image-1750\" src=\"https:\/\/michaelbarnaart.com\/wp-content\/uploads\/2018\/02\/2.png\" alt=\"\" width=\"25\" height=\"25\" srcset=\"https:\/\/michaelbarnaart.com\/wp-content\/uploads\/2018\/02\/2.png 25w, https:\/\/michaelbarnaart.com\/wp-content\/uploads\/2018\/02\/2-20x20.png 20w\" sizes=\"auto, (max-width: 25px) 100vw, 25px\" \/> Double tricot<\/p>\n<p>50% coton<br \/>\n50% acrylique<br \/>\nLavage \u00e0 30 degr\u00e9s<\/p>\n<\/div>\n<\/div>\n","protected":false},"excerpt":{"rendered":"<p>Le poncho Trench est une pi\u00e8ce de r\u00e9sistance ! Sa forme g\u00e9n\u00e9reuse, son design surr\u00e9aliste et son tomb\u00e9 sculptural cr\u00e9ent un look sophistiqu\u00e9 et d\u00e9cal\u00e9. Vous pouvez facilement porter le poncho sur n&#8217;importe quelle tenue. Le motif est tricot\u00e9 en jacquard dans le tissu, de sorte que l&#8217;int\u00e9rieur montre le motif en n\u00e9gatif. Le poncho&hellip;<\/p>\n","protected":false},"featured_media":2398,"template":"","meta":{"_acf_changed":false},"product_brand":[],"product_cat":[1120,1121,1133,1105,1123],"product_tag":[],"class_list":{"0":"post-32393","1":"product","2":"type-product","3":"status-publish","4":"has-post-thumbnail","6":"product_cat-classiques","7":"product_cat-double-tricot-tissu-epais","8":"product_cat-echarpes","9":"product_cat-tout","10":"product_cat-vestes-gilets","11":"pa_maat-34-fr","12":"pa_maat-36-fr","13":"pa_maat-38-fr","14":"pa_maat-40-fr","15":"pa_maat-42-fr","16":"pa_maat-44-fr","17":"pa_maat-46-fr","18":"pa_maat-48-fr","20":"first","21":"instock","22":"shipping-taxable","23":"purchasable","24":"product-type-simple","26":"catalog-layout-default","27":"columns-xs-2"},"acf":[],"_links":{"self":[{"href":"https:\/\/michaelbarnaart.com\/fr\/wp-json\/wp\/v2\/product\/32393","targetHints":{"allow":["GET"]}}],"collection":[{"href":"https:\/\/michaelbarnaart.com\/fr\/wp-json\/wp\/v2\/product"}],"about":[{"href":"https:\/\/michaelbarnaart.com\/fr\/wp-json\/wp\/v2\/types\/product"}],"wp:featuredmedia":[{"embeddable":true,"href":"https:\/\/michaelbarnaart.com\/fr\/wp-json\/wp\/v2\/media\/2398"}],"wp:attachment":[{"href":"https:\/\/michaelbarnaart.com\/fr\/wp-json\/wp\/v2\/media?parent=32393"}],"wp:term":[{"taxonomy":"product_brand","embeddable":true,"href":"https:\/\/michaelbarnaart.com\/fr\/wp-json\/wp\/v2\/product_brand?post=32393"},{"taxonomy":"product_cat","embeddable":true,"href":"https:\/\/michaelbarnaart.com\/fr\/wp-json\/wp\/v2\/product_cat?post=32393"},{"taxonomy":"product_tag","embeddable":true,"href":"https:\/\/michaelbarnaart.com\/fr\/wp-json\/wp\/v2\/product_tag?post=32393"}],"curies":[{"name":"wp","href":"https:\/\/api.w.org\/{rel}","templated":true}]}}