{"id":31626,"date":"2024-10-26T11:45:55","date_gmt":"2024-10-26T09:45:55","guid":{"rendered":"https:\/\/michaelbarnaart.com\/product\/souvernir-de-mauve-broche\/"},"modified":"2025-06-19T10:42:24","modified_gmt":"2025-06-19T08:42:24","slug":"mauve","status":"publish","type":"product","link":"https:\/\/michaelbarnaart.com\/fr\/produit\/mauve\/","title":{"rendered":"Souvenir de Mauve broche"},"content":{"rendered":"<div>Portez la broche color\u00e9e Souvenir de Mauve, inspir\u00e9e du tableau de Van Gogh intitul\u00e9 <em><a title=\"Vincent van Gogh, Souvenir de Mauve, collection Kr\u00f6ller-M\u00fcller Museum Otterlo\" href=\"https:\/\/krollermuller.nl\/vincent-van-gogh-roze-perzikbomen-souvenir-de-mauve\" target=\"_blank\" rel=\"noopener\">Les P\u00eachers en fleurs (\u00ab Souvenir de Mauve \u00bb)<\/a><\/em>. Cette broche \u00e9l\u00e9gante est fabriqu\u00e9e en m\u00e9tal de haute qualit\u00e9 et comporte un fermoir magn\u00e9tique pratique qui n&#8217;ab\u00eemera pas vos v\u00eatements.<\/div>\n<div>Parfait pour les occasions sp\u00e9ciales, pour que vous ayez toujours une \u0153uvre d&#8217;art avec vous !<\/div>\n<p>Dimensions: 47 mm x 46,5 mm<br \/>\nMat\u00e9riau : m\u00e9tal avec couleurs \u00e9maill\u00e9es<br \/>\nFermeture : grand aimant<\/p>\n<p>Ne pas utiliser en association avec un stimulateur cardiaque.<\/p>\n","protected":false},"excerpt":{"rendered":"<p>Portez la broche color\u00e9e Souvenir de Mauve, inspir\u00e9e du tableau de Van Gogh intitul\u00e9 Les P\u00eachers en fleurs (\u00ab Souvenir de Mauve \u00bb). Cette broche \u00e9l\u00e9gante est fabriqu\u00e9e en m\u00e9tal de haute qualit\u00e9 et comporte un fermoir magn\u00e9tique pratique qui n&#8217;ab\u00eemera pas vos v\u00eatements. Parfait pour les occasions sp\u00e9ciales, pour que vous ayez toujours une&hellip;<\/p>\n","protected":false},"featured_media":29894,"template":"","meta":{"_acf_changed":false},"product_brand":[],"product_cat":[1144,1143,1147,1105],"product_tag":[],"class_list":{"0":"post-31626","1":"product","2":"type-product","3":"status-publish","4":"has-post-thumbnail","6":"product_cat-accueil","7":"product_cat-broches","8":"product_cat-papeterie-et-cadeaux","9":"product_cat-tout","11":"first","12":"instock","13":"shipping-taxable","14":"product-type-external","16":"catalog-layout-default","17":"columns-xs-2"},"acf":[],"_links":{"self":[{"href":"https:\/\/michaelbarnaart.com\/fr\/wp-json\/wp\/v2\/product\/31626","targetHints":{"allow":["GET"]}}],"collection":[{"href":"https:\/\/michaelbarnaart.com\/fr\/wp-json\/wp\/v2\/product"}],"about":[{"href":"https:\/\/michaelbarnaart.com\/fr\/wp-json\/wp\/v2\/types\/product"}],"wp:featuredmedia":[{"embeddable":true,"href":"https:\/\/michaelbarnaart.com\/fr\/wp-json\/wp\/v2\/media\/29894"}],"wp:attachment":[{"href":"https:\/\/michaelbarnaart.com\/fr\/wp-json\/wp\/v2\/media?parent=31626"}],"wp:term":[{"taxonomy":"product_brand","embeddable":true,"href":"https:\/\/michaelbarnaart.com\/fr\/wp-json\/wp\/v2\/product_brand?post=31626"},{"taxonomy":"product_cat","embeddable":true,"href":"https:\/\/michaelbarnaart.com\/fr\/wp-json\/wp\/v2\/product_cat?post=31626"},{"taxonomy":"product_tag","embeddable":true,"href":"https:\/\/michaelbarnaart.com\/fr\/wp-json\/wp\/v2\/product_tag?post=31626"}],"curies":[{"name":"wp","href":"https:\/\/api.w.org\/{rel}","templated":true}]}}