{"id":31625,"date":"2025-04-13T11:45:16","date_gmt":"2025-04-13T09:45:16","guid":{"rendered":"https:\/\/michaelbarnaart.com\/product\/terrasse-du-cafe-le-soir-sac-charm-porte-cles\/"},"modified":"2025-04-13T23:52:02","modified_gmt":"2025-04-13T21:52:02","slug":"terrasseducafe","status":"publish","type":"product","link":"https:\/\/michaelbarnaart.com\/fr\/produit\/terrasseducafe\/","title":{"rendered":"Terrasse du caf\u00e9 le soir &#8211; sac charm\/porte-cl\u00e9s"},"content":{"rendered":"<div>Pour le mus\u00e9e Kr\u00f6ller-M\u00fcller, Michael Barnaart a con\u00e7u un porte-cl\u00e9s \/ bijou de sac unique, inspir\u00e9 du tableau <a href=\"https:\/\/www.krollermullershop.nl\/en\/bag-charm-van-gogh-terrace-of-a-cafe-at-night.html\" target=\"_blank\" rel=\"noopener\"><em data-start=\"252\" data-end=\"291\">Terrasse du caf\u00e9 le soir (Place du Forum, Arles)<\/em><\/a> de Vincent van Gogh. Cet accessoire \u00e9l\u00e9gant n\u2019est pas seulement un objet de design pour votre sac, mais aussi une v\u00e9ritable \u0153uvre d\u2019art que vous pouvez emporter partout avec vous. Portez attention aux d\u00e9tails raffin\u00e9s, comme la signature de Vincent grav\u00e9e subtilement sur le fermoir.  <\/div>\n<p>Dimensions: diam\u00e8tre du pendentif 47 mm<br \/>\nMat\u00e9riau: m\u00e9tal avec couleurs \u00e9maill\u00e9es<\/p>\n","protected":false},"excerpt":{"rendered":"<p>Pour le mus\u00e9e Kr\u00f6ller-M\u00fcller, Michael Barnaart a con\u00e7u un porte-cl\u00e9s \/ bijou de sac unique, inspir\u00e9 du tableau Terrasse du caf\u00e9 le soir (Place du Forum, Arles) de Vincent van Gogh. Cet accessoire \u00e9l\u00e9gant n\u2019est pas seulement un objet de design pour votre sac, mais aussi une v\u00e9ritable \u0153uvre d\u2019art que vous pouvez emporter partout&hellip;<\/p>\n","protected":false},"featured_media":31617,"template":"","meta":{"_acf_changed":false},"product_brand":[],"product_cat":[1144,1143,1147,1105],"product_tag":[],"class_list":{"0":"post-31625","1":"product","2":"type-product","3":"status-publish","4":"has-post-thumbnail","6":"product_cat-accueil","7":"product_cat-broches","8":"product_cat-papeterie-et-cadeaux","9":"product_cat-tout","11":"first","12":"instock","13":"shipping-taxable","14":"product-type-external","16":"catalog-layout-default","17":"columns-xs-2"},"acf":[],"_links":{"self":[{"href":"https:\/\/michaelbarnaart.com\/fr\/wp-json\/wp\/v2\/product\/31625","targetHints":{"allow":["GET"]}}],"collection":[{"href":"https:\/\/michaelbarnaart.com\/fr\/wp-json\/wp\/v2\/product"}],"about":[{"href":"https:\/\/michaelbarnaart.com\/fr\/wp-json\/wp\/v2\/types\/product"}],"wp:featuredmedia":[{"embeddable":true,"href":"https:\/\/michaelbarnaart.com\/fr\/wp-json\/wp\/v2\/media\/31617"}],"wp:attachment":[{"href":"https:\/\/michaelbarnaart.com\/fr\/wp-json\/wp\/v2\/media?parent=31625"}],"wp:term":[{"taxonomy":"product_brand","embeddable":true,"href":"https:\/\/michaelbarnaart.com\/fr\/wp-json\/wp\/v2\/product_brand?post=31625"},{"taxonomy":"product_cat","embeddable":true,"href":"https:\/\/michaelbarnaart.com\/fr\/wp-json\/wp\/v2\/product_cat?post=31625"},{"taxonomy":"product_tag","embeddable":true,"href":"https:\/\/michaelbarnaart.com\/fr\/wp-json\/wp\/v2\/product_tag?post=31625"}],"curies":[{"name":"wp","href":"https:\/\/api.w.org\/{rel}","templated":true}]}}