{"id":31458,"date":"2025-03-23T14:42:25","date_gmt":"2025-03-23T13:42:25","guid":{"rendered":"https:\/\/michaelbarnaart.com\/?post_type=product&#038;p=31458"},"modified":"2025-03-25T11:15:15","modified_gmt":"2025-03-25T10:15:15","slug":"suzi","status":"publish","type":"product","link":"https:\/\/michaelbarnaart.com\/fr\/produit\/suzi\/","title":{"rendered":"Suzi &#8211; robe \u00e9vas\u00e9e"},"content":{"rendered":"<p>La marini\u00e8re ray\u00e9e, originaire de la marine fran\u00e7aise, est devenue un classique de la mode gr\u00e2ce \u00e0 Coco Chanel. J&#8217;adore les rayures, c&#8217;est pourquoi elles sont devenues incontournables dans ma collection. Pour cette nouvelle robe \u00e9vas\u00e9e, j&#8217;ai associ\u00e9 l&#8217;absinthe au camel pour un look riche et doux. La jupe cloche est tricot\u00e9e dans une texture boucl\u00e9e pour un look encore plus chic !<\/p>\n<p>Le corsage est finement tricot\u00e9, id\u00e9al pour \u00eatre port\u00e9 toute l&#8217;ann\u00e9e. La jupe est en tricot textur\u00e9 et s&#8217;\u00e9vase largement. Le ruban de taille est inclus. La robe s&#8217;enfile facilement par-dessus la t\u00eate, sans fermeture.<\/p>\n<p><em>Motif:<\/em> rayures<\/p>\n<p><em>Couleur:<\/em> absinthe et camel<\/p>\n<p><em>Mod\u00e8le :<\/em> 175 cm et portant la taille 36<\/p>\n<p><em>Production:<\/em> durable et traditionnelle aux Pays-Bas<\/p>\n<p><em>Mati\u00e8re:<\/em> 50% coton, 50% acrylique<\/p>\n<p><em>Conseils de lavage:<\/em> laver \u00e0 30 degr\u00e9s<\/p>\n<p><img loading=\"lazy\" decoding=\"async\" class=\"alignnone size-full wp-image-1751\" src=\"https:\/\/michaelbarnaart.com\/wp-content\/uploads\/2018\/02\/12.png\" alt=\"\" width=\"25\" height=\"25\" srcset=\"https:\/\/michaelbarnaart.com\/wp-content\/uploads\/2018\/02\/12.png 25w, https:\/\/michaelbarnaart.com\/wp-content\/uploads\/2018\/02\/12-20x20.png 20w\" sizes=\"auto, (max-width: 25px) 100vw, 25px\" \/> Haut tricot\u00e9 simple, bas tricot\u00e9 double<\/p>\n<p><a href=\"https:\/\/michaelbarnaart.com\/wp-content\/uploads\/2018\/02\/flared.png\"><img loading=\"lazy\" decoding=\"async\" class=\"alignnone size-full wp-image-1752\" src=\"https:\/\/michaelbarnaart.com\/wp-content\/uploads\/2018\/02\/flared.png\" alt=\"\" width=\"25\" height=\"25\" srcset=\"https:\/\/michaelbarnaart.com\/wp-content\/uploads\/2018\/02\/flared.png 25w, https:\/\/michaelbarnaart.com\/wp-content\/uploads\/2018\/02\/flared-20x20.png 20w\" sizes=\"auto, (max-width: 25px) 100vw, 25px\" \/><\/a> Robe \u00e9vas\u00e9e<\/p>\n<p><a href=\"https:\/\/michaelbarnaart.com\/fr\/service-clientele\/\" target=\"_blank\" rel=\"noopener\">Pour plus d&#8217;informations sur les tailles et les coupes, cliquez ici.<\/a><\/p>\n","protected":false},"excerpt":{"rendered":"<p>La marini\u00e8re ray\u00e9e, originaire de la marine fran\u00e7aise, est devenue un classique de la mode gr\u00e2ce \u00e0 Coco Chanel. J&#8217;adore les rayures, c&#8217;est pourquoi elles sont devenues incontournables dans ma collection. Pour cette nouvelle robe \u00e9vas\u00e9e, j&#8217;ai associ\u00e9 l&#8217;absinthe au camel pour un look riche et doux. La jupe cloche est tricot\u00e9e dans une texture&hellip;<\/p>\n","protected":false},"featured_media":32873,"template":"","meta":{"_acf_changed":false},"product_brand":[],"product_cat":[1128,1116,1106,1115,1105,1122],"product_tag":[],"class_list":{"0":"post-31458","1":"product","2":"type-product","3":"status-publish","4":"has-post-thumbnail","6":"product_cat-moitie-tricote-simple-moitie-tricote-double","7":"product_cat-robes","8":"product_cat-saison","9":"product_cat-silhouette-evasee","10":"product_cat-tout","11":"product_cat-tricots","12":"pa_maat-34-fr","13":"pa_maat-36-fr","14":"pa_maat-38-fr","15":"pa_maat-40-fr","16":"pa_maat-42-fr","17":"pa_maat-44-fr","19":"first","20":"instock","21":"shipping-taxable","22":"purchasable","23":"product-type-variable","25":"catalog-layout-default","26":"columns-xs-2"},"acf":[],"_links":{"self":[{"href":"https:\/\/michaelbarnaart.com\/fr\/wp-json\/wp\/v2\/product\/31458","targetHints":{"allow":["GET"]}}],"collection":[{"href":"https:\/\/michaelbarnaart.com\/fr\/wp-json\/wp\/v2\/product"}],"about":[{"href":"https:\/\/michaelbarnaart.com\/fr\/wp-json\/wp\/v2\/types\/product"}],"wp:featuredmedia":[{"embeddable":true,"href":"https:\/\/michaelbarnaart.com\/fr\/wp-json\/wp\/v2\/media\/32873"}],"wp:attachment":[{"href":"https:\/\/michaelbarnaart.com\/fr\/wp-json\/wp\/v2\/media?parent=31458"}],"wp:term":[{"taxonomy":"product_brand","embeddable":true,"href":"https:\/\/michaelbarnaart.com\/fr\/wp-json\/wp\/v2\/product_brand?post=31458"},{"taxonomy":"product_cat","embeddable":true,"href":"https:\/\/michaelbarnaart.com\/fr\/wp-json\/wp\/v2\/product_cat?post=31458"},{"taxonomy":"product_tag","embeddable":true,"href":"https:\/\/michaelbarnaart.com\/fr\/wp-json\/wp\/v2\/product_tag?post=31458"}],"curies":[{"name":"wp","href":"https:\/\/api.w.org\/{rel}","templated":true}]}}