{"id":31337,"date":"2025-03-11T09:53:52","date_gmt":"2025-03-11T08:53:52","guid":{"rendered":"https:\/\/michaelbarnaart.com\/?post_type=product&#038;p=31337"},"modified":"2025-03-11T10:05:07","modified_gmt":"2025-03-11T09:05:07","slug":"ara","status":"publish","type":"product","link":"https:\/\/michaelbarnaart.com\/fr\/produit\/ara\/","title":{"rendered":"Ara broche (num\u00e9rot\u00e9e)"},"content":{"rendered":"<div id=\"tab-product-description\" class=\"ui-tabs-panel ui-widget-content ui-corner-bottom\" role=\"tabpanel\">\n<div class=\"description\">\n<p>Cette broche en forme de perroquet est une ode \u00e0 l&#8217;ara rouge ! L&#8217;ara symbolise la libert\u00e9, la force et la beaut\u00e9.<\/p>\n<p>Chaque broche num\u00e9rot\u00e9e est livr\u00e9e dans une jolie bo\u00eete cadeau.<\/p>\n<p>Taille : 55 mm x 25,7 mm<br \/>\nMati\u00e8re : fer dor\u00e9<br \/>\nFermeture : grand magnet<\/p>\n<p>Ne pas utiliser en association avec un stimulateur cardiaque.<\/p>\n<\/div>\n<\/div>\n","protected":false},"excerpt":{"rendered":"<p>Cette broche en forme de perroquet est une ode \u00e0 l&#8217;ara rouge ! L&#8217;ara symbolise la libert\u00e9, la force et la beaut\u00e9. Chaque broche num\u00e9rot\u00e9e est livr\u00e9e dans une jolie bo\u00eete cadeau. Taille : 55 mm x 25,7 mm Mati\u00e8re : fer dor\u00e9 Fermeture : grand magnet Ne pas utiliser en association avec un stimulateur&hellip;<\/p>\n","protected":false},"featured_media":31343,"template":"","meta":{"_acf_changed":false},"product_brand":[],"product_cat":[1144,1143,1105],"product_tag":[],"class_list":{"0":"post-31337","1":"product","2":"type-product","3":"status-publish","4":"has-post-thumbnail","6":"product_cat-accueil","7":"product_cat-broches","8":"product_cat-tout","10":"first","11":"instock","12":"shipping-taxable","13":"purchasable","14":"product-type-simple","16":"catalog-layout-default","17":"columns-xs-2"},"acf":[],"_links":{"self":[{"href":"https:\/\/michaelbarnaart.com\/fr\/wp-json\/wp\/v2\/product\/31337","targetHints":{"allow":["GET"]}}],"collection":[{"href":"https:\/\/michaelbarnaart.com\/fr\/wp-json\/wp\/v2\/product"}],"about":[{"href":"https:\/\/michaelbarnaart.com\/fr\/wp-json\/wp\/v2\/types\/product"}],"wp:featuredmedia":[{"embeddable":true,"href":"https:\/\/michaelbarnaart.com\/fr\/wp-json\/wp\/v2\/media\/31343"}],"wp:attachment":[{"href":"https:\/\/michaelbarnaart.com\/fr\/wp-json\/wp\/v2\/media?parent=31337"}],"wp:term":[{"taxonomy":"product_brand","embeddable":true,"href":"https:\/\/michaelbarnaart.com\/fr\/wp-json\/wp\/v2\/product_brand?post=31337"},{"taxonomy":"product_cat","embeddable":true,"href":"https:\/\/michaelbarnaart.com\/fr\/wp-json\/wp\/v2\/product_cat?post=31337"},{"taxonomy":"product_tag","embeddable":true,"href":"https:\/\/michaelbarnaart.com\/fr\/wp-json\/wp\/v2\/product_tag?post=31337"}],"curies":[{"name":"wp","href":"https:\/\/api.w.org\/{rel}","templated":true}]}}