{"id":31318,"date":"2025-03-11T09:37:14","date_gmt":"2025-03-11T08:37:14","guid":{"rendered":"https:\/\/michaelbarnaart.com\/?post_type=product&#038;p=31318"},"modified":"2025-03-11T10:05:21","modified_gmt":"2025-03-11T09:05:21","slug":"jako","status":"publish","type":"product","link":"https:\/\/michaelbarnaart.com\/fr\/produit\/jako\/","title":{"rendered":"Jako broche (num\u00e9rot\u00e9e)"},"content":{"rendered":"<div id=\"tab-product-description\" class=\"ui-tabs-panel ui-widget-content ui-corner-bottom\" role=\"tabpanel\">\n<div class=\"description\">\n<p>Jako est une ode au perroquet gris \u00e0 queue rouge ! Jako symbolise la sagesse et la communication.<\/p>\n<p>Chaque broche num\u00e9rot\u00e9e est livr\u00e9e dans une jolie bo\u00eete cadeau.<\/p>\n<p>Taille : 55 mm x 25,7 mm<br \/>\nMati\u00e8re : fer dor\u00e9<br \/>\nFermeture : grand magnet<\/p>\n<p>Ne pas utiliser en association avec un stimulateur cardiaque.<\/p>\n<\/div>\n<\/div>\n","protected":false},"excerpt":{"rendered":"<p>Jako est une ode au perroquet gris \u00e0 queue rouge ! Jako symbolise la sagesse et la communication. Chaque broche num\u00e9rot\u00e9e est livr\u00e9e dans une jolie bo\u00eete cadeau. Taille : 55 mm x 25,7 mm Mati\u00e8re : fer dor\u00e9 Fermeture : grand magnet Ne pas utiliser en association avec un stimulateur cardiaque.<\/p>\n","protected":false},"featured_media":31324,"template":"","meta":{"_acf_changed":false},"product_brand":[],"product_cat":[1144,1143,1105],"product_tag":[],"class_list":{"0":"post-31318","1":"product","2":"type-product","3":"status-publish","4":"has-post-thumbnail","6":"product_cat-accueil","7":"product_cat-broches","8":"product_cat-tout","10":"first","11":"instock","12":"shipping-taxable","13":"purchasable","14":"product-type-simple","16":"catalog-layout-default","17":"columns-xs-2"},"acf":[],"_links":{"self":[{"href":"https:\/\/michaelbarnaart.com\/fr\/wp-json\/wp\/v2\/product\/31318","targetHints":{"allow":["GET"]}}],"collection":[{"href":"https:\/\/michaelbarnaart.com\/fr\/wp-json\/wp\/v2\/product"}],"about":[{"href":"https:\/\/michaelbarnaart.com\/fr\/wp-json\/wp\/v2\/types\/product"}],"wp:featuredmedia":[{"embeddable":true,"href":"https:\/\/michaelbarnaart.com\/fr\/wp-json\/wp\/v2\/media\/31324"}],"wp:attachment":[{"href":"https:\/\/michaelbarnaart.com\/fr\/wp-json\/wp\/v2\/media?parent=31318"}],"wp:term":[{"taxonomy":"product_brand","embeddable":true,"href":"https:\/\/michaelbarnaart.com\/fr\/wp-json\/wp\/v2\/product_brand?post=31318"},{"taxonomy":"product_cat","embeddable":true,"href":"https:\/\/michaelbarnaart.com\/fr\/wp-json\/wp\/v2\/product_cat?post=31318"},{"taxonomy":"product_tag","embeddable":true,"href":"https:\/\/michaelbarnaart.com\/fr\/wp-json\/wp\/v2\/product_tag?post=31318"}],"curies":[{"name":"wp","href":"https:\/\/api.w.org\/{rel}","templated":true}]}}