{"id":31131,"date":"2025-02-25T09:44:33","date_gmt":"2025-02-25T08:44:33","guid":{"rendered":"https:\/\/michaelbarnaart.com\/?post_type=product&#038;p=31131"},"modified":"2025-02-25T10:06:59","modified_gmt":"2025-02-25T09:06:59","slug":"manou","status":"publish","type":"product","link":"https:\/\/michaelbarnaart.com\/fr\/produit\/manou\/","title":{"rendered":"Manou &#8211; maxi robe chemiser"},"content":{"rendered":"<p>Les joyeux glands et pompons sont omnipr\u00e9sents dans le petit ch\u00e2teau Le Piot : sur les cl\u00e9s, les rideaux et comme ornements sur les lustres. Ce sont eux qui ont inspir\u00e9 l&#8217;imprim\u00e9 de cette robe. Une touche d&#8217;allure fran\u00e7aise \u00e0 porter. Le dessin a \u00e9t\u00e9 con\u00e7u par Michael Barnaart.<br \/>\nLa robe chemisier Manou a une silhouette \u00e9vas\u00e9e, une fermeture \u00e0 boutons dissimul\u00e9s, des poches dans la couture lat\u00e9rale et est extra longue. Ce mod\u00e8le tombe librement autour du corps et peut \u00eatre ajust\u00e9 \u00e0 l&#8217;aide du ruban de taille inclus. Le tissu poss\u00e8de les qualit\u00e9s d&#8217;un tissu de voyage (confortable, extensible, non r\u00e9tr\u00e9cissant, facilement lavable et s\u00e9chant rapidement), mais il est \u00e9galement fabriqu\u00e9 de mani\u00e8re durable \u00e0 partir de bouteilles en PET. Ce mod\u00e8le est unique et en \u00e9dition limit\u00e9e.<\/p>\n<p><em>Dessin:<\/em> Glands<\/p>\n<p><em>Couleur:<\/em> cobalt et fuchsia<\/p>\n<p><em>Production:<\/em> durable et artisanale en Europe<\/p>\n<p><em>Mod\u00e8le : <\/em> \u00c9milie mesure 175 cm et porte une taille 36<\/p>\n<p><em>Longueur de la robe (mesur\u00e9e \u00e0 partir du col) :<\/em><br \/>\nTaille 34: 129,5 cm<br \/>\nTaille 36: 130 cm<br \/>\nTaille 38: 131,5 cm<br \/>\nTaille 40: 133 cm<br \/>\nTaille 42: 134,5 cm<br \/>\nTaille 44: 136 cm<\/p>\n<p><a class=\"\" href=\"https:\/\/michaelbarnaart.com\/fr\/service-clientele\/\" target=\"_blank\" rel=\"noopener\">Pour plus d&#8217;informations sur les tailles et les coupes, cliquez ici.<\/a><\/p>\n<p><em>Conseils de lavage:<\/em> laver \u00e0 30 degr\u00e9s<\/p>\n<p><em>Mati\u00e8re:<\/em> 100% polyester recycl\u00e9 (rPET)<\/p>\n","protected":false},"excerpt":{"rendered":"<p>Les joyeux glands et pompons sont omnipr\u00e9sents dans le petit ch\u00e2teau Le Piot : sur les cl\u00e9s, les rideaux et comme ornements sur les lustres. Ce sont eux qui ont inspir\u00e9 l&#8217;imprim\u00e9 de cette robe. Une touche d&#8217;allure fran\u00e7aise \u00e0 porter. Le dessin a \u00e9t\u00e9 con\u00e7u par Michael Barnaart. La robe chemisier Manou a une&hellip;<\/p>\n","protected":false},"featured_media":31140,"template":"","meta":{"_acf_changed":false},"product_brand":[],"product_cat":[1153],"product_tag":[],"class_list":{"0":"post-31131","1":"product","2":"type-product","3":"status-publish","4":"has-post-thumbnail","6":"product_cat-soldes","7":"pa_maat-34-fr","8":"pa_maat-36-fr","9":"pa_maat-38-fr","10":"pa_maat-40-fr","11":"pa_maat-42-fr","12":"pa_maat-44-fr","14":"first","15":"instock","16":"sale","17":"shipping-taxable","18":"purchasable","19":"product-type-variable","21":"catalog-layout-default","22":"columns-xs-2"},"acf":[],"_links":{"self":[{"href":"https:\/\/michaelbarnaart.com\/fr\/wp-json\/wp\/v2\/product\/31131","targetHints":{"allow":["GET"]}}],"collection":[{"href":"https:\/\/michaelbarnaart.com\/fr\/wp-json\/wp\/v2\/product"}],"about":[{"href":"https:\/\/michaelbarnaart.com\/fr\/wp-json\/wp\/v2\/types\/product"}],"wp:featuredmedia":[{"embeddable":true,"href":"https:\/\/michaelbarnaart.com\/fr\/wp-json\/wp\/v2\/media\/31140"}],"wp:attachment":[{"href":"https:\/\/michaelbarnaart.com\/fr\/wp-json\/wp\/v2\/media?parent=31131"}],"wp:term":[{"taxonomy":"product_brand","embeddable":true,"href":"https:\/\/michaelbarnaart.com\/fr\/wp-json\/wp\/v2\/product_brand?post=31131"},{"taxonomy":"product_cat","embeddable":true,"href":"https:\/\/michaelbarnaart.com\/fr\/wp-json\/wp\/v2\/product_cat?post=31131"},{"taxonomy":"product_tag","embeddable":true,"href":"https:\/\/michaelbarnaart.com\/fr\/wp-json\/wp\/v2\/product_tag?post=31131"}],"curies":[{"name":"wp","href":"https:\/\/api.w.org\/{rel}","templated":true}]}}