{"id":30832,"date":"2018-02-25T15:03:35","date_gmt":"2018-02-25T14:03:35","guid":{"rendered":"https:\/\/michaelbarnaart.com\/product\/boogie-poncho\/"},"modified":"2026-02-09T10:40:05","modified_gmt":"2026-02-09T09:40:05","slug":"boogie-poncho","status":"publish","type":"product","link":"https:\/\/michaelbarnaart.com\/fr\/produit\/boogie-poncho\/","title":{"rendered":"Boogie &#8211; poncho"},"content":{"rendered":"<div id=\"tab-product-description\" class=\"ui-tabs-panel ui-widget-content ui-corner-bottom\" role=\"tabpanel\">\n<div class=\"description\">\n<p data-start=\"95\" data-end=\"342\">Le poncho Boogie est un hommage au mouvement De Stijl. Ce mod\u00e8le vient compl\u00e9ter la robe Mondrian embl\u00e9matique et a \u00e9t\u00e9 cr\u00e9\u00e9 en collaboration avec le Kunstmuseum Den Haag (La Haye, Pays-Bas), le mus\u00e9e qui poss\u00e8de la plus grande collection de peintures de Mondrian au monde. <\/p>\n<p data-start=\"349\" data-end=\"610\">Le poncho peut \u00eatre port\u00e9 par-dessus n&#8217;importe quelle tenue. Le motif jacquard est tricot\u00e9 dans le tissu, ce qui rend le motif visible \u00e0 l&#8217;int\u00e9rieur. Le poncho \u00e0 emmanchures est d&#8217;une belle simplicit\u00e9 et ne comporte ni fermeture ni poches. Taille unique.   <\/p>\n<p>Couleur : noir, cr\u00e8me, jaune, gris chin\u00e9, bleu et rouge fonc\u00e9.<\/p>\n<p>Design n\u00e9erlandais : con\u00e7u et fabriqu\u00e9 aux Pays-Bas.<\/p>\n<p><a href=\"https:\/\/michaelbarnaart.com\/wp-content\/uploads\/2018\/02\/2.png\"><img loading=\"lazy\" decoding=\"async\" class=\"alignnone size-full wp-image-1750\" src=\"https:\/\/michaelbarnaart.com\/wp-content\/uploads\/2018\/02\/2.png\" alt=\"\" width=\"25\" height=\"25\" srcset=\"https:\/\/michaelbarnaart.com\/wp-content\/uploads\/2018\/02\/2.png 25w, https:\/\/michaelbarnaart.com\/wp-content\/uploads\/2018\/02\/2-20x20.png 20w\" sizes=\"auto, (max-width: 25px) 100vw, 25px\" \/><\/a> Double tricot<\/p>\n<p>50 % coton<br \/>\n50 % acrylique<br \/>\nLavage \u00e0 30 degr\u00e9s<\/p>\n<\/div>\n<\/div>\n","protected":false},"excerpt":{"rendered":"<p>Le poncho Boogie est un hommage au mouvement De Stijl. Ce mod\u00e8le vient compl\u00e9ter la robe Mondrian embl\u00e9matique et a \u00e9t\u00e9 cr\u00e9\u00e9 en collaboration avec le Kunstmuseum Den Haag (La Haye, Pays-Bas), le mus\u00e9e qui poss\u00e8de la plus grande collection de peintures de Mondrian au monde. Le poncho peut \u00eatre port\u00e9 par-dessus n&#8217;importe quelle tenue.&hellip;<\/p>\n","protected":false},"featured_media":27929,"template":"","meta":{"_acf_changed":false},"product_brand":[],"product_cat":[1120,1121,1133,1105,1123],"product_tag":[],"class_list":{"0":"post-30832","1":"product","2":"type-product","3":"status-publish","4":"has-post-thumbnail","6":"product_cat-classiques","7":"product_cat-double-tricot-tissu-epais","8":"product_cat-echarpes","9":"product_cat-tout","10":"product_cat-vestes-gilets","11":"pa_maat-34-fr","12":"pa_maat-36-fr","13":"pa_maat-38-fr","14":"pa_maat-40-fr","15":"pa_maat-42-fr","16":"pa_maat-44-fr","17":"pa_maat-46-fr","18":"pa_maat-48-fr","20":"first","21":"instock","22":"shipping-taxable","23":"purchasable","24":"product-type-simple","26":"catalog-layout-default","27":"columns-xs-2"},"acf":[],"_links":{"self":[{"href":"https:\/\/michaelbarnaart.com\/fr\/wp-json\/wp\/v2\/product\/30832","targetHints":{"allow":["GET"]}}],"collection":[{"href":"https:\/\/michaelbarnaart.com\/fr\/wp-json\/wp\/v2\/product"}],"about":[{"href":"https:\/\/michaelbarnaart.com\/fr\/wp-json\/wp\/v2\/types\/product"}],"wp:featuredmedia":[{"embeddable":true,"href":"https:\/\/michaelbarnaart.com\/fr\/wp-json\/wp\/v2\/media\/27929"}],"wp:attachment":[{"href":"https:\/\/michaelbarnaart.com\/fr\/wp-json\/wp\/v2\/media?parent=30832"}],"wp:term":[{"taxonomy":"product_brand","embeddable":true,"href":"https:\/\/michaelbarnaart.com\/fr\/wp-json\/wp\/v2\/product_brand?post=30832"},{"taxonomy":"product_cat","embeddable":true,"href":"https:\/\/michaelbarnaart.com\/fr\/wp-json\/wp\/v2\/product_cat?post=30832"},{"taxonomy":"product_tag","embeddable":true,"href":"https:\/\/michaelbarnaart.com\/fr\/wp-json\/wp\/v2\/product_tag?post=30832"}],"curies":[{"name":"wp","href":"https:\/\/api.w.org\/{rel}","templated":true}]}}