{"id":30555,"date":"2025-01-07T12:53:00","date_gmt":"2025-01-07T11:53:00","guid":{"rendered":"https:\/\/michaelbarnaart.com\/?post_type=product&#038;p=30555"},"modified":"2025-01-07T18:51:48","modified_gmt":"2025-01-07T17:51:48","slug":"ballerine","status":"publish","type":"product","link":"https:\/\/michaelbarnaart.com\/fr\/produit\/ballerine\/","title":{"rendered":"Ballerine broche (num\u00e9rot\u00e9e)"},"content":{"rendered":"<div id=\"tab-product-description\" class=\"ui-tabs-panel ui-widget-content ui-corner-bottom\" role=\"tabpanel\">\n<div class=\"description\">\n<p>Cette broche est d\u00e9di\u00e9e \u00e0 Anna Pavlova, la c\u00e9l\u00e8bre danseuse \u00e9toile. Elle \u00e9tait connue pour son style de danse gracieux et pour son ballet mondialement connu, <em>L<\/em><em>e cygne mourant<\/em>. Anna a pass\u00e9 beaucoup de temps \u00e0 La Haye au cours de ses nombreuses tourn\u00e9es, o\u00f9 elle pouvait se d\u00e9tendre \u00e0 l&#8217;h\u00f4tel Des Indes apr\u00e8s des repr\u00e9sentations intensives. Le 23 janvier 1931, Anna Pavlova ferma les yeux pour la derni\u00e8re fois \u00e0 l&#8217;h\u00f4tel de La Haye.<\/p>\n<p>Chaque broche num\u00e9rot\u00e9e est livr\u00e9e dans une jolie bo\u00eete cadeau.<\/p>\n<p>Dimensions : 24,1 mm x 60 mm<br \/>\nMat\u00e9riau : m\u00e9tal avec couleurs \u00e9maill\u00e9es<br \/>\nFermeture : magn\u00e9tique<\/p>\n<p>Ne pas utiliser en association avec un stimulateur cardiaque.<\/p>\n<\/div>\n<\/div>\n","protected":false},"excerpt":{"rendered":"<p>Cette broche est d\u00e9di\u00e9e \u00e0 Anna Pavlova, la c\u00e9l\u00e8bre danseuse \u00e9toile. Elle \u00e9tait connue pour son style de danse gracieux et pour son ballet mondialement connu, Le cygne mourant. Anna a pass\u00e9 beaucoup de temps \u00e0 La Haye au cours de ses nombreuses tourn\u00e9es, o\u00f9 elle pouvait se d\u00e9tendre \u00e0 l&#8217;h\u00f4tel Des Indes apr\u00e8s des&hellip;<\/p>\n","protected":false},"featured_media":30593,"template":"","meta":{"_acf_changed":false},"product_brand":[],"product_cat":[1144,1143,1105],"product_tag":[],"class_list":{"0":"post-30555","1":"product","2":"type-product","3":"status-publish","4":"has-post-thumbnail","6":"product_cat-accueil","7":"product_cat-broches","8":"product_cat-tout","10":"first","11":"instock","12":"shipping-taxable","13":"purchasable","14":"product-type-simple","16":"catalog-layout-default","17":"columns-xs-2"},"acf":[],"_links":{"self":[{"href":"https:\/\/michaelbarnaart.com\/fr\/wp-json\/wp\/v2\/product\/30555","targetHints":{"allow":["GET"]}}],"collection":[{"href":"https:\/\/michaelbarnaart.com\/fr\/wp-json\/wp\/v2\/product"}],"about":[{"href":"https:\/\/michaelbarnaart.com\/fr\/wp-json\/wp\/v2\/types\/product"}],"wp:featuredmedia":[{"embeddable":true,"href":"https:\/\/michaelbarnaart.com\/fr\/wp-json\/wp\/v2\/media\/30593"}],"wp:attachment":[{"href":"https:\/\/michaelbarnaart.com\/fr\/wp-json\/wp\/v2\/media?parent=30555"}],"wp:term":[{"taxonomy":"product_brand","embeddable":true,"href":"https:\/\/michaelbarnaart.com\/fr\/wp-json\/wp\/v2\/product_brand?post=30555"},{"taxonomy":"product_cat","embeddable":true,"href":"https:\/\/michaelbarnaart.com\/fr\/wp-json\/wp\/v2\/product_cat?post=30555"},{"taxonomy":"product_tag","embeddable":true,"href":"https:\/\/michaelbarnaart.com\/fr\/wp-json\/wp\/v2\/product_tag?post=30555"}],"curies":[{"name":"wp","href":"https:\/\/api.w.org\/{rel}","templated":true}]}}