{"id":30213,"date":"2024-11-20T14:15:01","date_gmt":"2024-11-20T13:15:01","guid":{"rendered":"https:\/\/michaelbarnaart.com\/?post_type=product&#038;p=30213"},"modified":"2024-11-21T10:07:53","modified_gmt":"2024-11-21T09:07:53","slug":"denice","status":"publish","type":"product","link":"https:\/\/michaelbarnaart.com\/fr\/produit\/denice\/","title":{"rendered":"Denice &#8211; chemisier"},"content":{"rendered":"<p>Le chemisier Denice pr\u00e9sente un motif de boucles baroques et de formes gracieuses. Le dessin a \u00e9t\u00e9 con\u00e7u par Michael Barnaart. Le chemisier tombe librement autour du corps et se combine facilement avec, par exemple, un costume ou un jean d\u00e9contract\u00e9. Le tissu poss\u00e8de les qualit\u00e9s d&#8217;un tissu de voyage (confortable, extensible, non r\u00e9tr\u00e9cissant, facilement lavable et s\u00e9chant rapidement), mais il est \u00e9galement fabriqu\u00e9 de mani\u00e8re durable \u00e0 partir de bouteilles en PET. Ce mod\u00e8le est unique et en \u00e9dition limit\u00e9e.<\/p>\n<p><em>Dessin:<\/em> curly craft<\/p>\n<p><em>Coleur:<\/em> rouge, ocre et vert<\/p>\n<p><em>Production:<\/em> durable et artisanale en Europe<\/p>\n<p><em>Mod\u00e8le : <\/em> \u00c9milie mesure 175 cm et porte une taille 36<\/p>\n<p><a class=\"\" href=\"https:\/\/michaelbarnaart.com\/fr\/service-clientele\/\" target=\"_blank\" rel=\"noopener\">Pour plus d&#8217;informations sur les tailles et les coupes, cliquez ici.<\/a><\/p>\n<p><em>Conseils de lavage:<\/em> laver \u00e0 30 degr\u00e9s<\/p>\n<p><em>Mati\u00e8re:<\/em> 100% polyester recycl\u00e9 (rPET)<\/p>\n","protected":false},"excerpt":{"rendered":"<p>Le chemisier Denice pr\u00e9sente un motif de boucles baroques et de formes gracieuses. Le dessin a \u00e9t\u00e9 con\u00e7u par Michael Barnaart. Le chemisier tombe librement autour du corps et se combine facilement avec, par exemple, un costume ou un jean d\u00e9contract\u00e9. Le tissu poss\u00e8de les qualit\u00e9s d&#8217;un tissu de voyage (confortable, extensible, non r\u00e9tr\u00e9cissant, facilement&hellip;<\/p>\n","protected":false},"featured_media":30243,"template":"","meta":{"_acf_changed":false},"product_brand":[],"product_cat":[1153],"product_tag":[],"class_list":{"0":"post-30213","1":"product","2":"type-product","3":"status-publish","4":"has-post-thumbnail","6":"product_cat-soldes","7":"pa_maat-34-fr","8":"pa_maat-36-fr","9":"pa_maat-38-fr","10":"pa_maat-40-fr","11":"pa_maat-42-fr","12":"pa_maat-44-fr","14":"first","15":"instock","16":"sale","17":"shipping-taxable","18":"purchasable","19":"product-type-variable","21":"catalog-layout-default","22":"columns-xs-2"},"acf":[],"_links":{"self":[{"href":"https:\/\/michaelbarnaart.com\/fr\/wp-json\/wp\/v2\/product\/30213","targetHints":{"allow":["GET"]}}],"collection":[{"href":"https:\/\/michaelbarnaart.com\/fr\/wp-json\/wp\/v2\/product"}],"about":[{"href":"https:\/\/michaelbarnaart.com\/fr\/wp-json\/wp\/v2\/types\/product"}],"wp:featuredmedia":[{"embeddable":true,"href":"https:\/\/michaelbarnaart.com\/fr\/wp-json\/wp\/v2\/media\/30243"}],"wp:attachment":[{"href":"https:\/\/michaelbarnaart.com\/fr\/wp-json\/wp\/v2\/media?parent=30213"}],"wp:term":[{"taxonomy":"product_brand","embeddable":true,"href":"https:\/\/michaelbarnaart.com\/fr\/wp-json\/wp\/v2\/product_brand?post=30213"},{"taxonomy":"product_cat","embeddable":true,"href":"https:\/\/michaelbarnaart.com\/fr\/wp-json\/wp\/v2\/product_cat?post=30213"},{"taxonomy":"product_tag","embeddable":true,"href":"https:\/\/michaelbarnaart.com\/fr\/wp-json\/wp\/v2\/product_tag?post=30213"}],"curies":[{"name":"wp","href":"https:\/\/api.w.org\/{rel}","templated":true}]}}