{"id":30021,"date":"2024-11-05T15:19:14","date_gmt":"2024-11-05T14:19:14","guid":{"rendered":"https:\/\/michaelbarnaart.com\/?post_type=product&#038;p=30021"},"modified":"2025-02-10T10:33:21","modified_gmt":"2025-02-10T09:33:21","slug":"bleudedelftfloral","status":"publish","type":"product","link":"https:\/\/michaelbarnaart.com\/fr\/produit\/bleudedelftfloral\/","title":{"rendered":"Bleu de Delft floral broche (num\u00e9rot\u00e9e)"},"content":{"rendered":"<div id=\"tab-product-description\" class=\"ui-tabs-panel ui-widget-content ui-corner-bottom\" role=\"tabpanel\">\n<p>Ce dessin s&#8217;inspire des objets en fa\u00efence (Delftware) provenant de diverses collections de mus\u00e9es n\u00e9erlandais. La verrerie de Delft n&#8217;est pas seulement un magnifique produit artisanal et un symbole de la culture n\u00e9erlandaise, c&#8217;est aussi une source d&#8217;inspiration pour le design moderne. Cette broche s&#8217;inspire des peintures florales des vases et plats bleus de Delft. Bien que les formes soient g\u00e9om\u00e9triques, les lignes expriment la dynamique des coups de pinceau.<\/p>\n<div class=\"description\">\n<p>Chaque broche porte un num\u00e9ro unique et est livr\u00e9e dans une bo\u00eete cadeau.<\/p>\n<p>Taille : 46 mm x 50 mm<br \/>\nMati\u00e8re : m\u00e9tal avec couleurs \u00e9maill\u00e9es<br \/>\nFermeture : grand aimant<\/p>\n<p>Ne pas utiliser en combinaison avec un stimulateur cardiaque.<\/p>\n<\/div>\n<\/div>\n","protected":false},"excerpt":{"rendered":"<p>Ce dessin s&#8217;inspire des objets en fa\u00efence (Delftware) provenant de diverses collections de mus\u00e9es n\u00e9erlandais. La verrerie de Delft n&#8217;est pas seulement un magnifique produit artisanal et un symbole de la culture n\u00e9erlandaise, c&#8217;est aussi une source d&#8217;inspiration pour le design moderne. Cette broche s&#8217;inspire des peintures florales des vases et plats bleus de Delft.&hellip;<\/p>\n","protected":false},"featured_media":30039,"template":"","meta":{"_acf_changed":false},"product_brand":[],"product_cat":[1144,1143,1105],"product_tag":[],"class_list":{"0":"post-30021","1":"product","2":"type-product","3":"status-publish","4":"has-post-thumbnail","6":"product_cat-accueil","7":"product_cat-broches","8":"product_cat-tout","10":"first","11":"instock","12":"shipping-taxable","13":"purchasable","14":"product-type-simple","16":"catalog-layout-default","17":"columns-xs-2"},"acf":[],"_links":{"self":[{"href":"https:\/\/michaelbarnaart.com\/fr\/wp-json\/wp\/v2\/product\/30021","targetHints":{"allow":["GET"]}}],"collection":[{"href":"https:\/\/michaelbarnaart.com\/fr\/wp-json\/wp\/v2\/product"}],"about":[{"href":"https:\/\/michaelbarnaart.com\/fr\/wp-json\/wp\/v2\/types\/product"}],"wp:featuredmedia":[{"embeddable":true,"href":"https:\/\/michaelbarnaart.com\/fr\/wp-json\/wp\/v2\/media\/30039"}],"wp:attachment":[{"href":"https:\/\/michaelbarnaart.com\/fr\/wp-json\/wp\/v2\/media?parent=30021"}],"wp:term":[{"taxonomy":"product_brand","embeddable":true,"href":"https:\/\/michaelbarnaart.com\/fr\/wp-json\/wp\/v2\/product_brand?post=30021"},{"taxonomy":"product_cat","embeddable":true,"href":"https:\/\/michaelbarnaart.com\/fr\/wp-json\/wp\/v2\/product_cat?post=30021"},{"taxonomy":"product_tag","embeddable":true,"href":"https:\/\/michaelbarnaart.com\/fr\/wp-json\/wp\/v2\/product_tag?post=30021"}],"curies":[{"name":"wp","href":"https:\/\/api.w.org\/{rel}","templated":true}]}}