{"id":29520,"date":"2024-10-01T17:00:14","date_gmt":"2024-10-01T15:00:14","guid":{"rendered":"https:\/\/michaelbarnaart.com\/?post_type=product&#038;p=29520"},"modified":"2026-01-12T14:10:47","modified_gmt":"2026-01-12T13:10:47","slug":"magali","status":"publish","type":"product","link":"https:\/\/michaelbarnaart.com\/fr\/produit\/magali\/","title":{"rendered":"Magali &#8211; robe \u00e9vas\u00e9e"},"content":{"rendered":"<p>Ce mod\u00e8le peut tailler l\u00e9g\u00e8rement petit.<\/p>\n<p><em>Tailles :<\/em><br \/>\nTaille 34 : poitrine 89 cm, taille 67 cm<br \/>\nTaille 36 : poitrine 93 cm, taille 71 cm<br \/>\nTaille 38 : poitrine 97 cm, taille 75 cm<br \/>\nTaille 40 : poitrine 101 cm, taille 79 cm<br \/>\nTaille 42 : poitrine 105 cm, taille 83 cm<br \/>\nTaille 44 : poitrine 109 cm, taille 87 cm<\/p>\n<p>Magali est une robe royale en superbe tissu textur\u00e9 de Barcelone. La robe pr\u00e9sente de magnifiques d\u00e9tails couture, tels qu&#8217;une fermeture \u00e0 boutons cach\u00e9e, une couture anglaise solide dans le dos, des fentes sur les manches, des poches dans la couture lat\u00e9rale et un ourlet large et g\u00e9n\u00e9reux. La robe peut \u00eatre port\u00e9e avec ou sans ruban \u00e0 la taille. Le ruban de taille est inclus.<\/p>\n<p>La couleur Bordeaux a \u00e9t\u00e9 d\u00e9sign\u00e9e pour la premi\u00e8re fois au XIXe si\u00e8cle, d&#8217;apr\u00e8s le vin fran\u00e7ais riche et d&#8217;un rouge profond. Il n&#8217;est donc pas surprenant que cette couleur soit associ\u00e9e \u00e0 la profondeur, au luxe et \u00e0 l&#8217;\u00e9l\u00e9gance. La robe Magali offre un look chaleureux gr\u00e2ce \u00e0 sa riche couleur bordeaux, qui peut \u00eatre combin\u00e9e de multiples fa\u00e7ons avec d&#8217;innombrables autres teintes.<\/p>\n<p><em>Couleur:<\/em> bordeaux<\/p>\n<p><em>Production:<\/em> durable et fabriqu\u00e9 \u00e0 la main en Europe<\/p>\n<p><em>Mod\u00e8le:<\/em> Le mod\u00e8le mesure 176 cm et porte une taille 34.<\/p>\n<p><em>Conseils de lavage:<\/em> laver \u00e0 30 degr\u00e9s<\/p>\n<p><em>Mati\u00e8re:<\/em> 100% polyester<\/p>\n","protected":false},"excerpt":{"rendered":"<p>Ce mod\u00e8le peut tailler l\u00e9g\u00e8rement petit. Tailles : Taille 34 : poitrine 89 cm, taille 67 cm Taille 36 : poitrine 93 cm, taille 71 cm Taille 38 : poitrine 97 cm, taille 75 cm Taille 40 : poitrine 101 cm, taille 79 cm Taille 42 : poitrine 105 cm, taille 83 cm Taille 44&hellip;<\/p>\n","protected":false},"featured_media":29553,"template":"","meta":{"_acf_changed":false},"product_brand":[],"product_cat":[1154],"product_tag":[],"class_list":{"0":"post-29520","1":"product","2":"type-product","3":"status-publish","4":"has-post-thumbnail","6":"product_cat-non-classe","7":"pa_maat-34-fr","8":"pa_maat-36-fr","9":"pa_maat-38-fr","10":"pa_maat-40-fr","11":"pa_maat-42-fr","12":"pa_maat-44-fr","14":"first","15":"instock","16":"sale","17":"shipping-taxable","18":"purchasable","19":"product-type-variable","21":"catalog-layout-default","22":"columns-xs-2"},"acf":[],"_links":{"self":[{"href":"https:\/\/michaelbarnaart.com\/fr\/wp-json\/wp\/v2\/product\/29520","targetHints":{"allow":["GET"]}}],"collection":[{"href":"https:\/\/michaelbarnaart.com\/fr\/wp-json\/wp\/v2\/product"}],"about":[{"href":"https:\/\/michaelbarnaart.com\/fr\/wp-json\/wp\/v2\/types\/product"}],"wp:featuredmedia":[{"embeddable":true,"href":"https:\/\/michaelbarnaart.com\/fr\/wp-json\/wp\/v2\/media\/29553"}],"wp:attachment":[{"href":"https:\/\/michaelbarnaart.com\/fr\/wp-json\/wp\/v2\/media?parent=29520"}],"wp:term":[{"taxonomy":"product_brand","embeddable":true,"href":"https:\/\/michaelbarnaart.com\/fr\/wp-json\/wp\/v2\/product_brand?post=29520"},{"taxonomy":"product_cat","embeddable":true,"href":"https:\/\/michaelbarnaart.com\/fr\/wp-json\/wp\/v2\/product_cat?post=29520"},{"taxonomy":"product_tag","embeddable":true,"href":"https:\/\/michaelbarnaart.com\/fr\/wp-json\/wp\/v2\/product_tag?post=29520"}],"curies":[{"name":"wp","href":"https:\/\/api.w.org\/{rel}","templated":true}]}}