{"id":29373,"date":"2024-10-01T16:17:10","date_gmt":"2024-10-01T14:17:10","guid":{"rendered":"https:\/\/michaelbarnaart.com\/?post_type=product&#038;p=29373"},"modified":"2026-01-12T14:10:34","modified_gmt":"2026-01-12T13:10:34","slug":"brigitte","status":"publish","type":"product","link":"https:\/\/michaelbarnaart.com\/fr\/produit\/brigitte\/","title":{"rendered":"Brigitte &#8211; robe \u00e9vas\u00e9e"},"content":{"rendered":"<p>Ce mod\u00e8le peut tailler l\u00e9g\u00e8rement petit.<\/p>\n<p><em>Tailles :<\/em><br \/>\nTaille 34 : poitrine 89 cm, taille 67 cm<br \/>\nTaille 36 : poitrine 93 cm, taille 71 cm<br \/>\nTaille 38 : poitrine 97 cm, taille 75 cm<br \/>\nTaille 40 : poitrine 101 cm, taille 79 cm<br \/>\nTaille 42 : poitrine 105 cm, taille 83 cm<br \/>\nTaille 44 : poitrine 109 cm, taille 87 cm<\/p>\n<p>Brigitte est une robe de conte de f\u00e9es en superbe tissu textur\u00e9 de Barcelone. La robe pr\u00e9sente de magnifiques d\u00e9tails couture, tels qu&#8217;une fermeture \u00e0 boutons cach\u00e9e, une couture anglaise solide au dos, des fentes sur les manches, des poches dans la couture lat\u00e9rale et un ourlet large et g\u00e9n\u00e9reux. La robe peut \u00eatre port\u00e9e avec ou sans ruban \u00e0 la taille. La ceinture est incluse.<\/p>\n<p>Dans les ann\u00e9es 1930, la cr\u00e9atrice de mode Elsa Schiaparelli d\u00e9crivait le rose shocking comme une couleur \u00e9nergique, flatteuse, pure et choquante. Elle a utilis\u00e9 le rose vif dans ses collections de parfums, de d\u00e9coration d&#8217;int\u00e9rieur et de mode, rendant cette couleur populaire et embl\u00e9matique. La robe Brigitte peut \u00eatre associ\u00e9e \u00e0 des couleurs neutres pour un look audacieux ou \u00e0 d&#8217;autres couleurs vives pour un look dynamique.<\/p>\n<p><em>Couleur:<\/em> fuchsia<\/p>\n<p><em>Production:<\/em> durable et fabriqu\u00e9 \u00e0 la main en Europe<\/p>\n<p><em>Mod\u00e8le:<\/em> Le mod\u00e8le mesure 176 cm et porte une taille 34.<\/p>\n<p><em>Conseils de lavage:<\/em> laver \u00e0 30 degr\u00e9s<\/p>\n<p><em>Mati\u00e8re:<\/em> 100% polyester<\/p>\n<p>&nbsp;<\/p>\n","protected":false},"excerpt":{"rendered":"<p>Ce mod\u00e8le peut tailler l\u00e9g\u00e8rement petit. Tailles : Taille 34 : poitrine 89 cm, taille 67 cm Taille 36 : poitrine 93 cm, taille 71 cm Taille 38 : poitrine 97 cm, taille 75 cm Taille 40 : poitrine 101 cm, taille 79 cm Taille 42 : poitrine 105 cm, taille 83 cm Taille 44&hellip;<\/p>\n","protected":false},"featured_media":29409,"template":"","meta":{"_acf_changed":false},"product_brand":[],"product_cat":[1154],"product_tag":[],"class_list":{"0":"post-29373","1":"product","2":"type-product","3":"status-publish","4":"has-post-thumbnail","6":"product_cat-non-classe","7":"pa_maat-34-fr","8":"pa_maat-36-fr","9":"pa_maat-38-fr","10":"pa_maat-40-fr","11":"pa_maat-42-fr","12":"pa_maat-44-fr","14":"first","15":"instock","16":"sale","17":"shipping-taxable","18":"purchasable","19":"product-type-variable","21":"catalog-layout-default","22":"columns-xs-2"},"acf":[],"_links":{"self":[{"href":"https:\/\/michaelbarnaart.com\/fr\/wp-json\/wp\/v2\/product\/29373","targetHints":{"allow":["GET"]}}],"collection":[{"href":"https:\/\/michaelbarnaart.com\/fr\/wp-json\/wp\/v2\/product"}],"about":[{"href":"https:\/\/michaelbarnaart.com\/fr\/wp-json\/wp\/v2\/types\/product"}],"wp:featuredmedia":[{"embeddable":true,"href":"https:\/\/michaelbarnaart.com\/fr\/wp-json\/wp\/v2\/media\/29409"}],"wp:attachment":[{"href":"https:\/\/michaelbarnaart.com\/fr\/wp-json\/wp\/v2\/media?parent=29373"}],"wp:term":[{"taxonomy":"product_brand","embeddable":true,"href":"https:\/\/michaelbarnaart.com\/fr\/wp-json\/wp\/v2\/product_brand?post=29373"},{"taxonomy":"product_cat","embeddable":true,"href":"https:\/\/michaelbarnaart.com\/fr\/wp-json\/wp\/v2\/product_cat?post=29373"},{"taxonomy":"product_tag","embeddable":true,"href":"https:\/\/michaelbarnaart.com\/fr\/wp-json\/wp\/v2\/product_tag?post=29373"}],"curies":[{"name":"wp","href":"https:\/\/api.w.org\/{rel}","templated":true}]}}