{"id":29245,"date":"2024-09-22T18:39:00","date_gmt":"2024-09-22T16:39:00","guid":{"rendered":"https:\/\/michaelbarnaart.com\/?post_type=product&#038;p=29245"},"modified":"2024-09-22T18:53:11","modified_gmt":"2024-09-22T16:53:11","slug":"agathe","status":"publish","type":"product","link":"https:\/\/michaelbarnaart.com\/fr\/produit\/agathe\/","title":{"rendered":"Agathe &#8211; robe fourreau"},"content":{"rendered":"<p>Agathe est une robe crayon d\u00e9licate avec un tricot magnifiquement \u00e9labor\u00e9 dans deux tons de rouge (rouge fonc\u00e9 et rouge cerise vif) qui accentue la texture. La maille permet \u00e0 la robe de tomber confortablement et de mani\u00e8re ample. Vous n&#8217;\u00eates pas s\u00fbre de la taille et souhaitez que la robe vous aille bien ? N&#8217;h\u00e9sitez pas \u00e0 choisir une taille inf\u00e9rieure.<\/p>\n<p><em>Couleur:<\/em> ouge fonc\u00e9 et rouge cerise<\/p>\n<p><em>Mannequin:<\/em> 170 cm de long et porte la taille 36<\/p>\n<p><em>Production:<\/em> durable et traditionnelle aux Pays-Bas<\/p>\n<p><em>Mati\u00e8re:<\/em> 50% coton, 50% acrylique<\/p>\n<p><em>Conseils de lavage:<\/em> laver \u00e0 30 degr\u00e9s<\/p>\n<p><img loading=\"lazy\" decoding=\"async\" class=\"alignnone size-full wp-image-1750\" src=\"https:\/\/michaelbarnaart.com\/wp-content\/uploads\/2018\/02\/2.png\" alt=\"\" width=\"25\" height=\"25\" srcset=\"https:\/\/michaelbarnaart.com\/wp-content\/uploads\/2018\/02\/2.png 25w, https:\/\/michaelbarnaart.com\/wp-content\/uploads\/2018\/02\/2-20x20.png 20w\" sizes=\"auto, (max-width: 25px) 100vw, 25px\" \/> Double tricot<\/p>\n<p><a href=\"https:\/\/michaelbarnaart.com\/wp-content\/uploads\/2018\/02\/sheath.png\"><img loading=\"lazy\" decoding=\"async\" class=\"alignnone size-full wp-image-1754\" src=\"https:\/\/michaelbarnaart.com\/wp-content\/uploads\/2018\/02\/sheath.png\" alt=\"\" width=\"25\" height=\"25\" srcset=\"https:\/\/michaelbarnaart.com\/wp-content\/uploads\/2018\/02\/sheath.png 25w, https:\/\/michaelbarnaart.com\/wp-content\/uploads\/2018\/02\/sheath-20x20.png 20w\" sizes=\"auto, (max-width: 25px) 100vw, 25px\" \/><\/a> Robe fourreau<\/p>\n<p><a class=\"\" href=\"https:\/\/michaelbarnaart.com\/klantenservice\/\" target=\"_blank\" rel=\"noopener\">Pour plus d&#8217;informations sur les tailles et les coupes, cliquez ici.<\/a><\/p>\n","protected":false},"excerpt":{"rendered":"<p>Agathe est une robe crayon d\u00e9licate avec un tricot magnifiquement \u00e9labor\u00e9 dans deux tons de rouge (rouge fonc\u00e9 et rouge cerise vif) qui accentue la texture. La maille permet \u00e0 la robe de tomber confortablement et de mani\u00e8re ample. Vous n&#8217;\u00eates pas s\u00fbre de la taille et souhaitez que la robe vous aille bien ?&hellip;<\/p>\n","protected":false},"featured_media":29257,"template":"","meta":{"_acf_changed":false},"product_brand":[],"product_cat":[1153],"product_tag":[],"class_list":{"0":"post-29245","1":"product","2":"type-product","3":"status-publish","4":"has-post-thumbnail","6":"product_cat-soldes","7":"pa_maat-34-fr","8":"pa_maat-36-fr","9":"pa_maat-38-fr","10":"pa_maat-40-fr","11":"pa_maat-42-fr","12":"pa_maat-44-fr","14":"first","15":"instock","16":"sale","17":"shipping-taxable","18":"purchasable","19":"product-type-variable","21":"catalog-layout-default","22":"columns-xs-2"},"acf":[],"_links":{"self":[{"href":"https:\/\/michaelbarnaart.com\/fr\/wp-json\/wp\/v2\/product\/29245","targetHints":{"allow":["GET"]}}],"collection":[{"href":"https:\/\/michaelbarnaart.com\/fr\/wp-json\/wp\/v2\/product"}],"about":[{"href":"https:\/\/michaelbarnaart.com\/fr\/wp-json\/wp\/v2\/types\/product"}],"wp:featuredmedia":[{"embeddable":true,"href":"https:\/\/michaelbarnaart.com\/fr\/wp-json\/wp\/v2\/media\/29257"}],"wp:attachment":[{"href":"https:\/\/michaelbarnaart.com\/fr\/wp-json\/wp\/v2\/media?parent=29245"}],"wp:term":[{"taxonomy":"product_brand","embeddable":true,"href":"https:\/\/michaelbarnaart.com\/fr\/wp-json\/wp\/v2\/product_brand?post=29245"},{"taxonomy":"product_cat","embeddable":true,"href":"https:\/\/michaelbarnaart.com\/fr\/wp-json\/wp\/v2\/product_cat?post=29245"},{"taxonomy":"product_tag","embeddable":true,"href":"https:\/\/michaelbarnaart.com\/fr\/wp-json\/wp\/v2\/product_tag?post=29245"}],"curies":[{"name":"wp","href":"https:\/\/api.w.org\/{rel}","templated":true}]}}