{"id":29088,"date":"2023-04-25T16:58:53","date_gmt":"2024-09-11T08:18:44","guid":{"rendered":"https:\/\/michaelbarnaart.com\/product\/madina-robe-crayon\/"},"modified":"2024-09-11T10:22:38","modified_gmt":"2024-09-11T08:22:38","slug":"madina-robe-crayon","status":"publish","type":"product","link":"https:\/\/michaelbarnaart.com\/fr\/produit\/madina-robe-crayon\/","title":{"rendered":"Madina &#8211; robe crayon"},"content":{"rendered":"<p>La robe crayon Madina est un mod\u00e8le intemporel ! Le motif de la jupe s&#8217;inspire des paniers tress\u00e9s artisanalement \u00e0 Castelsardo, sur l&#8217;\u00eele italienne de Sardaigne. Le corsage porte la couleur &#8220;vino&#8221;. Le col montant compl\u00e8te le design sophistiqu\u00e9. Le corsage est tricot\u00e9 en simple et la jupe en double.<\/p>\n<p><em>Dessin:<\/em> flat weave<\/p>\n<p>Coleur<em>:<\/em> vino, bleu nuit, marron, framboise<\/p>\n<p><em>Mod\u00e8le:<\/em> 170 cm de long et porte la taille 36<\/p>\n<p><em>Production:<\/em> durable et traditionnelle aux Pays-Bas<\/p>\n<p><em>Mati\u00e8re:<\/em> 50% coton, 50% acrylique<\/p>\n<p><em>Conseils de lavage:<\/em> lavage \u00e0 30 degr\u00e9s<\/p>\n<p><img loading=\"lazy\" decoding=\"async\" class=\"alignnone size-full wp-image-1751\" src=\"https:\/\/michaelbarnaart.com\/wp-content\/uploads\/2018\/02\/12.png\" alt=\"\" width=\"25\" height=\"25\" srcset=\"https:\/\/michaelbarnaart.com\/wp-content\/uploads\/2018\/02\/12.png 25w, https:\/\/michaelbarnaart.com\/wp-content\/uploads\/2018\/02\/12-20x20.png 20w\" sizes=\"auto, (max-width: 25px) 100vw, 25px\" \/> Haut c\u00f4t\u00e9 simple tricot, bas c\u00f4t\u00e9 double tricot<\/p>\n<p><img loading=\"lazy\" decoding=\"async\" class=\"alignnone size-full wp-image-1754\" src=\"https:\/\/michaelbarnaart.com\/wp-content\/uploads\/2018\/02\/sheath.png\" alt=\"\" width=\"25\" height=\"25\" srcset=\"https:\/\/michaelbarnaart.com\/wp-content\/uploads\/2018\/02\/sheath.png 25w, https:\/\/michaelbarnaart.com\/wp-content\/uploads\/2018\/02\/sheath-20x20.png 20w\" sizes=\"auto, (max-width: 25px) 100vw, 25px\" \/> Robe crayon<\/p>\n<p><a href=\"https:\/\/michaelbarnaart.com\/fr\/service-clientele\/\" target=\"_blank\" rel=\"noopener\">Voir plus d&#8217;informations sur les tailles et la coupe ici.<\/a><\/p>\n","protected":false},"excerpt":{"rendered":"<p>La robe crayon Madina est un mod\u00e8le intemporel ! Le motif de la jupe s&#8217;inspire des paniers tress\u00e9s artisanalement \u00e0 Castelsardo, sur l&#8217;\u00eele italienne de Sardaigne. Le corsage porte la couleur &#8220;vino&#8221;. Le col montant compl\u00e8te le design sophistiqu\u00e9. Le corsage est tricot\u00e9 en simple et la jupe en double. Dessin: flat weave Coleur: vino,&hellip;<\/p>\n","protected":false},"featured_media":29089,"template":"","meta":{"_acf_changed":false},"product_brand":[],"product_cat":[],"product_tag":[],"class_list":{"0":"post-29088","1":"product","2":"type-product","3":"status-publish","4":"has-post-thumbnail","7":"first","8":"outofstock","9":"sale","10":"shipping-taxable","11":"purchasable","12":"product-type-variable","14":"catalog-layout-default","15":"columns-xs-2"},"acf":[],"_links":{"self":[{"href":"https:\/\/michaelbarnaart.com\/fr\/wp-json\/wp\/v2\/product\/29088","targetHints":{"allow":["GET"]}}],"collection":[{"href":"https:\/\/michaelbarnaart.com\/fr\/wp-json\/wp\/v2\/product"}],"about":[{"href":"https:\/\/michaelbarnaart.com\/fr\/wp-json\/wp\/v2\/types\/product"}],"wp:featuredmedia":[{"embeddable":true,"href":"https:\/\/michaelbarnaart.com\/fr\/wp-json\/wp\/v2\/media\/29089"}],"wp:attachment":[{"href":"https:\/\/michaelbarnaart.com\/fr\/wp-json\/wp\/v2\/media?parent=29088"}],"wp:term":[{"taxonomy":"product_brand","embeddable":true,"href":"https:\/\/michaelbarnaart.com\/fr\/wp-json\/wp\/v2\/product_brand?post=29088"},{"taxonomy":"product_cat","embeddable":true,"href":"https:\/\/michaelbarnaart.com\/fr\/wp-json\/wp\/v2\/product_cat?post=29088"},{"taxonomy":"product_tag","embeddable":true,"href":"https:\/\/michaelbarnaart.com\/fr\/wp-json\/wp\/v2\/product_tag?post=29088"}],"curies":[{"name":"wp","href":"https:\/\/api.w.org\/{rel}","templated":true}]}}