{"id":29015,"date":"2024-09-10T12:45:08","date_gmt":"2024-09-10T10:45:08","guid":{"rendered":"https:\/\/michaelbarnaart.com\/?post_type=product&#038;p=29015"},"modified":"2024-09-10T14:19:57","modified_gmt":"2024-09-10T12:19:57","slug":"anais","status":"publish","type":"product","link":"https:\/\/michaelbarnaart.com\/fr\/produit\/anais\/","title":{"rendered":"Anais &#8211; robe fourreau"},"content":{"rendered":"<p>Moins, c&#8217;est mieux ! Dot\u00e9e d&#8217;une composition graphique en laine blanche, la robe crayon noire Anais d\u00e9gage une allure intemporelle. Elle pr\u00e9sente un col roul\u00e9 \u00e9l\u00e9gant et d&#8217;\u00e9l\u00e9gantes manches trois-quarts. La ceinture blanche tricot\u00e9e flatte la silhouette et \u00e9quilibre joliment les proportions du corps. Les poignets blancs compl\u00e8tent la composition. Cette jolie robe \u00e0 double tricot est confortable et convient \u00e0 toutes les occasions!<\/p>\n<p><em>Couleur:<\/em> noir profond avec laine blanche<\/p>\n<p><em>Mod\u00e8le:<\/em> taille 36<\/p>\n<p><em>Production:<\/em> durable et traditionnelle aux Pays-Bas<\/p>\n<p><em>Mati\u00e8re:<\/em> 50% coton, 50% acrylique<\/p>\n<p><em>Conseils de lavage:<\/em> laver \u00e0 30 degr\u00e9s<\/p>\n<p><img loading=\"lazy\" decoding=\"async\" class=\"alignnone size-full wp-image-1750\" src=\"https:\/\/michaelbarnaart.com\/wp-content\/uploads\/2018\/02\/2.png\" alt=\"\" width=\"25\" height=\"25\" srcset=\"https:\/\/michaelbarnaart.com\/wp-content\/uploads\/2018\/02\/2.png 25w, https:\/\/michaelbarnaart.com\/wp-content\/uploads\/2018\/02\/2-20x20.png 20w\" sizes=\"auto, (max-width: 25px) 100vw, 25px\" \/> Double tricot<\/p>\n<p><img loading=\"lazy\" decoding=\"async\" class=\"alignnone size-full wp-image-1754\" src=\"https:\/\/michaelbarnaart.com\/wp-content\/uploads\/2018\/02\/sheath.png\" alt=\"\" width=\"25\" height=\"25\" srcset=\"https:\/\/michaelbarnaart.com\/wp-content\/uploads\/2018\/02\/sheath.png 25w, https:\/\/michaelbarnaart.com\/wp-content\/uploads\/2018\/02\/sheath-20x20.png 20w\" sizes=\"auto, (max-width: 25px) 100vw, 25px\" \/> Robe fourreau<\/p>\n<p><a href=\"https:\/\/michaelbarnaart.com\/fr\/service-clientele\/\" target=\"_blank\" rel=\"noopener\">Pour plus d&#8217;informations sur les tailles et les coupes, cliquez ici.<\/a><\/p>\n","protected":false},"excerpt":{"rendered":"<p>Moins, c&#8217;est mieux ! Dot\u00e9e d&#8217;une composition graphique en laine blanche, la robe crayon noire Anais d\u00e9gage une allure intemporelle. Elle pr\u00e9sente un col roul\u00e9 \u00e9l\u00e9gant et d&#8217;\u00e9l\u00e9gantes manches trois-quarts. La ceinture blanche tricot\u00e9e flatte la silhouette et \u00e9quilibre joliment les proportions du corps. Les poignets blancs compl\u00e8tent la composition. Cette jolie robe \u00e0 double&hellip;<\/p>\n","protected":false},"featured_media":32840,"template":"","meta":{"_acf_changed":false},"product_brand":[],"product_cat":[1121,1129,1116,1106,1105,1122],"product_tag":[],"class_list":{"0":"post-29015","1":"product","2":"type-product","3":"status-publish","4":"has-post-thumbnail","6":"product_cat-double-tricot-tissu-epais","7":"product_cat-robe-fourreau","8":"product_cat-robes","9":"product_cat-saison","10":"product_cat-tout","11":"product_cat-tricots","12":"pa_maat-34-fr","13":"pa_maat-36-fr","14":"pa_maat-38-fr","15":"pa_maat-40-fr","16":"pa_maat-42-fr","17":"pa_maat-44-fr","19":"first","20":"instock","21":"shipping-taxable","22":"purchasable","23":"product-type-variable","25":"catalog-layout-default","26":"columns-xs-2"},"acf":[],"_links":{"self":[{"href":"https:\/\/michaelbarnaart.com\/fr\/wp-json\/wp\/v2\/product\/29015","targetHints":{"allow":["GET"]}}],"collection":[{"href":"https:\/\/michaelbarnaart.com\/fr\/wp-json\/wp\/v2\/product"}],"about":[{"href":"https:\/\/michaelbarnaart.com\/fr\/wp-json\/wp\/v2\/types\/product"}],"wp:featuredmedia":[{"embeddable":true,"href":"https:\/\/michaelbarnaart.com\/fr\/wp-json\/wp\/v2\/media\/32840"}],"wp:attachment":[{"href":"https:\/\/michaelbarnaart.com\/fr\/wp-json\/wp\/v2\/media?parent=29015"}],"wp:term":[{"taxonomy":"product_brand","embeddable":true,"href":"https:\/\/michaelbarnaart.com\/fr\/wp-json\/wp\/v2\/product_brand?post=29015"},{"taxonomy":"product_cat","embeddable":true,"href":"https:\/\/michaelbarnaart.com\/fr\/wp-json\/wp\/v2\/product_cat?post=29015"},{"taxonomy":"product_tag","embeddable":true,"href":"https:\/\/michaelbarnaart.com\/fr\/wp-json\/wp\/v2\/product_tag?post=29015"}],"curies":[{"name":"wp","href":"https:\/\/api.w.org\/{rel}","templated":true}]}}