{"id":28824,"date":"2024-08-03T16:58:49","date_gmt":"2024-08-03T14:58:49","guid":{"rendered":"https:\/\/michaelbarnaart.com\/?post_type=product&#038;p=28824"},"modified":"2024-08-03T18:37:03","modified_gmt":"2024-08-03T16:37:03","slug":"giada","status":"publish","type":"product","link":"https:\/\/michaelbarnaart.com\/fr\/produit\/giada\/","title":{"rendered":"Giada &#8211; robe fourreau"},"content":{"rendered":"<p>La ravissante robe crayon Giada a des manches longues. Le bodice est tricot\u00e9 en simple et la bas de la robe est tricot\u00e9e en double. Le bas de la robe pr\u00e9sente un motif sym\u00e9trique orn\u00e9 (inspir\u00e9 des riches d\u00e9tails du petit ch\u00e2teau Le Piot) ex\u00e9cut\u00e9 en ton sur ton pour un look sophistiqu\u00e9. Cette robe polyvalente peut \u00eatre port\u00e9e toute l&#8217;ann\u00e9e et convient \u00e0 toutes les occasions !<\/p>\n<p>Giada est fabriqu\u00e9 de mani\u00e8re durable en Europe (Pays-Bas).<\/p>\n<p>Dessin: curly craft.<\/p>\n<p>Couleur : vert pin et vert absinthe.<\/p>\n<p>Mod\u00e8le : taille 36. Production : durable et artisanale aux Pays-Bas.<\/p>\n<p>Mati\u00e8re : 50% coton, 50% acrylique.<\/p>\n<p>Conseils de lavage : laver \u00e0 30 degr\u00e9s.<\/p>\n<p><img loading=\"lazy\" decoding=\"async\" class=\"alignnone size-full wp-image-1751\" src=\"https:\/\/michaelbarnaart.com\/wp-content\/uploads\/2018\/02\/12.png\" sizes=\"auto, (max-width: 25px) 100vw, 25px\" srcset=\"https:\/\/michaelbarnaart.com\/wp-content\/uploads\/2018\/02\/12.png 25w, https:\/\/michaelbarnaart.com\/wp-content\/uploads\/2018\/02\/12-20x20.png 20w\" alt=\"\" width=\"25\" height=\"25\" \/> Tricotage simple en haut, double tricotage en bas.<\/p>\n<p><img loading=\"lazy\" decoding=\"async\" class=\"alignnone size-full wp-image-1754\" src=\"https:\/\/michaelbarnaart.com\/wp-content\/uploads\/2018\/02\/sheath.png\" alt=\"\" width=\"25\" height=\"25\" srcset=\"https:\/\/michaelbarnaart.com\/wp-content\/uploads\/2018\/02\/sheath.png 25w, https:\/\/michaelbarnaart.com\/wp-content\/uploads\/2018\/02\/sheath-20x20.png 20w\" sizes=\"auto, (max-width: 25px) 100vw, 25px\" \/> Robe fourreau.<\/p>\n<p><a href=\"https:\/\/michaelbarnaart.com\/fr\/service-clientele\/\" target=\"_blank\" rel=\"noopener\">Pour plus d&#8217;informations sur les tailles et les coupes, cliquez ici.<\/a><\/p>\n","protected":false},"excerpt":{"rendered":"<p>La ravissante robe crayon Giada a des manches longues. Le bodice est tricot\u00e9 en simple et la bas de la robe est tricot\u00e9e en double. Le bas de la robe pr\u00e9sente un motif sym\u00e9trique orn\u00e9 (inspir\u00e9 des riches d\u00e9tails du petit ch\u00e2teau Le Piot) ex\u00e9cut\u00e9 en ton sur ton pour un look sophistiqu\u00e9. Cette robe&hellip;<\/p>\n","protected":false},"featured_media":28848,"template":"","meta":{"_acf_changed":false},"product_brand":[],"product_cat":[1153],"product_tag":[],"class_list":{"0":"post-28824","1":"product","2":"type-product","3":"status-publish","4":"has-post-thumbnail","6":"product_cat-soldes","7":"pa_maat-34-fr","8":"pa_maat-36-fr","9":"pa_maat-38-fr","10":"pa_maat-40-fr","11":"pa_maat-42-fr","12":"pa_maat-44-fr","14":"first","15":"instock","16":"sale","17":"shipping-taxable","18":"purchasable","19":"product-type-variable","21":"catalog-layout-default","22":"columns-xs-2"},"acf":[],"_links":{"self":[{"href":"https:\/\/michaelbarnaart.com\/fr\/wp-json\/wp\/v2\/product\/28824","targetHints":{"allow":["GET"]}}],"collection":[{"href":"https:\/\/michaelbarnaart.com\/fr\/wp-json\/wp\/v2\/product"}],"about":[{"href":"https:\/\/michaelbarnaart.com\/fr\/wp-json\/wp\/v2\/types\/product"}],"wp:featuredmedia":[{"embeddable":true,"href":"https:\/\/michaelbarnaart.com\/fr\/wp-json\/wp\/v2\/media\/28848"}],"wp:attachment":[{"href":"https:\/\/michaelbarnaart.com\/fr\/wp-json\/wp\/v2\/media?parent=28824"}],"wp:term":[{"taxonomy":"product_brand","embeddable":true,"href":"https:\/\/michaelbarnaart.com\/fr\/wp-json\/wp\/v2\/product_brand?post=28824"},{"taxonomy":"product_cat","embeddable":true,"href":"https:\/\/michaelbarnaart.com\/fr\/wp-json\/wp\/v2\/product_cat?post=28824"},{"taxonomy":"product_tag","embeddable":true,"href":"https:\/\/michaelbarnaart.com\/fr\/wp-json\/wp\/v2\/product_tag?post=28824"}],"curies":[{"name":"wp","href":"https:\/\/api.w.org\/{rel}","templated":true}]}}