{"id":28690,"date":"2024-07-20T14:37:23","date_gmt":"2024-07-20T12:37:23","guid":{"rendered":"https:\/\/michaelbarnaart.com\/?post_type=product&#038;p=28690"},"modified":"2024-11-02T12:15:06","modified_gmt":"2024-11-02T11:15:06","slug":"cassenoisette","status":"publish","type":"product","link":"https:\/\/michaelbarnaart.com\/fr\/produit\/cassenoisette\/","title":{"rendered":"Casse-Noisette broche (num\u00e9rot\u00e9e)"},"content":{"rendered":"<div id=\"tab-product-description\" class=\"ui-tabs-panel ui-widget-content ui-corner-bottom\" role=\"tabpanel\">\n<div class=\"description\">\n<p><span data-surface-wrapper=\"1\" data-surface=\"\/bizweb:content_calendar\"><span class=\"x193iq5w xeuugli x13faqbe x1vvkbs xlh3980 xvmahel x1n0sxbx x1lliihq x1s928wv xhkezso x1gmr53x x1cpjm7i x1fgarty x1943h6x xudqn12 x3x7a5m x6prxxf xvq8zen xo1l8bm xzsf02u x1yc453h\" dir=\"auto\">Cette broche en forme de casse-noisette est un symbole embl\u00e9matique de No\u00ebl. Le c\u00e9l\u00e8bre ballet de Tcha\u00efkovski, Casse-Noisette (1892), se d\u00e9roule la veille de No\u00ebl et raconte l&#8217;histoire d&#8217;une marionnette qui prend vie. Les poup\u00e9es Casse-Noisette symbolisent la protection et la chance. <\/span><\/span><\/p>\n<p>Chaque broche num\u00e9rot\u00e9e est pr\u00e9sent\u00e9e dans une bo\u00eete cadeau festive.<\/p>\n<p>Taille: 60 mm x 21 mm<br \/>\nMat\u00e9riau : m\u00e9tal avec couleurs \u00e9maill\u00e9es<br \/>\nFermeture : magn\u00e9tique<\/p>\n<p>Ne pas utiliser en association avec un stimulateur cardiaque.<\/p>\n<\/div>\n<\/div>\n","protected":false},"excerpt":{"rendered":"<p>Cette broche en forme de casse-noisette est un symbole embl\u00e9matique de No\u00ebl. Le c\u00e9l\u00e8bre ballet de Tcha\u00efkovski, Casse-Noisette (1892), se d\u00e9roule la veille de No\u00ebl et raconte l&#8217;histoire d&#8217;une marionnette qui prend vie. Les poup\u00e9es Casse-Noisette symbolisent la protection et la chance. Chaque broche num\u00e9rot\u00e9e est pr\u00e9sent\u00e9e dans une bo\u00eete cadeau festive. Taille: 60 mm&hellip;<\/p>\n","protected":false},"featured_media":28702,"template":"","meta":{"_acf_changed":false},"product_brand":[],"product_cat":[1144,1143,1105],"product_tag":[],"class_list":{"0":"post-28690","1":"product","2":"type-product","3":"status-publish","4":"has-post-thumbnail","6":"product_cat-accueil","7":"product_cat-broches","8":"product_cat-tout","10":"first","11":"instock","12":"shipping-taxable","13":"purchasable","14":"product-type-simple","16":"catalog-layout-default","17":"columns-xs-2"},"acf":[],"_links":{"self":[{"href":"https:\/\/michaelbarnaart.com\/fr\/wp-json\/wp\/v2\/product\/28690","targetHints":{"allow":["GET"]}}],"collection":[{"href":"https:\/\/michaelbarnaart.com\/fr\/wp-json\/wp\/v2\/product"}],"about":[{"href":"https:\/\/michaelbarnaart.com\/fr\/wp-json\/wp\/v2\/types\/product"}],"wp:featuredmedia":[{"embeddable":true,"href":"https:\/\/michaelbarnaart.com\/fr\/wp-json\/wp\/v2\/media\/28702"}],"wp:attachment":[{"href":"https:\/\/michaelbarnaart.com\/fr\/wp-json\/wp\/v2\/media?parent=28690"}],"wp:term":[{"taxonomy":"product_brand","embeddable":true,"href":"https:\/\/michaelbarnaart.com\/fr\/wp-json\/wp\/v2\/product_brand?post=28690"},{"taxonomy":"product_cat","embeddable":true,"href":"https:\/\/michaelbarnaart.com\/fr\/wp-json\/wp\/v2\/product_cat?post=28690"},{"taxonomy":"product_tag","embeddable":true,"href":"https:\/\/michaelbarnaart.com\/fr\/wp-json\/wp\/v2\/product_tag?post=28690"}],"curies":[{"name":"wp","href":"https:\/\/api.w.org\/{rel}","templated":true}]}}