{"id":28665,"date":"2024-07-20T13:04:10","date_gmt":"2024-07-20T11:04:10","guid":{"rendered":"https:\/\/michaelbarnaart.com\/?post_type=product&#038;p=28665"},"modified":"2025-02-04T11:15:38","modified_gmt":"2025-02-04T10:15:38","slug":"noeud","status":"publish","type":"product","link":"https:\/\/michaelbarnaart.com\/fr\/produit\/noeud\/","title":{"rendered":"N\u0153ud broche (num\u00e9rot\u00e9e)"},"content":{"rendered":"<div id=\"tab-product-description\" class=\"ui-tabs-panel ui-widget-content ui-corner-bottom\" role=\"tabpanel\">\n<div class=\"description\">\n<p><span data-surface-wrapper=\"1\" data-surface=\"\/bizweb:content_calendar\"><span class=\"x193iq5w xeuugli x13faqbe x1vvkbs xlh3980 xvmahel x1n0sxbx x1lliihq x1s928wv xhkezso x1gmr53x x1cpjm7i x1fgarty x1943h6x xudqn12 x3x7a5m x6prxxf xvq8zen xo1l8bm xzsf02u x1yc453h\" dir=\"auto\">Au fil de l&#8217;histoire, le n\u0153ud est pass\u00e9 d&#8217;une simple fermeture \u00e0 un accessoire de mode orn\u00e9. Aujourd&#8217;hui, le n\u0153ud symbolise l&#8217;\u00e9l\u00e9gance, le style et la finesse. Les fines rainures dans le m\u00e9tal donnent \u00e0 la broche un \u00e9clat tridimensionnel. <\/span><\/span><\/p>\n<p>Chaque broche num\u00e9rot\u00e9e est livr\u00e9e dans une jolie bo\u00eete cadeau.<\/p>\n<p>Taille: 50 mm x 41 mm<\/p>\n<p>Mat\u00e9riau: fer dor\u00e9<\/p>\n<p>Fermeture: aimant<\/p>\n<p>Ne pas utiliser en combinaison avec un stimulateur cardiaque.<\/p>\n<\/div>\n<\/div>\n","protected":false},"excerpt":{"rendered":"<p>Au fil de l&#8217;histoire, le n\u0153ud est pass\u00e9 d&#8217;une simple fermeture \u00e0 un accessoire de mode orn\u00e9. Aujourd&#8217;hui, le n\u0153ud symbolise l&#8217;\u00e9l\u00e9gance, le style et la finesse. Les fines rainures dans le m\u00e9tal donnent \u00e0 la broche un \u00e9clat tridimensionnel. Chaque broche num\u00e9rot\u00e9e est livr\u00e9e dans une jolie bo\u00eete cadeau. Taille: 50 mm x 41&hellip;<\/p>\n","protected":false},"featured_media":28732,"template":"","meta":{"_acf_changed":false},"product_brand":[],"product_cat":[1144,1143,1105],"product_tag":[],"class_list":{"0":"post-28665","1":"product","2":"type-product","3":"status-publish","4":"has-post-thumbnail","6":"product_cat-accueil","7":"product_cat-broches","8":"product_cat-tout","10":"first","11":"instock","12":"shipping-taxable","13":"purchasable","14":"product-type-simple","16":"catalog-layout-default","17":"columns-xs-2"},"acf":[],"_links":{"self":[{"href":"https:\/\/michaelbarnaart.com\/fr\/wp-json\/wp\/v2\/product\/28665","targetHints":{"allow":["GET"]}}],"collection":[{"href":"https:\/\/michaelbarnaart.com\/fr\/wp-json\/wp\/v2\/product"}],"about":[{"href":"https:\/\/michaelbarnaart.com\/fr\/wp-json\/wp\/v2\/types\/product"}],"wp:featuredmedia":[{"embeddable":true,"href":"https:\/\/michaelbarnaart.com\/fr\/wp-json\/wp\/v2\/media\/28732"}],"wp:attachment":[{"href":"https:\/\/michaelbarnaart.com\/fr\/wp-json\/wp\/v2\/media?parent=28665"}],"wp:term":[{"taxonomy":"product_brand","embeddable":true,"href":"https:\/\/michaelbarnaart.com\/fr\/wp-json\/wp\/v2\/product_brand?post=28665"},{"taxonomy":"product_cat","embeddable":true,"href":"https:\/\/michaelbarnaart.com\/fr\/wp-json\/wp\/v2\/product_cat?post=28665"},{"taxonomy":"product_tag","embeddable":true,"href":"https:\/\/michaelbarnaart.com\/fr\/wp-json\/wp\/v2\/product_tag?post=28665"}],"curies":[{"name":"wp","href":"https:\/\/api.w.org\/{rel}","templated":true}]}}