{"id":27951,"date":"2018-10-24T17:01:18","date_gmt":"2024-05-22T21:09:31","guid":{"rendered":"https:\/\/michaelbarnaart.com\/product\/dripping-tricomatic-robe-droit\/"},"modified":"2025-09-16T17:20:44","modified_gmt":"2025-09-16T15:20:44","slug":"dripping-tricomatic","status":"publish","type":"product","link":"https:\/\/michaelbarnaart.com\/fr\/produit\/dripping-tricomatic\/","title":{"rendered":"Dripping Tricomatic robe droit"},"content":{"rendered":"<p class=\"title\">Dripping est une robe en tricot avec un motif tricot\u00e9 en trompe-l&#8217;\u0153il repr\u00e9sentant des gouttes de peinture. Un n\u0153ud est fix\u00e9 sur le devant de l&#8217;encolure. La silhouette droite assure une coupe confortable et ample.<\/p>\n<p>Cr\u00e9ez votre propre combinaison de couleurs !<\/p>\n<p><img loading=\"lazy\" decoding=\"async\" class=\"alignnone size-full wp-image-1750\" src=\"https:\/\/michaelbarnaart.com\/wp-content\/uploads\/2018\/02\/2.png\" alt=\"\" width=\"25\" height=\"25\" srcset=\"https:\/\/michaelbarnaart.com\/wp-content\/uploads\/2018\/02\/2.png 25w, https:\/\/michaelbarnaart.com\/wp-content\/uploads\/2018\/02\/2-20x20.png 20w\" sizes=\"auto, (max-width: 25px) 100vw, 25px\" \/> Double tricot<\/p>\n<p><img loading=\"lazy\" decoding=\"async\" class=\"alignnone size-full wp-image-1755\" src=\"https:\/\/michaelbarnaart.com\/wp-content\/uploads\/2018\/02\/shift.png\" alt=\"\" width=\"25\" height=\"25\" srcset=\"https:\/\/michaelbarnaart.com\/wp-content\/uploads\/2018\/02\/shift.png 25w, https:\/\/michaelbarnaart.com\/wp-content\/uploads\/2018\/02\/shift-20x20.png 20w\" sizes=\"auto, (max-width: 25px) 100vw, 25px\" \/> Robe droite<\/p>\n<p>50% coton<br \/>\n50% acrylique<br \/>\nLaver \u00e0 30 degr\u00e9s.<\/p>\n<p>Design n\u00e9erlandais : con\u00e7u et fabriqu\u00e9 aux Pays-Bas.<\/p>\n<p><img loading=\"lazy\" decoding=\"async\" class=\"alignnone size-full wp-image-8386\" src=\"https:\/\/michaelbarnaart.com\/wp-content\/uploads\/2018\/10\/MichaelBarnaart-Tricomatic.gif\" alt=\"\" width=\"2000\" height=\"1400\" \/><\/p>\n<p><img loading=\"lazy\" decoding=\"async\" class=\"alignnone size-full wp-image-8279\" src=\"https:\/\/michaelbarnaart.com\/wp-content\/uploads\/2018\/10\/dripping.jpg\" alt=\"\" width=\"2000\" height=\"1500\" srcset=\"https:\/\/michaelbarnaart.com\/wp-content\/uploads\/2018\/10\/dripping.jpg 2000w, https:\/\/michaelbarnaart.com\/wp-content\/uploads\/2018\/10\/dripping-600x450.jpg 600w, https:\/\/michaelbarnaart.com\/wp-content\/uploads\/2018\/10\/dripping-300x225.jpg 300w, https:\/\/michaelbarnaart.com\/wp-content\/uploads\/2018\/10\/dripping-1024x768.jpg 1024w, https:\/\/michaelbarnaart.com\/wp-content\/uploads\/2018\/10\/dripping-768x576.jpg 768w, https:\/\/michaelbarnaart.com\/wp-content\/uploads\/2018\/10\/dripping-1536x1152.jpg 1536w, https:\/\/michaelbarnaart.com\/wp-content\/uploads\/2018\/10\/dripping-1482x1112.jpg 1482w, https:\/\/michaelbarnaart.com\/wp-content\/uploads\/2018\/10\/dripping-1612x1209.jpg 1612w, https:\/\/michaelbarnaart.com\/wp-content\/uploads\/2018\/10\/dripping-1116x837.jpg 1116w, https:\/\/michaelbarnaart.com\/wp-content\/uploads\/2018\/10\/dripping-806x605.jpg 806w, https:\/\/michaelbarnaart.com\/wp-content\/uploads\/2018\/10\/dripping-558x419.jpg 558w, https:\/\/michaelbarnaart.com\/wp-content\/uploads\/2018\/10\/dripping-655x491.jpg 655w\" sizes=\"auto, (max-width: 2000px) 100vw, 2000px\" \/><br \/>\n<em>Image : Dik Nicolai (\u00e0 gauche), Hermanna Prinsen (\u00e0 droite)<\/em><\/p>\n<p>Dripping, r\u00e9alis\u00e9 en 2011 dans la combinaison de couleurs cognac-orange et beige (\u00e0 gauche), a \u00e9t\u00e9 expos\u00e9 au Gemeentemuseum Den Haag dans le cadre de l&#8217;exposition &#8221; Mode \u2665 Kunst : an affair &#8220;, aux c\u00f4t\u00e9s de cr\u00e9ations de Liberty&#8217;s, Sonia Delaunay, Yves Saint Laurent, Givenchy et Schiaparelli.<\/p>\n<p>En 2015, Dripping a de nouveau \u00e9t\u00e9 pr\u00e9sent\u00e9 au Gemeentemuseum dans le cadre de l&#8217;exposition &#8220;Ode \u00e0 la mode n\u00e9erlandaise&#8221;. \u00c0 l&#8217;\u00e9poque, la robe \u00e9tait noire et beige.<\/p>\n","protected":false},"excerpt":{"rendered":"<p>Dripping est une robe en tricot avec un motif tricot\u00e9 en trompe-l&#8217;\u0153il repr\u00e9sentant des gouttes de peinture. Un n\u0153ud est fix\u00e9 sur le devant de l&#8217;encolure. La silhouette droite assure une coupe confortable et ample. Cr\u00e9ez votre propre combinaison de couleurs ! Double tricot Robe droite 50% coton 50% acrylique Laver \u00e0 30 degr\u00e9s. Design&hellip;<\/p>\n","protected":false},"featured_media":27952,"template":"","meta":{"_acf_changed":false},"product_brand":[],"product_cat":[1120,1121,1116,1137,1105,1151,1122],"product_tag":[],"class_list":{"0":"post-27951","1":"product","2":"type-product","3":"status-publish","4":"has-post-thumbnail","6":"product_cat-classiques","7":"product_cat-double-tricot-tissu-epais","8":"product_cat-robes","9":"product_cat-silhouette-droite","10":"product_cat-tout","11":"product_cat-tricomatic-fr","12":"product_cat-tricots","14":"first","15":"instock","16":"shipping-taxable","17":"purchasable","18":"product-type-variable","20":"catalog-layout-default","21":"columns-xs-2"},"acf":[],"_links":{"self":[{"href":"https:\/\/michaelbarnaart.com\/fr\/wp-json\/wp\/v2\/product\/27951","targetHints":{"allow":["GET"]}}],"collection":[{"href":"https:\/\/michaelbarnaart.com\/fr\/wp-json\/wp\/v2\/product"}],"about":[{"href":"https:\/\/michaelbarnaart.com\/fr\/wp-json\/wp\/v2\/types\/product"}],"wp:featuredmedia":[{"embeddable":true,"href":"https:\/\/michaelbarnaart.com\/fr\/wp-json\/wp\/v2\/media\/27952"}],"wp:attachment":[{"href":"https:\/\/michaelbarnaart.com\/fr\/wp-json\/wp\/v2\/media?parent=27951"}],"wp:term":[{"taxonomy":"product_brand","embeddable":true,"href":"https:\/\/michaelbarnaart.com\/fr\/wp-json\/wp\/v2\/product_brand?post=27951"},{"taxonomy":"product_cat","embeddable":true,"href":"https:\/\/michaelbarnaart.com\/fr\/wp-json\/wp\/v2\/product_cat?post=27951"},{"taxonomy":"product_tag","embeddable":true,"href":"https:\/\/michaelbarnaart.com\/fr\/wp-json\/wp\/v2\/product_tag?post=27951"}],"curies":[{"name":"wp","href":"https:\/\/api.w.org\/{rel}","templated":true}]}}