{"id":27940,"date":"2018-02-25T12:40:42","date_gmt":"2024-05-22T20:55:24","guid":{"rendered":"https:\/\/michaelbarnaart.com\/product\/man-ray-robe-trapeze\/"},"modified":"2024-05-22T22:55:24","modified_gmt":"2024-05-22T20:55:24","slug":"man-ray-robe-trapeze","status":"publish","type":"product","link":"https:\/\/michaelbarnaart.com\/fr\/produit\/man-ray-robe-trapeze\/","title":{"rendered":"Man Ray robe trap\u00e8ze"},"content":{"rendered":"<div id=\"tab-product-description\" class=\"ui-tabs-panel ui-widget-content ui-corner-bottom\" role=\"tabpanel\" aria-labelledby=\"ui-id-1\" aria-hidden=\"false\">\n<div class=\"description\">\n<h1>Cette robe s&#8217;inspire de la c\u00e9l\u00e8bre photographie de Man Ray &#8220;Le Violon d&#8217;Ingres&#8221; (1924), qui repr\u00e9sente une femme sous les traits d&#8217;un violon.<\/h1>\n<p>Sur <span data-offset-key=\"8trjj-0-0\">le devant et le dos de cette robe en tricot, des ou\u00efes du violon sont tricot\u00e9es dans le tissu<\/span>. La robe trap\u00e8ze (ligne A) est ajust\u00e9e aux \u00e9paules et s&#8217;\u00e9vase plus largement. La couleur est noire et <span class=\"st\">cr\u00e8me<\/span>. Cette petite robe noire est un v\u00e9ritable classique et un <em>sujet de conversation !<\/em><\/p>\n<p>Saviez-vous qu&#8217;Yves Saint Laurent a invent\u00e9 la silhouette trap\u00e8ze en 1958 ?<\/p>\n<p>Design n\u00e9erlandais : con\u00e7u et produit aux Pays-Bas.<\/p>\n<p><img loading=\"lazy\" decoding=\"async\" class=\"alignnone size-full wp-image-1750\" src=\"https:\/\/michaelbarnaart.com\/wp-content\/uploads\/2018\/02\/2.png\" alt=\"\" width=\"25\" height=\"25\" srcset=\"https:\/\/michaelbarnaart.com\/wp-content\/uploads\/2018\/02\/2.png 25w, https:\/\/michaelbarnaart.com\/wp-content\/uploads\/2018\/02\/2-20x20.png 20w\" sizes=\"auto, (max-width: 25px) 100vw, 25px\" \/> Double tricot<\/p>\n<p><img loading=\"lazy\" decoding=\"async\" class=\"alignnone size-full wp-image-1756\" src=\"https:\/\/michaelbarnaart.com\/wp-content\/uploads\/2018\/02\/trapeze.png\" alt=\"\" width=\"25\" height=\"25\" srcset=\"https:\/\/michaelbarnaart.com\/wp-content\/uploads\/2018\/02\/trapeze.png 25w, https:\/\/michaelbarnaart.com\/wp-content\/uploads\/2018\/02\/trapeze-20x20.png 20w\" sizes=\"auto, (max-width: 25px) 100vw, 25px\" \/> Robe trap\u00e8ze<\/p>\n<p>50% coton<br \/>\n50% acrylique<br \/>\nLaver \u00e0 30 degr\u00e9s<\/p>\n<\/div>\n<\/div>\n","protected":false},"excerpt":{"rendered":"<p>Cette robe s&#8217;inspire de la c\u00e9l\u00e8bre photographie de Man Ray &#8220;Le Violon d&#8217;Ingres&#8221; (1924), qui repr\u00e9sente une femme sous les traits d&#8217;un violon. Sur le devant et le dos de cette robe en tricot, des ou\u00efes du violon sont tricot\u00e9es dans le tissu. La robe trap\u00e8ze (ligne A) est ajust\u00e9e aux \u00e9paules et s&#8217;\u00e9vase plus&hellip;<\/p>\n","protected":false},"featured_media":27941,"template":"","meta":{"_acf_changed":false},"product_brand":[],"product_cat":[1120,1121,1116,1149,1105,1122],"product_tag":[],"class_list":{"0":"post-27940","1":"product","2":"type-product","3":"status-publish","4":"has-post-thumbnail","6":"product_cat-classiques","7":"product_cat-double-tricot-tissu-epais","8":"product_cat-robes","9":"product_cat-silhouette-trapeze","10":"product_cat-tout","11":"product_cat-tricots","12":"pa_maat-36-fr","13":"pa_maat-38-fr","14":"pa_maat-40-fr","15":"pa_maat-42-fr","16":"pa_maat-44-fr","18":"first","19":"instock","20":"shipping-taxable","21":"purchasable","22":"product-type-variable","24":"catalog-layout-default","25":"columns-xs-2"},"acf":[],"_links":{"self":[{"href":"https:\/\/michaelbarnaart.com\/fr\/wp-json\/wp\/v2\/product\/27940","targetHints":{"allow":["GET"]}}],"collection":[{"href":"https:\/\/michaelbarnaart.com\/fr\/wp-json\/wp\/v2\/product"}],"about":[{"href":"https:\/\/michaelbarnaart.com\/fr\/wp-json\/wp\/v2\/types\/product"}],"wp:featuredmedia":[{"embeddable":true,"href":"https:\/\/michaelbarnaart.com\/fr\/wp-json\/wp\/v2\/media\/27941"}],"wp:attachment":[{"href":"https:\/\/michaelbarnaart.com\/fr\/wp-json\/wp\/v2\/media?parent=27940"}],"wp:term":[{"taxonomy":"product_brand","embeddable":true,"href":"https:\/\/michaelbarnaart.com\/fr\/wp-json\/wp\/v2\/product_brand?post=27940"},{"taxonomy":"product_cat","embeddable":true,"href":"https:\/\/michaelbarnaart.com\/fr\/wp-json\/wp\/v2\/product_cat?post=27940"},{"taxonomy":"product_tag","embeddable":true,"href":"https:\/\/michaelbarnaart.com\/fr\/wp-json\/wp\/v2\/product_tag?post=27940"}],"curies":[{"name":"wp","href":"https:\/\/api.w.org\/{rel}","templated":true}]}}