{"id":27930,"date":"2018-02-25T12:44:50","date_gmt":"2024-05-22T20:37:46","guid":{"rendered":"https:\/\/michaelbarnaart.com\/product\/couper-ici-robe-crayon\/"},"modified":"2024-05-22T22:37:52","modified_gmt":"2024-05-22T20:37:52","slug":"couper-ici-robe-crayon","status":"publish","type":"product","link":"https:\/\/michaelbarnaart.com\/fr\/produit\/couper-ici-robe-crayon\/","title":{"rendered":"Couper ici &#8211; robe crayon"},"content":{"rendered":"<div id=\"tab-product-description\" class=\"ui-tabs-panel ui-widget-content ui-corner-bottom\" role=\"tabpanel\">\n<div class=\"description\">\n<h1>&#8216;Couper ici&#8217; est un clin d&#8217;\u0153il \u00e0 la mini-jupe !<\/h1>\n<p>La coupe d&#8217;environ 20 cm de la jupe s&#8217;est av\u00e9r\u00e9e r\u00e9volutionnaire. La photo d&#8217;une femme en minijupe a \u00e9t\u00e9 publi\u00e9e pour la premi\u00e8re fois dans le magazine britannique VOGUE en 1962. Les avis sont partag\u00e9s quant \u00e0 savoir si la mini-jupe a \u00e9t\u00e9 invent\u00e9e par la Britannique Mary Quant ou le Fran\u00e7ais Andr\u00e9 Courr\u00e8ges, mais le Sunday Times anglais a proclam\u00e9 1963 comme l&#8217;ann\u00e9e de la jambe.<\/p>\n<p>Cette robe en maille, con\u00e7ue en jacquard, se compose d&#8217;une ligne de ciseaux et d&#8217;une ligne de d\u00e9coupe et se d\u00e9cline en noir et en <span class=\"st\">cr\u00e8me<\/span>.<\/p>\n<p>Design n\u00e9erlandais : con\u00e7u et produit aux Pays-Bas.<\/p>\n<p><img loading=\"lazy\" decoding=\"async\" class=\"alignnone size-full wp-image-1750\" src=\"https:\/\/michaelbarnaart.com\/wp-content\/uploads\/2018\/02\/2.png\" alt=\"\" width=\"25\" height=\"25\" srcset=\"https:\/\/michaelbarnaart.com\/wp-content\/uploads\/2018\/02\/2.png 25w, https:\/\/michaelbarnaart.com\/wp-content\/uploads\/2018\/02\/2-20x20.png 20w\" sizes=\"auto, (max-width: 25px) 100vw, 25px\" \/> Double tricot<\/p>\n<p><img loading=\"lazy\" decoding=\"async\" class=\"alignnone size-full wp-image-1754\" src=\"https:\/\/michaelbarnaart.com\/wp-content\/uploads\/2018\/02\/sheath.png\" alt=\"\" width=\"25\" height=\"25\" srcset=\"https:\/\/michaelbarnaart.com\/wp-content\/uploads\/2018\/02\/sheath.png 25w, https:\/\/michaelbarnaart.com\/wp-content\/uploads\/2018\/02\/sheath-20x20.png 20w\" sizes=\"auto, (max-width: 25px) 100vw, 25px\" \/> Robe fourreau<\/p>\n<p>50% coton<br \/>\n50% acrylique<br \/>\nLaver \u00e0 30 degr\u00e9s<\/p>\n<\/div>\n<\/div>\n","protected":false},"excerpt":{"rendered":"<p>&#8216;Couper ici&#8217; est un clin d&#8217;\u0153il \u00e0 la mini-jupe ! La coupe d&#8217;environ 20 cm de la jupe s&#8217;est av\u00e9r\u00e9e r\u00e9volutionnaire. La photo d&#8217;une femme en minijupe a \u00e9t\u00e9 publi\u00e9e pour la premi\u00e8re fois dans le magazine britannique VOGUE en 1962. Les avis sont partag\u00e9s quant \u00e0 savoir si la mini-jupe a \u00e9t\u00e9 invent\u00e9e par&hellip;<\/p>\n","protected":false},"featured_media":27931,"template":"","meta":{"_acf_changed":false},"product_brand":[],"product_cat":[1120,1121,1129,1116,1105,1122],"product_tag":[],"class_list":{"0":"post-27930","1":"product","2":"type-product","3":"status-publish","4":"has-post-thumbnail","6":"product_cat-classiques","7":"product_cat-double-tricot-tissu-epais","8":"product_cat-robe-fourreau","9":"product_cat-robes","10":"product_cat-tout","11":"product_cat-tricots","12":"pa_maat-34-fr","13":"pa_maat-36-fr","14":"pa_maat-38-fr","15":"pa_maat-40-fr","16":"pa_maat-42-fr","17":"pa_maat-44-fr","19":"first","20":"instock","21":"shipping-taxable","22":"purchasable","23":"product-type-variable","25":"catalog-layout-default","26":"columns-xs-2"},"acf":[],"_links":{"self":[{"href":"https:\/\/michaelbarnaart.com\/fr\/wp-json\/wp\/v2\/product\/27930","targetHints":{"allow":["GET"]}}],"collection":[{"href":"https:\/\/michaelbarnaart.com\/fr\/wp-json\/wp\/v2\/product"}],"about":[{"href":"https:\/\/michaelbarnaart.com\/fr\/wp-json\/wp\/v2\/types\/product"}],"wp:featuredmedia":[{"embeddable":true,"href":"https:\/\/michaelbarnaart.com\/fr\/wp-json\/wp\/v2\/media\/27931"}],"wp:attachment":[{"href":"https:\/\/michaelbarnaart.com\/fr\/wp-json\/wp\/v2\/media?parent=27930"}],"wp:term":[{"taxonomy":"product_brand","embeddable":true,"href":"https:\/\/michaelbarnaart.com\/fr\/wp-json\/wp\/v2\/product_brand?post=27930"},{"taxonomy":"product_cat","embeddable":true,"href":"https:\/\/michaelbarnaart.com\/fr\/wp-json\/wp\/v2\/product_cat?post=27930"},{"taxonomy":"product_tag","embeddable":true,"href":"https:\/\/michaelbarnaart.com\/fr\/wp-json\/wp\/v2\/product_tag?post=27930"}],"curies":[{"name":"wp","href":"https:\/\/api.w.org\/{rel}","templated":true}]}}