{"id":27910,"date":"2018-02-25T14:09:04","date_gmt":"2024-05-22T20:34:28","guid":{"rendered":"https:\/\/michaelbarnaart.com\/product\/composition-en-noir-robe-crayon\/"},"modified":"2025-11-16T16:37:41","modified_gmt":"2025-11-16T15:37:41","slug":"composition-en-noir-robe-crayon","status":"publish","type":"product","link":"https:\/\/michaelbarnaart.com\/fr\/produit\/composition-en-noir-robe-crayon\/","title":{"rendered":"Composition en noir &#8211; robe crayon"},"content":{"rendered":"<div id=\"tab-product-description\" class=\"ui-tabs-panel ui-widget-content ui-corner-bottom\" role=\"tabpanel\">\n<div class=\"description\">\n<h1>De Stijl : rythm\u00e9, joyeux et libre.<\/h1>\n<p>Robe Composition en noir est une ode \u00e0 De Stijl. Ce motif compl\u00e8te la robe Mondrian et a \u00e9t\u00e9 con\u00e7u en collaboration avec le Kunstmuseum Den Haag, le mus\u00e9e qui poss\u00e8de le plus grand nombre de peintures de Mondrian au monde. Le haut est finement tricot\u00e9. Le bas de la robe est en double tricot et donc plus \u00e9pais en tissu. Cela garantit que la robe est id\u00e9ale pour toutes les saisons et que la partie jupe est agr\u00e9able et lisse.<\/p>\n<p>Couleur : noir, gris et cr\u00e8me.<\/p>\n<p>Le mannequin mesure 174 cm et porte une taille 36.<\/p>\n<p>Design n\u00e9erlandais : con\u00e7u et produit aux Pays-Bas. Ce mod\u00e8le est fabriqu\u00e9 \u00e0 la main en \u00e9dition limit\u00e9e !<\/p>\n<p>&nbsp;<\/p>\n<p><img loading=\"lazy\" decoding=\"async\" class=\"alignnone size-full wp-image-1751\" src=\"https:\/\/michaelbarnaart.com\/wp-content\/uploads\/2018\/02\/12.png\" alt=\"\" width=\"25\" height=\"25\" srcset=\"https:\/\/michaelbarnaart.com\/wp-content\/uploads\/2018\/02\/12.png 25w, https:\/\/michaelbarnaart.com\/wp-content\/uploads\/2018\/02\/12-20x20.png 20w\" sizes=\"auto, (max-width: 25px) 100vw, 25px\" \/> Haut tricot\u00e9 simple, bas tricot\u00e9 double<\/p>\n<p><img loading=\"lazy\" decoding=\"async\" class=\"alignnone size-full wp-image-1754\" src=\"https:\/\/michaelbarnaart.com\/wp-content\/uploads\/2018\/02\/sheath.png\" alt=\"\" width=\"25\" height=\"25\" srcset=\"https:\/\/michaelbarnaart.com\/wp-content\/uploads\/2018\/02\/sheath.png 25w, https:\/\/michaelbarnaart.com\/wp-content\/uploads\/2018\/02\/sheath-20x20.png 20w\" sizes=\"auto, (max-width: 25px) 100vw, 25px\" \/> Robe fourreau<\/p>\n<p>50% coton<br \/>\n50% acrylique<br \/>\nLaver \u00e0 30 degr\u00e9s, retirer la broche.<\/p>\n<p>Gr\u00e2ce \u00e0 sa coupe confortable, la robe peut facilement \u00eatre enfil\u00e9e par la t\u00eate, sans fermeture.<\/p>\n<\/div>\n<\/div>\n","protected":false},"excerpt":{"rendered":"<p>De Stijl : rythm\u00e9, joyeux et libre. Robe Composition en noir est une ode \u00e0 De Stijl. Ce motif compl\u00e8te la robe Mondrian et a \u00e9t\u00e9 con\u00e7u en collaboration avec le Kunstmuseum Den Haag, le mus\u00e9e qui poss\u00e8de le plus grand nombre de peintures de Mondrian au monde. Le haut est finement tricot\u00e9. Le bas&hellip;<\/p>\n","protected":false},"featured_media":27911,"template":"","meta":{"_acf_changed":false},"product_brand":[],"product_cat":[1120,1128,1129,1116,1105,1122],"product_tag":[],"class_list":{"0":"post-27910","1":"product","2":"type-product","3":"status-publish","4":"has-post-thumbnail","6":"product_cat-classiques","7":"product_cat-moitie-tricote-simple-moitie-tricote-double","8":"product_cat-robe-fourreau","9":"product_cat-robes","10":"product_cat-tout","11":"product_cat-tricots","12":"pa_maat-34-fr","13":"pa_maat-36-fr","14":"pa_maat-38-fr","15":"pa_maat-40-fr","16":"pa_maat-42-fr","17":"pa_maat-44-fr","19":"first","20":"instock","21":"shipping-taxable","22":"purchasable","23":"product-type-variable","25":"catalog-layout-default","26":"columns-xs-2"},"acf":[],"_links":{"self":[{"href":"https:\/\/michaelbarnaart.com\/fr\/wp-json\/wp\/v2\/product\/27910","targetHints":{"allow":["GET"]}}],"collection":[{"href":"https:\/\/michaelbarnaart.com\/fr\/wp-json\/wp\/v2\/product"}],"about":[{"href":"https:\/\/michaelbarnaart.com\/fr\/wp-json\/wp\/v2\/types\/product"}],"wp:featuredmedia":[{"embeddable":true,"href":"https:\/\/michaelbarnaart.com\/fr\/wp-json\/wp\/v2\/media\/27911"}],"wp:attachment":[{"href":"https:\/\/michaelbarnaart.com\/fr\/wp-json\/wp\/v2\/media?parent=27910"}],"wp:term":[{"taxonomy":"product_brand","embeddable":true,"href":"https:\/\/michaelbarnaart.com\/fr\/wp-json\/wp\/v2\/product_brand?post=27910"},{"taxonomy":"product_cat","embeddable":true,"href":"https:\/\/michaelbarnaart.com\/fr\/wp-json\/wp\/v2\/product_cat?post=27910"},{"taxonomy":"product_tag","embeddable":true,"href":"https:\/\/michaelbarnaart.com\/fr\/wp-json\/wp\/v2\/product_tag?post=27910"}],"curies":[{"name":"wp","href":"https:\/\/api.w.org\/{rel}","templated":true}]}}