{"id":27900,"date":"2020-11-12T16:13:52","date_gmt":"2024-05-22T20:22:48","guid":{"rendered":"https:\/\/michaelbarnaart.com\/product\/centimetrique-bleu-ocre-echarpe\/"},"modified":"2024-10-05T13:08:10","modified_gmt":"2024-10-05T11:08:10","slug":"centimetrique-bleu-ocre-echarpe","status":"publish","type":"product","link":"https:\/\/michaelbarnaart.com\/fr\/produit\/centimetrique-bleu-ocre-echarpe\/","title":{"rendered":"Centim\u00e9trique bleu-ocre \u00e9charpe"},"content":{"rendered":"<p>Une \u00e9charpe comfortable et large avec un motif graphique de m\u00e8tre ruban. L&#8217;\u00e9charpe peut \u00eatre port\u00e9e des deux c\u00f4t\u00e9s, le dos est diapositif.<\/p>\n<p><a href=\"https:\/\/michaelbarnaart.com\/nl\/product\/centimeter-sjaal-zwart-wit\">Cette \u00e9charpe est \u00e9galement disponible en noir et en blanc.<\/a><\/p>\n<p><em>Taille : <\/em> 40 cm x 200 cm<\/p>\n<p><em>Couleurs :<\/em> ocre et bleu.<\/p>\n<p><em>Production : <\/em> fabrication durable et traditionnelle aux Pays-Bas selon le principe &#8220;z\u00e9ro d\u00e9chet&#8221; : aucun r\u00e9sidu ne subsiste pendant la production !<\/p>\n<p>50% coton \/ 50% acrylique<\/p>\n<p>Laver \u00e0 30 degr\u00e9s.<\/p>\n","protected":false},"excerpt":{"rendered":"<p>Une \u00e9charpe comfortable et large avec un motif graphique de m\u00e8tre ruban. L&#8217;\u00e9charpe peut \u00eatre port\u00e9e des deux c\u00f4t\u00e9s, le dos est diapositif. Cette \u00e9charpe est \u00e9galement disponible en noir et en blanc. Taille : 40 cm x 200 cm Couleurs : ocre et bleu. Production : fabrication durable et traditionnelle aux Pays-Bas selon le&hellip;<\/p>\n","protected":false},"featured_media":16119,"template":"","meta":{"_acf_changed":false},"product_brand":[],"product_cat":[1144,1133,1105,1122],"product_tag":[],"class_list":{"0":"post-27900","1":"product","2":"type-product","3":"status-publish","4":"has-post-thumbnail","6":"product_cat-accueil","7":"product_cat-echarpes","8":"product_cat-tout","9":"product_cat-tricots","11":"first","12":"instock","13":"shipping-taxable","14":"purchasable","15":"product-type-simple","17":"catalog-layout-default","18":"columns-xs-2"},"acf":[],"_links":{"self":[{"href":"https:\/\/michaelbarnaart.com\/fr\/wp-json\/wp\/v2\/product\/27900","targetHints":{"allow":["GET"]}}],"collection":[{"href":"https:\/\/michaelbarnaart.com\/fr\/wp-json\/wp\/v2\/product"}],"about":[{"href":"https:\/\/michaelbarnaart.com\/fr\/wp-json\/wp\/v2\/types\/product"}],"wp:featuredmedia":[{"embeddable":true,"href":"https:\/\/michaelbarnaart.com\/fr\/wp-json\/wp\/v2\/media\/16119"}],"wp:attachment":[{"href":"https:\/\/michaelbarnaart.com\/fr\/wp-json\/wp\/v2\/media?parent=27900"}],"wp:term":[{"taxonomy":"product_brand","embeddable":true,"href":"https:\/\/michaelbarnaart.com\/fr\/wp-json\/wp\/v2\/product_brand?post=27900"},{"taxonomy":"product_cat","embeddable":true,"href":"https:\/\/michaelbarnaart.com\/fr\/wp-json\/wp\/v2\/product_cat?post=27900"},{"taxonomy":"product_tag","embeddable":true,"href":"https:\/\/michaelbarnaart.com\/fr\/wp-json\/wp\/v2\/product_tag?post=27900"}],"curies":[{"name":"wp","href":"https:\/\/api.w.org\/{rel}","templated":true}]}}