{"id":27899,"date":"2018-09-11T22:00:57","date_gmt":"2024-05-22T20:18:13","guid":{"rendered":"https:\/\/michaelbarnaart.com\/product\/couper-ici-echarpe\/"},"modified":"2024-05-22T22:36:12","modified_gmt":"2024-05-22T20:36:12","slug":"couper-ici-echarpe","status":"publish","type":"product","link":"https:\/\/michaelbarnaart.com\/fr\/produit\/couper-ici-echarpe\/","title":{"rendered":"Couper ici \u00e9charpe"},"content":{"rendered":"<p>Cette \u00e9charpe unisexe s&#8217;inspire de la robe &#8216;Couper ici&#8217; de la collection Classiques L&#8217;\u00e9charpe peut \u00eatre port\u00e9e des deux c\u00f4t\u00e9s : d&#8217;un c\u00f4t\u00e9, le fond est noir et le motif est cr<span class=\"st\">\u00e8<\/span>me. De l&#8217;autre c\u00f4t\u00e9, vous pouvez voir le motif en diaposition : la cr<span class=\"st\">\u00e8<\/span>me comme fond avec le motif en noir.<\/p>\n<p><em>Couleur :<\/em> noir et cr<span class=\"st\">\u00e8<\/span>me<\/p>\n<p>L&#8217;\u00e9charpe mesure environ 23 cm de large et 230 cm de long.<\/p>\n<p><em>Production : <\/em> fabrication durable et traditionnelle aux Pays-Bas selon le principe &#8220;z\u00e9ro d\u00e9chet&#8221; : aucun r\u00e9sidu ne subsiste pendant la production !<\/p>\n<p>50% coton \/ 50% acrylique<\/p>\n<p>Laver \u00e0 30 degr\u00e9s.<\/p>\n","protected":false},"excerpt":{"rendered":"<p>Cette \u00e9charpe unisexe s&#8217;inspire de la robe &#8216;Couper ici&#8217; de la collection Classiques L&#8217;\u00e9charpe peut \u00eatre port\u00e9e des deux c\u00f4t\u00e9s : d&#8217;un c\u00f4t\u00e9, le fond est noir et le motif est cr\u00e8me. De l&#8217;autre c\u00f4t\u00e9, vous pouvez voir le motif en diaposition : la cr\u00e8me comme fond avec le motif en noir. Couleur : noir&hellip;<\/p>\n","protected":false},"featured_media":24887,"template":"","meta":{"_acf_changed":false},"product_brand":[],"product_cat":[1144,1120,1133,1105,1122],"product_tag":[],"class_list":{"0":"post-27899","1":"product","2":"type-product","3":"status-publish","4":"has-post-thumbnail","6":"product_cat-accueil","7":"product_cat-classiques","8":"product_cat-echarpes","9":"product_cat-tout","10":"product_cat-tricots","11":"pa_maat-34-fr","12":"pa_maat-36-fr","13":"pa_maat-38-fr","14":"pa_maat-40-fr","15":"pa_maat-42-fr","16":"pa_maat-44-fr","18":"first","19":"instock","20":"shipping-taxable","21":"purchasable","22":"product-type-simple","24":"catalog-layout-default","25":"columns-xs-2"},"acf":[],"_links":{"self":[{"href":"https:\/\/michaelbarnaart.com\/fr\/wp-json\/wp\/v2\/product\/27899","targetHints":{"allow":["GET"]}}],"collection":[{"href":"https:\/\/michaelbarnaart.com\/fr\/wp-json\/wp\/v2\/product"}],"about":[{"href":"https:\/\/michaelbarnaart.com\/fr\/wp-json\/wp\/v2\/types\/product"}],"wp:featuredmedia":[{"embeddable":true,"href":"https:\/\/michaelbarnaart.com\/fr\/wp-json\/wp\/v2\/media\/24887"}],"wp:attachment":[{"href":"https:\/\/michaelbarnaart.com\/fr\/wp-json\/wp\/v2\/media?parent=27899"}],"wp:term":[{"taxonomy":"product_brand","embeddable":true,"href":"https:\/\/michaelbarnaart.com\/fr\/wp-json\/wp\/v2\/product_brand?post=27899"},{"taxonomy":"product_cat","embeddable":true,"href":"https:\/\/michaelbarnaart.com\/fr\/wp-json\/wp\/v2\/product_cat?post=27899"},{"taxonomy":"product_tag","embeddable":true,"href":"https:\/\/michaelbarnaart.com\/fr\/wp-json\/wp\/v2\/product_tag?post=27899"}],"curies":[{"name":"wp","href":"https:\/\/api.w.org\/{rel}","templated":true}]}}