{"id":27894,"date":"2023-01-20T14:36:16","date_gmt":"2023-01-20T13:36:16","guid":{"rendered":"https:\/\/michaelbarnaart.com\/product\/pied-de-mouvement-noir-et-blanc-echarpe\/"},"modified":"2024-05-22T22:11:28","modified_gmt":"2024-05-22T20:11:28","slug":"pied-de-mouvement-noir-et-blanc-echarpe","status":"publish","type":"product","link":"https:\/\/michaelbarnaart.com\/fr\/produit\/pied-de-mouvement-noir-et-blanc-echarpe\/","title":{"rendered":"Pied de mouvement noir et blanc \u00e9charpe"},"content":{"rendered":"<p>2023 marque le 125e anniversaire de la naissance de M.C. Escher (1898-1972). Le Kunstmuseum Den Haag (mus\u00e9e d&#8217;art de La Haye, Pays-Bas) et le mus\u00e9e Escher in Het Paleis (tous deux aux Pays-Bas) poss\u00e8dent la plus grande collection d&#8217;Escher au monde et c\u00e9l\u00e8brent cet anniversaire par plusieurs expositions.<\/p>\n<p>C&#8217;est en collaboration avec ces mus\u00e9es que Michael Barnaart a con\u00e7u cette \u00e9charpe. Le pied-de-poule est un motif textile arch\u00e9typal tr\u00e8s ancien. J&#8217;ai d\u00e9form\u00e9 le dessin, comme une ode aux tessellations r\u00e9volutionnaires et aux illusions d&#8217;optique d&#8217;Escher, en donnant l&#8217;impression que le dessin bougeait. D&#8217;o\u00f9 : &#8220;pied de mouvement&#8221;.<\/p>\n<p><a href=\"https:\/\/michaelbarnaart.com\/product\/pied-de-mouvement-roestblauw\/\">Cette \u00e9charpe est \u00e9galement disponible en rouille et bleu.<\/a><\/p>\n<p><em>Dessin:<\/em> pied de mouvement<\/p>\n<p><em>Taille:<\/em> 38 cm x 185 cm<\/p>\n<p><em>Couleur :<\/em> noir et blanc<\/p>\n<p><em>Production : fabrication durable et traditionnelle aux Pays-Bas selon le principe &#8220;z\u00e9ro d\u00e9chet&#8221; : aucun r\u00e9sidu ne subsiste pendant la production !<\/em><\/p>\n<p><em>Mati\u00e8re:<\/em> 50% coton, 50% acrylique<\/p>\n<p><em>Conseils de lavage:<\/em> laver \u00e0 30 degr\u00e9s<\/p>\n<p style=\"text-align: center;\"><img loading=\"lazy\" decoding=\"async\" class=\"alignnone size-full wp-image-22692\" src=\"https:\/\/michaelbarnaart.com\/wp-content\/uploads\/2023\/02\/2023-nouveau-scaled.jpg\" alt=\"\" width=\"598\" height=\"2560\" srcset=\"https:\/\/michaelbarnaart.com\/wp-content\/uploads\/2023\/02\/2023-nouveau-scaled.jpg 598w, https:\/\/michaelbarnaart.com\/wp-content\/uploads\/2023\/02\/2023-nouveau-scaled-70x300.jpg 70w, https:\/\/michaelbarnaart.com\/wp-content\/uploads\/2023\/02\/2023-nouveau-scaled-239x1024.jpg 239w, https:\/\/michaelbarnaart.com\/wp-content\/uploads\/2023\/02\/2023-nouveau-scaled-359x1536.jpg 359w, https:\/\/michaelbarnaart.com\/wp-content\/uploads\/2023\/02\/2023-nouveau-scaled-558x2389.jpg 558w, https:\/\/michaelbarnaart.com\/wp-content\/uploads\/2023\/02\/2023-nouveau-768x3287.jpg 768w, https:\/\/michaelbarnaart.com\/wp-content\/uploads\/2023\/02\/2023-nouveau-806x3450.jpg 806w, https:\/\/michaelbarnaart.com\/wp-content\/uploads\/2023\/02\/2023-nouveau-655x2803.jpg 655w, https:\/\/michaelbarnaart.com\/wp-content\/uploads\/2023\/02\/2023-nouveau-600x2568.jpg 600w\" sizes=\"auto, (max-width: 598px) 100vw, 598px\" \/><\/p>\n","protected":false},"excerpt":{"rendered":"<p>2023 marque le 125e anniversaire de la naissance de M.C. Escher (1898-1972). Le Kunstmuseum Den Haag (mus\u00e9e d&#8217;art de La Haye, Pays-Bas) et le mus\u00e9e Escher in Het Paleis (tous deux aux Pays-Bas) poss\u00e8dent la plus grande collection d&#8217;Escher au monde et c\u00e9l\u00e8brent cet anniversaire par plusieurs expositions. C&#8217;est en collaboration avec ces mus\u00e9es que&hellip;<\/p>\n","protected":false},"featured_media":27895,"template":"","meta":{"_acf_changed":false},"product_brand":[],"product_cat":[1144,1133,1105,1122],"product_tag":[],"class_list":{"0":"post-27894","1":"product","2":"type-product","3":"status-publish","4":"has-post-thumbnail","6":"product_cat-accueil","7":"product_cat-echarpes","8":"product_cat-tout","9":"product_cat-tricots","11":"first","12":"instock","13":"shipping-taxable","14":"purchasable","15":"product-type-simple","17":"catalog-layout-default","18":"columns-xs-2"},"acf":[],"_links":{"self":[{"href":"https:\/\/michaelbarnaart.com\/fr\/wp-json\/wp\/v2\/product\/27894","targetHints":{"allow":["GET"]}}],"collection":[{"href":"https:\/\/michaelbarnaart.com\/fr\/wp-json\/wp\/v2\/product"}],"about":[{"href":"https:\/\/michaelbarnaart.com\/fr\/wp-json\/wp\/v2\/types\/product"}],"wp:featuredmedia":[{"embeddable":true,"href":"https:\/\/michaelbarnaart.com\/fr\/wp-json\/wp\/v2\/media\/27895"}],"wp:attachment":[{"href":"https:\/\/michaelbarnaart.com\/fr\/wp-json\/wp\/v2\/media?parent=27894"}],"wp:term":[{"taxonomy":"product_brand","embeddable":true,"href":"https:\/\/michaelbarnaart.com\/fr\/wp-json\/wp\/v2\/product_brand?post=27894"},{"taxonomy":"product_cat","embeddable":true,"href":"https:\/\/michaelbarnaart.com\/fr\/wp-json\/wp\/v2\/product_cat?post=27894"},{"taxonomy":"product_tag","embeddable":true,"href":"https:\/\/michaelbarnaart.com\/fr\/wp-json\/wp\/v2\/product_tag?post=27894"}],"curies":[{"name":"wp","href":"https:\/\/api.w.org\/{rel}","templated":true}]}}