{"id":27825,"date":"2022-03-31T15:12:53","date_gmt":"2024-05-22T11:48:06","guid":{"rendered":"https:\/\/michaelbarnaart.com\/product\/fermeture-a-broche-de-rechange\/"},"modified":"2024-12-18T16:08:54","modified_gmt":"2024-12-18T15:08:54","slug":"fermeture-a-broche-de-rechange","status":"publish","type":"product","link":"https:\/\/michaelbarnaart.com\/fr\/produit\/fermeture-a-broche-de-rechange\/","title":{"rendered":"Fermeture de r\u00e9serve pour broche avec \u00e9pingle"},"content":{"rendered":"<p>Jeu de deux fermetures \u00e0 \u00e9pingles suppl\u00e9mentaires, utilisables uniquement sur les broches \u00e0 fermeture \u00e0 \u00e9pingle.<\/p>\n","protected":false},"excerpt":{"rendered":"<p>Jeu de deux fermetures \u00e0 \u00e9pingles suppl\u00e9mentaires, utilisables uniquement sur les broches \u00e0 fermeture \u00e0 \u00e9pingle.<\/p>\n","protected":false},"featured_media":27826,"template":"","meta":{"_acf_changed":false},"product_brand":[],"product_cat":[1143],"product_tag":[],"class_list":{"0":"post-27825","1":"product","2":"type-product","3":"status-publish","4":"has-post-thumbnail","6":"product_cat-broches","8":"first","9":"instock","10":"shipping-taxable","11":"purchasable","12":"product-type-simple","14":"catalog-layout-default","15":"columns-xs-2"},"acf":[],"_links":{"self":[{"href":"https:\/\/michaelbarnaart.com\/fr\/wp-json\/wp\/v2\/product\/27825","targetHints":{"allow":["GET"]}}],"collection":[{"href":"https:\/\/michaelbarnaart.com\/fr\/wp-json\/wp\/v2\/product"}],"about":[{"href":"https:\/\/michaelbarnaart.com\/fr\/wp-json\/wp\/v2\/types\/product"}],"wp:featuredmedia":[{"embeddable":true,"href":"https:\/\/michaelbarnaart.com\/fr\/wp-json\/wp\/v2\/media\/27826"}],"wp:attachment":[{"href":"https:\/\/michaelbarnaart.com\/fr\/wp-json\/wp\/v2\/media?parent=27825"}],"wp:term":[{"taxonomy":"product_brand","embeddable":true,"href":"https:\/\/michaelbarnaart.com\/fr\/wp-json\/wp\/v2\/product_brand?post=27825"},{"taxonomy":"product_cat","embeddable":true,"href":"https:\/\/michaelbarnaart.com\/fr\/wp-json\/wp\/v2\/product_cat?post=27825"},{"taxonomy":"product_tag","embeddable":true,"href":"https:\/\/michaelbarnaart.com\/fr\/wp-json\/wp\/v2\/product_tag?post=27825"}],"curies":[{"name":"wp","href":"https:\/\/api.w.org\/{rel}","templated":true}]}}