{"id":27819,"date":"2022-12-02T14:04:59","date_gmt":"2022-12-02T13:04:59","guid":{"rendered":"https:\/\/michaelbarnaart.com\/product\/homard-broche-numerotee\/"},"modified":"2024-08-05T16:27:40","modified_gmt":"2024-08-05T14:27:40","slug":"homard","status":"publish","type":"product","link":"https:\/\/michaelbarnaart.com\/fr\/produit\/homard\/","title":{"rendered":"Homard broche (num\u00e9rot\u00e9e)"},"content":{"rendered":"<div id=\"tab-product-description\" class=\"ui-tabs-panel ui-widget-content ui-corner-bottom\" role=\"tabpanel\">\n<div class=\"description\">\n<p>La broche en forme de homard est de retour sous une forme renouvel\u00e9e !<\/p>\n<p>Chaque broche \u00e9maill\u00e9e est grav\u00e9e et num\u00e9rot\u00e9e, ce qui en fait \u00e9galement une pi\u00e8ce de collection unique. Le homard est accompagn\u00e9 d&#8217;une belle bo\u00eete de rangement.<\/p>\n<p>Des images fortes issues de la haute culture et de la culture populaire jouent un r\u00f4le important dans la conception des broches. La simplification et l&#8217;abstraction des formes permettent de cr\u00e9er une image puissante et embl\u00e9matique. Les compositions g\u00e9om\u00e9triques s&#8217;inscrivent dans la tradition du design europ\u00e9en moderne.<\/p>\n<p>Dimensions broche: 34 mm x 60 mm<br \/>\nMat\u00e9riau : m\u00e9tal<br \/>\nFermeture : magn\u00e9tique<\/p>\n<p>Ne pas utiliser en association avec un stimulateur cardiaque.<\/p>\n<\/div>\n<\/div>\n","protected":false},"excerpt":{"rendered":"<p>La broche en forme de homard est de retour sous une forme renouvel\u00e9e ! Chaque broche \u00e9maill\u00e9e est grav\u00e9e et num\u00e9rot\u00e9e, ce qui en fait \u00e9galement une pi\u00e8ce de collection unique. Le homard est accompagn\u00e9 d&#8217;une belle bo\u00eete de rangement. Des images fortes issues de la haute culture et de la culture populaire jouent un&hellip;<\/p>\n","protected":false},"featured_media":24867,"template":"","meta":{"_acf_changed":false},"product_brand":[],"product_cat":[1143,1105],"product_tag":[],"class_list":{"0":"post-27819","1":"product","2":"type-product","3":"status-publish","4":"has-post-thumbnail","6":"product_cat-broches","7":"product_cat-tout","9":"first","10":"instock","11":"shipping-taxable","12":"purchasable","13":"product-type-simple","15":"catalog-layout-default","16":"columns-xs-2"},"acf":[],"_links":{"self":[{"href":"https:\/\/michaelbarnaart.com\/fr\/wp-json\/wp\/v2\/product\/27819","targetHints":{"allow":["GET"]}}],"collection":[{"href":"https:\/\/michaelbarnaart.com\/fr\/wp-json\/wp\/v2\/product"}],"about":[{"href":"https:\/\/michaelbarnaart.com\/fr\/wp-json\/wp\/v2\/types\/product"}],"wp:featuredmedia":[{"embeddable":true,"href":"https:\/\/michaelbarnaart.com\/fr\/wp-json\/wp\/v2\/media\/24867"}],"wp:attachment":[{"href":"https:\/\/michaelbarnaart.com\/fr\/wp-json\/wp\/v2\/media?parent=27819"}],"wp:term":[{"taxonomy":"product_brand","embeddable":true,"href":"https:\/\/michaelbarnaart.com\/fr\/wp-json\/wp\/v2\/product_brand?post=27819"},{"taxonomy":"product_cat","embeddable":true,"href":"https:\/\/michaelbarnaart.com\/fr\/wp-json\/wp\/v2\/product_cat?post=27819"},{"taxonomy":"product_tag","embeddable":true,"href":"https:\/\/michaelbarnaart.com\/fr\/wp-json\/wp\/v2\/product_tag?post=27819"}],"curies":[{"name":"wp","href":"https:\/\/api.w.org\/{rel}","templated":true}]}}