{"id":27815,"date":"2021-06-04T15:14:58","date_gmt":"2021-06-04T13:14:58","guid":{"rendered":"https:\/\/michaelbarnaart.com\/product\/le-chat-roux-numerotee\/"},"modified":"2024-09-16T15:18:55","modified_gmt":"2024-09-16T13:18:55","slug":"le-chat-roux-numerotee","status":"publish","type":"product","link":"https:\/\/michaelbarnaart.com\/fr\/produit\/le-chat-roux-numerotee\/","title":{"rendered":"Le chat roux broche (num\u00e9rot\u00e9e)"},"content":{"rendered":"<p>Une ode g\u00e9om\u00e9trique au chat roux ! Chaque broche est num\u00e9rot\u00e9e au dos. La fermeture magn\u00e9tique permet d&#8217;attacher facilement et en toute s\u00e9curit\u00e9 la broche aux v\u00eatements.<\/p>\n<p>Dimensions: 50 mm x 46 mm<br \/>\nMat\u00e9riau : m\u00e9tal avec couleurs \u00e9maill\u00e9es<br \/>\nFermeture : magn\u00e9tique<\/p>\n<p>Ne pas utiliser en association avec un stimulateur cardiaque.<\/p>\n","protected":false},"excerpt":{"rendered":"<p>Une ode g\u00e9om\u00e9trique au chat roux ! Chaque broche est num\u00e9rot\u00e9e au dos. La fermeture magn\u00e9tique permet d&#8217;attacher facilement et en toute s\u00e9curit\u00e9 la broche aux v\u00eatements. Dimensions: 50 mm x 46 mm Mat\u00e9riau : m\u00e9tal avec couleurs \u00e9maill\u00e9es Fermeture : magn\u00e9tique Ne pas utiliser en association avec un stimulateur cardiaque.<\/p>\n","protected":false},"featured_media":24886,"template":"","meta":{"_acf_changed":false},"product_brand":[],"product_cat":[1143,1105],"product_tag":[],"class_list":{"0":"post-27815","1":"product","2":"type-product","3":"status-publish","4":"has-post-thumbnail","6":"product_cat-broches","7":"product_cat-tout","9":"first","10":"instock","11":"shipping-taxable","12":"purchasable","13":"product-type-simple","15":"catalog-layout-default","16":"columns-xs-2"},"acf":[],"_links":{"self":[{"href":"https:\/\/michaelbarnaart.com\/fr\/wp-json\/wp\/v2\/product\/27815","targetHints":{"allow":["GET"]}}],"collection":[{"href":"https:\/\/michaelbarnaart.com\/fr\/wp-json\/wp\/v2\/product"}],"about":[{"href":"https:\/\/michaelbarnaart.com\/fr\/wp-json\/wp\/v2\/types\/product"}],"wp:featuredmedia":[{"embeddable":true,"href":"https:\/\/michaelbarnaart.com\/fr\/wp-json\/wp\/v2\/media\/24886"}],"wp:attachment":[{"href":"https:\/\/michaelbarnaart.com\/fr\/wp-json\/wp\/v2\/media?parent=27815"}],"wp:term":[{"taxonomy":"product_brand","embeddable":true,"href":"https:\/\/michaelbarnaart.com\/fr\/wp-json\/wp\/v2\/product_brand?post=27815"},{"taxonomy":"product_cat","embeddable":true,"href":"https:\/\/michaelbarnaart.com\/fr\/wp-json\/wp\/v2\/product_cat?post=27815"},{"taxonomy":"product_tag","embeddable":true,"href":"https:\/\/michaelbarnaart.com\/fr\/wp-json\/wp\/v2\/product_tag?post=27815"}],"curies":[{"name":"wp","href":"https:\/\/api.w.org\/{rel}","templated":true}]}}