{"id":27800,"date":"2023-04-06T18:11:49","date_gmt":"2023-04-06T16:11:49","guid":{"rendered":"https:\/\/michaelbarnaart.com\/product\/plume-rouge-broche-numerotee\/"},"modified":"2026-01-07T12:44:07","modified_gmt":"2026-01-07T11:44:07","slug":"plume-rouge-broche-numerotee","status":"publish","type":"product","link":"https:\/\/michaelbarnaart.com\/fr\/produit\/plume-rouge-broche-numerotee\/","title":{"rendered":"Plume rouge broche (num\u00e9rot\u00e9e)"},"content":{"rendered":"<p>La broche en forme de ressort est disponible en blanc et en bordeaux. Chaque broche \u00e9maill\u00e9e est grav\u00e9e et num\u00e9rot\u00e9e, ce qui en fait un objet de collection unique.  Qui m\u00e9rite une plume ? La plume est livr\u00e9e dans un bo\u00eete \u00e9l\u00e9gant. <\/p>\n<p>Bon \u00e0 savoir : cette broche rend hommage \u00e0 l&#8217;histoire exceptionnelle de l&#8217;h\u00f4tel Des Indes. Cet h\u00f4tel de La Haye (Pays-Bas) a \u00e9t\u00e9 construit en 1858 pour servir de palais urbain au baron Van Brienen. Les poign\u00e9es de porte sont perc\u00e9es d&#8217;un petit trou dans lequel on pouvait ins\u00e9rer une plume blanche ou rouge.   De cette mani\u00e8re, les domestiques savaient exactement quand ils pouvaient ou ne pouvaient pas entrer dans la pi\u00e8ce. Le personnel de l&#8217;h\u00f4tel porte donc la petite version de la plume blanche.<\/p>\n<p><em>Dimensions broche:<\/em> 41 mm x 60 mm<br \/>\n<em>Mat\u00e9riau :<\/em> m\u00e9tal<br \/>\n<em>Fermeture : <\/em>deux \u00e9pingles avec une fermeture en caoutchouc<\/p>\n","protected":false},"excerpt":{"rendered":"<p>La broche en forme de ressort est disponible en blanc et en bordeaux. Chaque broche \u00e9maill\u00e9e est grav\u00e9e et num\u00e9rot\u00e9e, ce qui en fait un objet de collection unique. Qui m\u00e9rite une plume ? La plume est livr\u00e9e dans un bo\u00eete \u00e9l\u00e9gant. Bon \u00e0 savoir : cette broche rend hommage \u00e0 l&#8217;histoire exceptionnelle de l&#8217;h\u00f4tel&hellip;<\/p>\n","protected":false},"featured_media":27801,"template":"","meta":{"_acf_changed":false},"product_brand":[],"product_cat":[1144,1143,1105],"product_tag":[],"class_list":{"0":"post-27800","1":"product","2":"type-product","3":"status-publish","4":"has-post-thumbnail","6":"product_cat-accueil","7":"product_cat-broches","8":"product_cat-tout","10":"first","11":"instock","12":"shipping-taxable","13":"purchasable","14":"product-type-simple","16":"catalog-layout-default","17":"columns-xs-2"},"acf":[],"_links":{"self":[{"href":"https:\/\/michaelbarnaart.com\/fr\/wp-json\/wp\/v2\/product\/27800","targetHints":{"allow":["GET"]}}],"collection":[{"href":"https:\/\/michaelbarnaart.com\/fr\/wp-json\/wp\/v2\/product"}],"about":[{"href":"https:\/\/michaelbarnaart.com\/fr\/wp-json\/wp\/v2\/types\/product"}],"wp:featuredmedia":[{"embeddable":true,"href":"https:\/\/michaelbarnaart.com\/fr\/wp-json\/wp\/v2\/media\/27801"}],"wp:attachment":[{"href":"https:\/\/michaelbarnaart.com\/fr\/wp-json\/wp\/v2\/media?parent=27800"}],"wp:term":[{"taxonomy":"product_brand","embeddable":true,"href":"https:\/\/michaelbarnaart.com\/fr\/wp-json\/wp\/v2\/product_brand?post=27800"},{"taxonomy":"product_cat","embeddable":true,"href":"https:\/\/michaelbarnaart.com\/fr\/wp-json\/wp\/v2\/product_cat?post=27800"},{"taxonomy":"product_tag","embeddable":true,"href":"https:\/\/michaelbarnaart.com\/fr\/wp-json\/wp\/v2\/product_tag?post=27800"}],"curies":[{"name":"wp","href":"https:\/\/api.w.org\/{rel}","templated":true}]}}