{"id":27783,"date":"2022-09-07T14:01:21","date_gmt":"2022-09-07T12:01:21","guid":{"rendered":"https:\/\/michaelbarnaart.com\/product\/tournesol-broche-numerotee\/"},"modified":"2025-06-11T13:48:00","modified_gmt":"2025-06-11T11:48:00","slug":"tournesol","status":"publish","type":"product","link":"https:\/\/michaelbarnaart.com\/fr\/produit\/tournesol\/","title":{"rendered":"Tournesol broche (num\u00e9rot\u00e9e)"},"content":{"rendered":"<p>La broche Tournesol est une ode aux Tournesols de Vincent van Gogh (1853-1890). Il a peint les Tournesols \u00e0 Arles (sud de la France) en 1889. According to Van Gogh, flowers represent friendship and gratitude. He painted many sunflowers and they are now among his most important works. He painted the paintings of sunflowers in vases in Arles for his friend Paul Gaugain.  <\/p>\n<p>\u00ab Je peins en ce moment avec l\u2019enthousiasme d\u2019un Marseillais qui mange sa soupe, les tournesols.<br \/>\nJe voudrais en faire une douzaine que je r\u00e9unirai dans un ensemble d\u00e9coratif pour la chambre d\u2019amis de la Maison Jaune.<br \/>\nIls expriment l\u2019amiti\u00e9. \u00bb Lettre \u00e0 Th\u00e9o, 22 ao\u00fbt 1888.<\/p>\n<p>Pour cette broche, Michael Barnaart a r\u00e9duit les lignes organiques des tournesols \u00e0 leur essence, sans perdre l&#8217;\u00e9criture fantaisiste de Van Gogh.<\/p>\n<p>Vincent van Gogh a voulu montrer avec ses Tournesols qu&#8217;il est possible de cr\u00e9er une peinture puissante avec plusieurs variations d&#8217;une couleur (le jaune) et rien d&#8217;autre. C&#8217;est dans cet esprit que Michael Barnaart a con\u00e7u cette broche dans une seule nuance d&#8217;or mat. La r\u00e9flexion de la lumi\u00e8re sur le relief cr\u00e9e des nuances de couleurs diff\u00e9rentes \u00e0 chaque fois.  <\/p>\n<p>Chaque broche \u00e9maill\u00e9e est grav\u00e9e et num\u00e9rot\u00e9e, ce qui en fait \u00e9galement une pi\u00e8ce de collection unique. Le Tournesol est accompagn\u00e9 d&#8217;une jolie bo\u00eete de rangement.<\/p>\n<p>Des images fortes issues de la haute culture et de la culture populaire jouent un r\u00f4le important dans la conception des broches. La simplification et l&#8217;abstraction des formes permettent de cr\u00e9er une image puissante et embl\u00e9matique. Les compositions g\u00e9om\u00e9triques s&#8217;inscrivent dans la tradition du design europ\u00e9en moderne.<\/p>\n<p>Taille de la broche : 37 mm x 40 mm<br \/>\nMat\u00e9riau : m\u00e9tal<br \/>\nFermeture : aimant<\/p>\n<p>Ne pas utiliser en association avec un stimulateur cardiaque.<\/p>\n<p>Vincent van Gogh (1853-1890), Arles, janvier 1889<br \/>\nMus\u00e9e Van Gogh, Amsterdam (Fondation Vincent van Gogh)<\/p>\n","protected":false},"excerpt":{"rendered":"<p>La broche Tournesol est une ode aux Tournesols de Vincent van Gogh (1853-1890). Il a peint les Tournesols \u00e0 Arles (sud de la France) en 1889. According to Van Gogh, flowers represent friendship and gratitude. He painted many sunflowers and they are now among his most important works. He painted the paintings of sunflowers in&hellip;<\/p>\n","protected":false},"featured_media":24874,"template":"","meta":{"_acf_changed":false},"product_brand":[],"product_cat":[1144,1143,1105],"product_tag":[],"class_list":{"0":"post-27783","1":"product","2":"type-product","3":"status-publish","4":"has-post-thumbnail","6":"product_cat-accueil","7":"product_cat-broches","8":"product_cat-tout","10":"first","11":"instock","12":"shipping-taxable","13":"purchasable","14":"product-type-simple","16":"catalog-layout-default","17":"columns-xs-2"},"acf":[],"_links":{"self":[{"href":"https:\/\/michaelbarnaart.com\/fr\/wp-json\/wp\/v2\/product\/27783","targetHints":{"allow":["GET"]}}],"collection":[{"href":"https:\/\/michaelbarnaart.com\/fr\/wp-json\/wp\/v2\/product"}],"about":[{"href":"https:\/\/michaelbarnaart.com\/fr\/wp-json\/wp\/v2\/types\/product"}],"wp:featuredmedia":[{"embeddable":true,"href":"https:\/\/michaelbarnaart.com\/fr\/wp-json\/wp\/v2\/media\/24874"}],"wp:attachment":[{"href":"https:\/\/michaelbarnaart.com\/fr\/wp-json\/wp\/v2\/media?parent=27783"}],"wp:term":[{"taxonomy":"product_brand","embeddable":true,"href":"https:\/\/michaelbarnaart.com\/fr\/wp-json\/wp\/v2\/product_brand?post=27783"},{"taxonomy":"product_cat","embeddable":true,"href":"https:\/\/michaelbarnaart.com\/fr\/wp-json\/wp\/v2\/product_cat?post=27783"},{"taxonomy":"product_tag","embeddable":true,"href":"https:\/\/michaelbarnaart.com\/fr\/wp-json\/wp\/v2\/product_tag?post=27783"}],"curies":[{"name":"wp","href":"https:\/\/api.w.org\/{rel}","templated":true}]}}