{"id":27778,"date":"2023-02-03T12:28:53","date_gmt":"2023-02-03T11:28:53","guid":{"rendered":"https:\/\/michaelbarnaart.com\/product\/papillon-broche-numerotee\/"},"modified":"2025-06-06T13:52:07","modified_gmt":"2025-06-06T11:52:07","slug":"papillons","status":"publish","type":"product","link":"https:\/\/michaelbarnaart.com\/fr\/produit\/papillons\/","title":{"rendered":"Papillons broche (num\u00e9rot\u00e9e)"},"content":{"rendered":"<p>C&#8217;est le 125e anniversaire de la naissance de M.C. Escher (1898-1972). Le Kunstmuseum Den Haag de La Haye et le mus\u00e9e Escher in Het Paleis (tous deux aux Pays-Bas) poss\u00e8dent la plus grande collection d&#8217;Escher au monde et c\u00e9l\u00e8brent cet anniversaire par plusieurs expositions.<\/p>\n<p>Pour f\u00eater l&#8217;\u00e9v\u00e9nement, Michael Barnaart a con\u00e7u une petite collection en collaboration avec les mus\u00e9es. La broche Papillons est un clin d&#8217;\u0153il \u00e0 l&#8217;\u0153uvre de M.C. Escher de 1950 intitul\u00e9e &#8220;Papillons&#8221;. Michael a traduit cette id\u00e9e en papillons g\u00e9om\u00e9triques. Le sp\u00e9cimen dor\u00e9 occupe le devant de la sc\u00e8ne et, autour de lui, les cong\u00e9n\u00e8res de la tessellation tentent de s&#8217;envoler, cr\u00e9ant ainsi une image dynamique.<\/p>\n<p>La collection est \u00e9galement disponible dans les boutiques du Kunstmuseum Den Haag et d&#8217;Escher in Het Paleis.<\/p>\n<p>Chaque broche \u00e9maill\u00e9e est grav\u00e9e et num\u00e9rot\u00e9e, ce qui en fait un objet de collection unique. Broche Papillons est accompagn\u00e9 d&#8217;une jolie bo\u00eete de rangement.<\/p>\n<p>Des images fortes issues de la haute culture et de la culture populaire jouent un r\u00f4le important dans la conception des broches. La simplification et l&#8217;abstraction des formes permettent de cr\u00e9er une image puissante et embl\u00e9matique. Les compositions g\u00e9om\u00e9triques s&#8217;inscrivent dans la tradition du design europ\u00e9en moderne.<\/p>\n<p>Dimensions broche: 45 mm x 60 mm<br \/>\nMat\u00e9riau : m\u00e9tal<br \/>\nFermeture : deux fermetures \u00e0 \u00e9pingle<\/p>\n<p style=\"text-align: center;\"><img loading=\"lazy\" decoding=\"async\" class=\"alignnone size-full wp-image-22692\" src=\"https:\/\/michaelbarnaart.com\/wp-content\/uploads\/2023\/02\/2023-nouveau-scaled.jpg\" alt=\"\" width=\"598\" height=\"2560\" srcset=\"https:\/\/michaelbarnaart.com\/wp-content\/uploads\/2023\/02\/2023-nouveau-scaled.jpg 598w, https:\/\/michaelbarnaart.com\/wp-content\/uploads\/2023\/02\/2023-nouveau-scaled-70x300.jpg 70w, https:\/\/michaelbarnaart.com\/wp-content\/uploads\/2023\/02\/2023-nouveau-scaled-239x1024.jpg 239w, https:\/\/michaelbarnaart.com\/wp-content\/uploads\/2023\/02\/2023-nouveau-scaled-359x1536.jpg 359w, https:\/\/michaelbarnaart.com\/wp-content\/uploads\/2023\/02\/2023-nouveau-scaled-558x2389.jpg 558w, https:\/\/michaelbarnaart.com\/wp-content\/uploads\/2023\/02\/2023-nouveau-768x3287.jpg 768w, https:\/\/michaelbarnaart.com\/wp-content\/uploads\/2023\/02\/2023-nouveau-806x3450.jpg 806w, https:\/\/michaelbarnaart.com\/wp-content\/uploads\/2023\/02\/2023-nouveau-655x2803.jpg 655w, https:\/\/michaelbarnaart.com\/wp-content\/uploads\/2023\/02\/2023-nouveau-600x2568.jpg 600w\" sizes=\"auto, (max-width: 598px) 100vw, 598px\" \/><\/p>\n","protected":false},"excerpt":{"rendered":"<p>C&#8217;est le 125e anniversaire de la naissance de M.C. Escher (1898-1972). Le Kunstmuseum Den Haag de La Haye et le mus\u00e9e Escher in Het Paleis (tous deux aux Pays-Bas) poss\u00e8dent la plus grande collection d&#8217;Escher au monde et c\u00e9l\u00e8brent cet anniversaire par plusieurs expositions. Pour f\u00eater l&#8217;\u00e9v\u00e9nement, Michael Barnaart a con\u00e7u une petite collection en&hellip;<\/p>\n","protected":false},"featured_media":27779,"template":"","meta":{"_acf_changed":false},"product_brand":[],"product_cat":[1144,1143,1105],"product_tag":[],"class_list":{"0":"post-27778","1":"product","2":"type-product","3":"status-publish","4":"has-post-thumbnail","6":"product_cat-accueil","7":"product_cat-broches","8":"product_cat-tout","10":"first","11":"instock","12":"shipping-taxable","13":"purchasable","14":"product-type-simple","16":"catalog-layout-default","17":"columns-xs-2"},"acf":[],"_links":{"self":[{"href":"https:\/\/michaelbarnaart.com\/fr\/wp-json\/wp\/v2\/product\/27778","targetHints":{"allow":["GET"]}}],"collection":[{"href":"https:\/\/michaelbarnaart.com\/fr\/wp-json\/wp\/v2\/product"}],"about":[{"href":"https:\/\/michaelbarnaart.com\/fr\/wp-json\/wp\/v2\/types\/product"}],"wp:featuredmedia":[{"embeddable":true,"href":"https:\/\/michaelbarnaart.com\/fr\/wp-json\/wp\/v2\/media\/27779"}],"wp:attachment":[{"href":"https:\/\/michaelbarnaart.com\/fr\/wp-json\/wp\/v2\/media?parent=27778"}],"wp:term":[{"taxonomy":"product_brand","embeddable":true,"href":"https:\/\/michaelbarnaart.com\/fr\/wp-json\/wp\/v2\/product_brand?post=27778"},{"taxonomy":"product_cat","embeddable":true,"href":"https:\/\/michaelbarnaart.com\/fr\/wp-json\/wp\/v2\/product_cat?post=27778"},{"taxonomy":"product_tag","embeddable":true,"href":"https:\/\/michaelbarnaart.com\/fr\/wp-json\/wp\/v2\/product_tag?post=27778"}],"curies":[{"name":"wp","href":"https:\/\/api.w.org\/{rel}","templated":true}]}}