{"id":27765,"date":"2022-02-12T13:36:06","date_gmt":"2022-02-12T12:36:06","guid":{"rendered":"https:\/\/michaelbarnaart.com\/product\/le-chardonneret-broche-numerote\/"},"modified":"2024-12-08T23:46:02","modified_gmt":"2024-12-08T22:46:02","slug":"le-chardonneret","status":"publish","type":"product","link":"https:\/\/michaelbarnaart.com\/fr\/produit\/le-chardonneret\/","title":{"rendered":"Le Chardonneret broche (num\u00e9rot\u00e9)"},"content":{"rendered":"<p>En collaboration avec le mus\u00e9e Mauritshuis, Michael Barnaart pr\u00e9sente cette broche exceptionnelle en hommage \u00e0 <em>Le Chardonneret<\/em> (<em>Goldfinch<\/em>), le chef-d&#8217;\u0153uvre de Carel Fabritius. Chaque broche \u00e9maill\u00e9e est grav\u00e9e et num\u00e9rot\u00e9e, ce qui en fait un objet de collection unique. <em>Le Chardonneret<\/em> est accompagn\u00e9 d&#8217;un \u00e9l\u00e9gant \u00e9crin, id\u00e9al \u00e0 offrir en cadeau ou \u00e0 conserver pr\u00e9cieusement.<\/p>\n<p>Des images fortes issues de la haute culture et de la culture populaire jouent un r\u00f4le important dans la conception des broches. La simplification et l&#8217;abstraction des formes permettent de cr\u00e9er une image puissante et embl\u00e9matique. L&#8217;utilisation de couleurs et de compositions g\u00e9om\u00e9triques s&#8217;inscrit dans la tradition du design moderne europ\u00e9en.<\/p>\n<p>Dimensions broche: 56 mm x 56 mm<br \/>\nMat\u00e9riau : m\u00e9tal avec couleurs \u00e9maill\u00e9es<br \/>\nFermeture : magn\u00e9tique<\/p>\n<p>Ne pas utiliser en association avec un stimulateur cardiaque.<\/p>\n<p>La broche du Chardonneret est \u00e9galement disponible au Mauritshuis.<\/p>\n<hr \/>\n<p style=\"text-align: center;\"><img loading=\"lazy\" decoding=\"async\" class=\"alignnone size-full wp-image-20137\" src=\"https:\/\/michaelbarnaart.com\/wp-content\/uploads\/2022\/04\/2022-AprilNouveau2-scaled.jpg\" alt=\"\" width=\"1090\" height=\"2560\" srcset=\"https:\/\/michaelbarnaart.com\/wp-content\/uploads\/2022\/04\/2022-AprilNouveau2-scaled.jpg 1090w, https:\/\/michaelbarnaart.com\/wp-content\/uploads\/2022\/04\/2022-AprilNouveau2-scaled-600x1409.jpg 600w, https:\/\/michaelbarnaart.com\/wp-content\/uploads\/2022\/04\/2022-AprilNouveau2-scaled-128x300.jpg 128w, https:\/\/michaelbarnaart.com\/wp-content\/uploads\/2022\/04\/2022-AprilNouveau2-scaled-436x1024.jpg 436w, https:\/\/michaelbarnaart.com\/wp-content\/uploads\/2022\/04\/2022-AprilNouveau2-scaled-768x1804.jpg 768w, https:\/\/michaelbarnaart.com\/wp-content\/uploads\/2022\/04\/2022-AprilNouveau2-scaled-654x1536.jpg 654w, https:\/\/michaelbarnaart.com\/wp-content\/uploads\/2022\/04\/2022-AprilNouveau2-scaled-872x2048.jpg 872w, https:\/\/michaelbarnaart.com\/wp-content\/uploads\/2022\/04\/2022-AprilNouveau2-scaled-806x1893.jpg 806w, https:\/\/michaelbarnaart.com\/wp-content\/uploads\/2022\/04\/2022-AprilNouveau2-scaled-558x1311.jpg 558w, https:\/\/michaelbarnaart.com\/wp-content\/uploads\/2022\/04\/2022-AprilNouveau2-scaled-655x1538.jpg 655w, https:\/\/michaelbarnaart.com\/wp-content\/uploads\/2022\/04\/2022-AprilNouveau2-1116x2620.jpg 1116w\" sizes=\"auto, (max-width: 1090px) 100vw, 1090px\" \/><\/p>\n<p style=\"text-align: center;\"><img loading=\"lazy\" decoding=\"async\" class=\"alignnone size-full wp-image-20902\" src=\"https:\/\/michaelbarnaart.com\/wp-content\/uploads\/2022\/07\/2022herenhuis2.jpg\" alt=\"\" width=\"1500\" height=\"1052\" srcset=\"https:\/\/michaelbarnaart.com\/wp-content\/uploads\/2022\/07\/2022herenhuis2.jpg 1500w, https:\/\/michaelbarnaart.com\/wp-content\/uploads\/2022\/07\/2022herenhuis2-600x421.jpg 600w, https:\/\/michaelbarnaart.com\/wp-content\/uploads\/2022\/07\/2022herenhuis2-300x210.jpg 300w, https:\/\/michaelbarnaart.com\/wp-content\/uploads\/2022\/07\/2022herenhuis2-1024x718.jpg 1024w, https:\/\/michaelbarnaart.com\/wp-content\/uploads\/2022\/07\/2022herenhuis2-768x539.jpg 768w, https:\/\/michaelbarnaart.com\/wp-content\/uploads\/2022\/07\/2022herenhuis2-468x328.jpg 468w, https:\/\/michaelbarnaart.com\/wp-content\/uploads\/2022\/07\/2022herenhuis2-845x592.jpg 845w, https:\/\/michaelbarnaart.com\/wp-content\/uploads\/2022\/07\/2022herenhuis2-1482x1039.jpg 1482w, https:\/\/michaelbarnaart.com\/wp-content\/uploads\/2022\/07\/2022herenhuis2-1116x783.jpg 1116w, https:\/\/michaelbarnaart.com\/wp-content\/uploads\/2022\/07\/2022herenhuis2-806x565.jpg 806w, https:\/\/michaelbarnaart.com\/wp-content\/uploads\/2022\/07\/2022herenhuis2-558x391.jpg 558w, https:\/\/michaelbarnaart.com\/wp-content\/uploads\/2022\/07\/2022herenhuis2-655x459.jpg 655w\" sizes=\"auto, (max-width: 1500px) 100vw, 1500px\" \/><\/p>\n<p style=\"text-align: center;\"><a href=\"https:\/\/michaelbarnaart.com\/fr\/broches\/\">D\u00e9couvrez les autres broches ici.<\/a><\/p>\n<p style=\"text-align: center;\"><a href=\"https:\/\/www.mauritshuis.nl\/ontdek-collectie\/kunstwerken\/605-het-puttertje\/\" target=\"_blank\" rel=\"noopener\">D\u00e9couvrez le tableau \u00e0 la Mauritshuis.<\/a><\/p>\n","protected":false},"excerpt":{"rendered":"<p>En collaboration avec le mus\u00e9e Mauritshuis, Michael Barnaart pr\u00e9sente cette broche exceptionnelle en hommage \u00e0 Le Chardonneret (Goldfinch), le chef-d&#8217;\u0153uvre de Carel Fabritius. Chaque broche \u00e9maill\u00e9e est grav\u00e9e et num\u00e9rot\u00e9e, ce qui en fait un objet de collection unique. Le Chardonneret est accompagn\u00e9 d&#8217;un \u00e9l\u00e9gant \u00e9crin, id\u00e9al \u00e0 offrir en cadeau ou \u00e0 conserver pr\u00e9cieusement.&hellip;<\/p>\n","protected":false},"featured_media":24871,"template":"","meta":{"_acf_changed":false},"product_brand":[],"product_cat":[1144,1143,1105],"product_tag":[],"class_list":{"0":"post-27765","1":"product","2":"type-product","3":"status-publish","4":"has-post-thumbnail","6":"product_cat-accueil","7":"product_cat-broches","8":"product_cat-tout","10":"first","11":"instock","12":"shipping-taxable","13":"purchasable","14":"product-type-simple","16":"catalog-layout-default","17":"columns-xs-2"},"acf":[],"_links":{"self":[{"href":"https:\/\/michaelbarnaart.com\/fr\/wp-json\/wp\/v2\/product\/27765","targetHints":{"allow":["GET"]}}],"collection":[{"href":"https:\/\/michaelbarnaart.com\/fr\/wp-json\/wp\/v2\/product"}],"about":[{"href":"https:\/\/michaelbarnaart.com\/fr\/wp-json\/wp\/v2\/types\/product"}],"wp:featuredmedia":[{"embeddable":true,"href":"https:\/\/michaelbarnaart.com\/fr\/wp-json\/wp\/v2\/media\/24871"}],"wp:attachment":[{"href":"https:\/\/michaelbarnaart.com\/fr\/wp-json\/wp\/v2\/media?parent=27765"}],"wp:term":[{"taxonomy":"product_brand","embeddable":true,"href":"https:\/\/michaelbarnaart.com\/fr\/wp-json\/wp\/v2\/product_brand?post=27765"},{"taxonomy":"product_cat","embeddable":true,"href":"https:\/\/michaelbarnaart.com\/fr\/wp-json\/wp\/v2\/product_cat?post=27765"},{"taxonomy":"product_tag","embeddable":true,"href":"https:\/\/michaelbarnaart.com\/fr\/wp-json\/wp\/v2\/product_tag?post=27765"}],"curies":[{"name":"wp","href":"https:\/\/api.w.org\/{rel}","templated":true}]}}